{"id":4725,"date":"2024-04-01T11:37:55","date_gmt":"2024-04-01T09:37:55","guid":{"rendered":"https:\/\/dharanastyle.com\/tienda\/sin%20categor\u00eda\/bolsa-de-tela-mosaico-lflor-geometrica-negro-y-dorado-tote-bag-de-tela-resistente\/"},"modified":"2024-04-01T11:39:32","modified_gmt":"2024-04-01T09:39:32","slug":"bolsa-de-tela-mosaico-lflor-geometrica-negro-y-dorado-tote-bag-de-tela-resistente","status":"publish","type":"product","link":"https:\/\/www.dharanastyle.com\/ca\/tienda\/lifestyle\/bolsas\/bolsa-de-tela-mosaico-lflor-geometrica-negro-y-dorado-tote-bag-de-tela-resistente\/","title":{"rendered":"Bossa de tela mosaic lflor geometrica negre i daurat. Tot bag de tela resistent."},"content":{"rendered":"<p>Afegeix un toc d&#039;eleg\u00e0ncia i estil al teu outfit amb la nostra Bossa Tote de Tela Resistent, amb un Encantador Mosaic de Flor Geom\u00e8trica a Tons Daurats i Negre! Aquesta bossa \u00e9s lelecci\u00f3 perfecta per als que busquen combinar funcionalitat i sofisticaci\u00f3 en un disseny \u00fanic.<\/p>\n<p>Fabricada amb tela resistent d\u00b4alta qualitat, la nostra Bossa Tote t\u00b4ofereix la durabilitat que necessites per a les teves activitats di\u00e0ries. El mosaic de flor geom\u00e8trica en tons daurats i negre afegeix un toc de glamour i distinci\u00f3 al teu look, destacant-te amb eleg\u00e0ncia en qualsevol ocasi\u00f3.<\/p>\n<p>Amb un ampli espai interior i pr\u00e0ctiques butxaques, aquesta bossa \u00e9s ideal per portar tot el que necessites de forma organitzada i segura. A m\u00e9s, les nanses c\u00f2modes et permeten portar-la amb facilitat i comoditat durant tot el dia.<\/p>\n<p>Fes una declaraci\u00f3 de moda sofisticada amb la nostra Bossa Tote de Mosaic de Flor Geom\u00e8trica, i porta amb tu el luxe i l&#039;eleg\u00e0ncia all\u00e0 on vagis. No us perdeu aquesta oportunitat de destacar amb estil i distinci\u00f3!<br \/>\nBossa de nanses moderna i espaiosa ideal per portar tot el que necessites.<\/p>\n<p>\u2022 100% poli\u00e8ster filat<br \/>\n\u2022 Dimensions: 38,1 x 38,1 cm (15\u2033 x 15\u2033)<br \/>\n\u2022 Capacitat: 10 L (2,6 US gal)<br \/>\n\u2022 L\u00edmit m\u00e0xim de pes: 20 kg (44 lbs)<br \/>\n\u2022 Nansa doble de 100% cot\u00f3 natural bull denim<br \/>\n\u2022 Llarg de la nansa: 30 cm (11,8\u2033), ample 2,5cm (1\u2033)<br \/>\n\u2022 Les nanses poden variar lleugerament segons el centre on es processin<br \/>\n\u2022 Producte base procedent de la Xina<\/p>","protected":false},"excerpt":{"rendered":"<p>\u00a1A\u00f1ade un toque de elegancia y estilo a tu outfit con nuestra Bolsa Tote de Tela Resistente, con un Encantador Mosaico de Flor Geom\u00e9trica en Tonos Dorados y Negro! Esta&#8230;<\/p>","protected":false},"featured_media":4729,"comment_status":"open","ping_status":"closed","template":"","meta":{"jetpack_post_was_ever_published":false,"jetpack_publicize_message":"","jetpack_publicize_feature_enabled":true,"jetpack_social_post_already_shared":true,"jetpack_social_options":{"image_generator_settings":{"template":"highway","enabled":false},"version":2}},"product_cat":[54,56],"product_tag":[],"class_list":{"0":"post-4725","1":"product","2":"type-product","3":"status-publish","4":"has-post-thumbnail","6":"product_cat-lifestyle","7":"product_cat-bolsas","9":"first","10":"instock","11":"taxable","12":"shipping-taxable","13":"purchasable","14":"product-type-variable"},"jetpack_publicize_connections":[],"aioseo_notices":[],"jetpack_sharing_enabled":true,"_links":{"self":[{"href":"https:\/\/www.dharanastyle.com\/ca\/wp-json\/wp\/v2\/product\/4725","targetHints":{"allow":["GET"]}}],"collection":[{"href":"https:\/\/www.dharanastyle.com\/ca\/wp-json\/wp\/v2\/product"}],"about":[{"href":"https:\/\/www.dharanastyle.com\/ca\/wp-json\/wp\/v2\/types\/product"}],"replies":[{"embeddable":true,"href":"https:\/\/www.dharanastyle.com\/ca\/wp-json\/wp\/v2\/comments?post=4725"}],"wp:featuredmedia":[{"embeddable":true,"href":"https:\/\/www.dharanastyle.com\/ca\/wp-json\/wp\/v2\/media\/4729"}],"wp:attachment":[{"href":"https:\/\/www.dharanastyle.com\/ca\/wp-json\/wp\/v2\/media?parent=4725"}],"wp:term":[{"taxonomy":"product_cat","embeddable":true,"href":"https:\/\/www.dharanastyle.com\/ca\/wp-json\/wp\/v2\/product_cat?post=4725"},{"taxonomy":"product_tag","embeddable":true,"href":"https:\/\/www.dharanastyle.com\/ca\/wp-json\/wp\/v2\/product_tag?post=4725"}],"curies":[{"name":"wp","href":"https:\/\/api.w.org\/{rel}","templated":true}]}}