{"id":4690,"date":"2024-03-31T23:40:47","date_gmt":"2024-03-31T21:40:47","guid":{"rendered":"https:\/\/dharanastyle.com\/tienda\/sin%20categor\u00eda\/leggings-capri-super-elegantes-diseno-mandala-leggings-cintura-baja\/"},"modified":"2024-05-08T09:51:01","modified_gmt":"2024-05-08T07:51:01","slug":"leggings-capri-super-elegantes-diseno-mandala-leggings-cintura-baja","status":"publish","type":"product","link":"https:\/\/www.dharanastyle.com\/ca\/tienda\/leggings\/leggings-capri-cintura-baja\/leggings-capri-super-elegantes-diseno-mandala-leggings-cintura-baja\/","title":{"rendered":"Leggings capri s\u00faper elegants disseny mandala."},"content":{"rendered":"<p>Fes lliscar cap a la comoditat i l&#039;estil amb els nostres leggings capri de cintura baixa! Aquests leggings s\u00f3n la combinaci\u00f3 perfecta de suavitat, confort i eleg\u00e0ncia. Confeccionats amb materials d\u00b4alta qualitat, et brinden una sensaci\u00f3 de suavitat i comoditat durant tot el dia.<\/p>\n<p>El disseny elegant de figures de mandales afegeix un toc de bellesa i harmonia al teu vestit. Amb un color degradat que va des del negre profund fins al gris subtil, aquests leggings capturen l&#039;ess\u00e8ncia de la serenitat i la sofisticaci\u00f3.<\/p>\n<p>Ja sigui que estiguis practicant ioga, corrent o simplement relaxant-te a casa, aquests leggings capri t&#039;ofereixen llibertat de moviment i estil sense esfor\u00e7. Combina&#039;ls amb el teu top favorit i estar\u00e0s a punt per brillar en qualsevol ocasi\u00f3.<\/p>\n<p>Fes una declaraci\u00f3 de moda amb els nostres leggings capri de cintura baixa, i porta amb tu l&#039;eleg\u00e0ncia i la comoditat all\u00e0 on vagis!<br \/>\nLeggings capri molt c\u00f2modes i suaus.<\/p>\n<p>\u2022 82% poli\u00e8ster, 18% elast\u00e0<br \/>\n\u2022 Pes del teixit: 230 g\/m\u00b2 (6,78 oz\/id\u00b2) (El pes podria variar en un 5%)<br \/>\n\u2022 FPU 38-40<br \/>\n\u2022 El material s&#039;estira a les 4 direccions, \u00e9s a dir, la tela s&#039;estira i es recupera als fils de la trama i de l&#039;ordit<br \/>\n\u2022 Elaborada amb fil de microfibra suau i agradable al tacte<br \/>\n\u2022 Tall de precisi\u00f3 i cosit a m\u00e0 despr\u00e9s del proc\u00e9s d&#039;estampaci\u00f3<\/p>","protected":false},"excerpt":{"rendered":"<p>\u00a1Desliza hacia la comodidad y el estilo con nuestros leggings capri de cintura baja! Estos leggings son la combinaci\u00f3n perfecta de suavidad, confort y elegancia. Confeccionados con materiales de alta&#8230;<\/p>","protected":false},"featured_media":8095,"comment_status":"open","ping_status":"closed","template":"","meta":{"jetpack_post_was_ever_published":false,"jetpack_publicize_message":"","jetpack_publicize_feature_enabled":true,"jetpack_social_post_already_shared":true,"jetpack_social_options":{"image_generator_settings":{"template":"highway","enabled":false},"version":2}},"product_cat":[85,179],"product_tag":[114],"class_list":{"0":"post-4690","1":"product","2":"type-product","3":"status-publish","4":"has-post-thumbnail","6":"product_cat-leggings","7":"product_cat-leggings-capri-cintura-baja","8":"product_tag-mandala","10":"first","11":"instock","12":"taxable","13":"shipping-taxable","14":"purchasable","15":"product-type-variable"},"jetpack_publicize_connections":[],"aioseo_notices":[],"jetpack_sharing_enabled":true,"_links":{"self":[{"href":"https:\/\/www.dharanastyle.com\/ca\/wp-json\/wp\/v2\/product\/4690","targetHints":{"allow":["GET"]}}],"collection":[{"href":"https:\/\/www.dharanastyle.com\/ca\/wp-json\/wp\/v2\/product"}],"about":[{"href":"https:\/\/www.dharanastyle.com\/ca\/wp-json\/wp\/v2\/types\/product"}],"replies":[{"embeddable":true,"href":"https:\/\/www.dharanastyle.com\/ca\/wp-json\/wp\/v2\/comments?post=4690"}],"wp:featuredmedia":[{"embeddable":true,"href":"https:\/\/www.dharanastyle.com\/ca\/wp-json\/wp\/v2\/media\/8095"}],"wp:attachment":[{"href":"https:\/\/www.dharanastyle.com\/ca\/wp-json\/wp\/v2\/media?parent=4690"}],"wp:term":[{"taxonomy":"product_cat","embeddable":true,"href":"https:\/\/www.dharanastyle.com\/ca\/wp-json\/wp\/v2\/product_cat?post=4690"},{"taxonomy":"product_tag","embeddable":true,"href":"https:\/\/www.dharanastyle.com\/ca\/wp-json\/wp\/v2\/product_tag?post=4690"}],"curies":[{"name":"wp","href":"https:\/\/api.w.org\/{rel}","templated":true}]}}