{"id":4671,"date":"2024-03-31T23:31:52","date_gmt":"2024-03-31T21:31:52","guid":{"rendered":"https:\/\/dharanastyle.com\/tienda\/sin%20categor\u00eda\/bolsa-de-tela-diseno-geometrico-flor-de-la-vida-tote-bag-de-tela-resistente\/"},"modified":"2024-04-01T09:58:56","modified_gmt":"2024-04-01T07:58:56","slug":"bolsa-de-tela-diseno-geometrico-flor-de-la-vida-tote-bag-de-tela-resistente","status":"publish","type":"product","link":"https:\/\/www.dharanastyle.com\/ca\/tienda\/lifestyle\/bolsas\/bolsa-de-tela-diseno-geometrico-flor-de-la-vida-tote-bag-de-tela-resistente\/","title":{"rendered":"Bossa de roba disseny geom\u00e8tric flor de la vida. Tot bag de tela resistent."},"content":{"rendered":"<p>Expandeix la teva consci\u00e8ncia i estil amb la nostra Borsa Tote amb un Patr\u00f3 Geom\u00e8tric de la Flor de la Vida sobre un Fons Degradat dels Colors dels Chakras! Aquesta borsa \u00e9s una expressi\u00f3 d&#039;harmonia i espiritualitat, afegint-hi un toc d&#039;energia positiva al dia a dia.<\/p>\n<p>Amb un disseny inspirat en la sagrada geometria de la Flor de la Vida, la nostra borsa Tote evoca una sensaci\u00f3 de connexi\u00f3 universal i equilibri. El patr\u00f3 geom\u00e8tric s&#039;entrella\u00e7a harmoniosament sobre un fons degradat que reflecteix els colors associats als txakres, creant una obra d&#039;art visualment impressionant i significativa.<\/p>\n<p>Fabricada amb materials d&#039;alta qualitat, aquesta bossa no nom\u00e9s \u00e9s estilosa, sin\u00f3 tamb\u00e9 duradora i funcional. Ja sigui per a una pr\u00e0ctica de ioga matutina o una sortida de compres conscient, aquesta Borsa Tote ser\u00e0 la teva companya perfecta.<\/p>\n<p>Fes una declaraci\u00f3 de moda conscient i espiritual amb la nostra Borsa Tote de la Flor de la Vida i Fons Degradat dels Colors dels Chakras, i porta amb tu l&#039;energia positiva all\u00e0 on vagis!<br \/>\nBossa de nanses moderna i espaiosa ideal per portar tot el que necessites.<\/p>\n<p>\u2022 100% poli\u00e8ster filat<br \/>\n\u2022 Dimensions: 38,1 x 38,1 cm (15\u2033 x 15\u2033)<br \/>\n\u2022 Capacitat: 10 L (2,6 US gal)<br \/>\n\u2022 L\u00edmit m\u00e0xim de pes: 20 kg (44 lbs)<br \/>\n\u2022 Nansa doble de 100% cot\u00f3 natural bull denim<br \/>\n\u2022 Llarg de la nansa: 30 cm (11,8\u2033), ample 2,5cm (1\u2033)<br \/>\n\u2022 Les nanses poden variar lleugerament segons el centre on es processin<br \/>\n\u2022 Producte base procedent de la Xina<\/p>","protected":false},"excerpt":{"rendered":"<p>\u00a1Expande tu conciencia y estilo con nuestra Bolsa Tote con un Patr\u00f3n Geom\u00e9trico de la Flor de la Vida sobre un Fondo Degradado de los Colores de los Chakras! Esta&#8230;<\/p>","protected":false},"featured_media":4675,"comment_status":"open","ping_status":"closed","template":"","meta":{"jetpack_post_was_ever_published":false,"jetpack_publicize_message":"","jetpack_publicize_feature_enabled":true,"jetpack_social_post_already_shared":true,"jetpack_social_options":{"image_generator_settings":{"template":"highway","enabled":false},"version":2}},"product_cat":[54,56],"product_tag":[124],"class_list":{"0":"post-4671","1":"product","2":"type-product","3":"status-publish","4":"has-post-thumbnail","6":"product_cat-lifestyle","7":"product_cat-bolsas","8":"product_tag-geometrico","10":"first","11":"instock","12":"taxable","13":"shipping-taxable","14":"purchasable","15":"product-type-variable"},"jetpack_publicize_connections":[],"aioseo_notices":[],"jetpack_sharing_enabled":true,"_links":{"self":[{"href":"https:\/\/www.dharanastyle.com\/ca\/wp-json\/wp\/v2\/product\/4671","targetHints":{"allow":["GET"]}}],"collection":[{"href":"https:\/\/www.dharanastyle.com\/ca\/wp-json\/wp\/v2\/product"}],"about":[{"href":"https:\/\/www.dharanastyle.com\/ca\/wp-json\/wp\/v2\/types\/product"}],"replies":[{"embeddable":true,"href":"https:\/\/www.dharanastyle.com\/ca\/wp-json\/wp\/v2\/comments?post=4671"}],"wp:featuredmedia":[{"embeddable":true,"href":"https:\/\/www.dharanastyle.com\/ca\/wp-json\/wp\/v2\/media\/4675"}],"wp:attachment":[{"href":"https:\/\/www.dharanastyle.com\/ca\/wp-json\/wp\/v2\/media?parent=4671"}],"wp:term":[{"taxonomy":"product_cat","embeddable":true,"href":"https:\/\/www.dharanastyle.com\/ca\/wp-json\/wp\/v2\/product_cat?post=4671"},{"taxonomy":"product_tag","embeddable":true,"href":"https:\/\/www.dharanastyle.com\/ca\/wp-json\/wp\/v2\/product_tag?post=4671"}],"curies":[{"name":"wp","href":"https:\/\/api.w.org\/{rel}","templated":true}]}}