{"id":4652,"date":"2024-03-31T23:27:17","date_gmt":"2024-03-31T21:27:17","guid":{"rendered":"https:\/\/dharanastyle.com\/tienda\/sin%20categor\u00eda\/bolsa-de-tela-diseno-camuflaje-tote-bag-de-tela-resistente\/"},"modified":"2024-04-01T09:59:23","modified_gmt":"2024-04-01T07:59:23","slug":"bolsa-de-tela-diseno-camuflaje-tote-bag-de-tela-resistente","status":"publish","type":"product","link":"https:\/\/www.dharanastyle.com\/ca\/tienda\/lifestyle\/bolsas\/bolsa-de-tela-diseno-camuflaje-tote-bag-de-tela-resistente\/","title":{"rendered":"Bossa de roba disseny camuflatge. Tot bag de tela resistent."},"content":{"rendered":"<p>Destaca amb estil t\u00e0ctic i aventurer amb la nostra Bossa Tote de Disseny Camuflatge en Tons Verds i Grisos P\u00e0lids! Aquesta bossa \u00e9s una fusi\u00f3 perfecta de moda i funcionalitat, afegint-hi un toc d&#039;esperit aventurer al teu conjunt.<\/p>\n<p>Amb un disseny inspirat en el camuflatge militar, la nostra Borsa Tote evoca una sensaci\u00f3 de misteri i acci\u00f3. Els tons verds i grisos p\u00e0l\u00b7lids es barregen harmoniosament per crear un patr\u00f3 camuflat que \u00e9s tant cridaner com vers\u00e0til.<\/p>\n<p>Fabricada amb materials d&#039;alta qualitat, aquesta bossa no nom\u00e9s \u00e9s estilosa, sin\u00f3 tamb\u00e9 resistent i duradora. Ja sigui per a un dia d&#039;excursi\u00f3 a la natura o una sortida casual a la ciutat, aquesta Borsa Tote ser\u00e0 la teva companya perfecta.<\/p>\n<p>Fes una declaraci\u00f3 de moda auda\u00e7 amb la nostra Bossa Tote de Disseny Camuflatge en Tons Verds i Grisos P\u00e0lids, i afegeix un toc d&#039;aventura i estil t\u00e0ctic al teu conjunt!<br \/>\nBossa de nanses moderna i espaiosa ideal per portar tot el que necessites.<\/p>\n<p>\u2022 100% poli\u00e8ster filat<br \/>\n\u2022 Dimensions: 38,1 x 38,1 cm (15\u2033 x 15\u2033)<br \/>\n\u2022 Capacitat: 10 L (2,6 US gal)<br \/>\n\u2022 L\u00edmit m\u00e0xim de pes: 20 kg (44 lbs)<br \/>\n\u2022 Nansa doble de 100% cot\u00f3 natural bull denim<br \/>\n\u2022 Llarg de la nansa: 30 cm (11,8\u2033), ample 2,5cm (1\u2033)<br \/>\n\u2022 Les nanses poden variar lleugerament segons el centre on es processin<br \/>\n\u2022 Producte base procedent de la Xina<\/p>","protected":false},"excerpt":{"rendered":"<p>\u00a1Destaca con estilo t\u00e1ctico y aventurero con nuestra Bolsa Tote de Dise\u00f1o Camuflaje en Tonos Verdes y Grises P\u00e1lidos! Esta bolsa es una fusi\u00f3n perfecta de moda y funcionalidad, a\u00f1adiendo&#8230;<\/p>","protected":false},"featured_media":4656,"comment_status":"open","ping_status":"closed","template":"","meta":{"jetpack_post_was_ever_published":false,"jetpack_publicize_message":"","jetpack_publicize_feature_enabled":true,"jetpack_social_post_already_shared":true,"jetpack_social_options":{"image_generator_settings":{"template":"highway","enabled":false},"version":2}},"product_cat":[54,56],"product_tag":[169],"class_list":{"0":"post-4652","1":"product","2":"type-product","3":"status-publish","4":"has-post-thumbnail","6":"product_cat-lifestyle","7":"product_cat-bolsas","8":"product_tag-camuflaje","10":"first","11":"instock","12":"taxable","13":"shipping-taxable","14":"purchasable","15":"product-type-variable"},"jetpack_publicize_connections":[],"aioseo_notices":[],"jetpack_sharing_enabled":true,"_links":{"self":[{"href":"https:\/\/www.dharanastyle.com\/ca\/wp-json\/wp\/v2\/product\/4652","targetHints":{"allow":["GET"]}}],"collection":[{"href":"https:\/\/www.dharanastyle.com\/ca\/wp-json\/wp\/v2\/product"}],"about":[{"href":"https:\/\/www.dharanastyle.com\/ca\/wp-json\/wp\/v2\/types\/product"}],"replies":[{"embeddable":true,"href":"https:\/\/www.dharanastyle.com\/ca\/wp-json\/wp\/v2\/comments?post=4652"}],"wp:featuredmedia":[{"embeddable":true,"href":"https:\/\/www.dharanastyle.com\/ca\/wp-json\/wp\/v2\/media\/4656"}],"wp:attachment":[{"href":"https:\/\/www.dharanastyle.com\/ca\/wp-json\/wp\/v2\/media?parent=4652"}],"wp:term":[{"taxonomy":"product_cat","embeddable":true,"href":"https:\/\/www.dharanastyle.com\/ca\/wp-json\/wp\/v2\/product_cat?post=4652"},{"taxonomy":"product_tag","embeddable":true,"href":"https:\/\/www.dharanastyle.com\/ca\/wp-json\/wp\/v2\/product_tag?post=4652"}],"curies":[{"name":"wp","href":"https:\/\/api.w.org\/{rel}","templated":true}]}}