{"id":4595,"date":"2024-03-31T23:11:35","date_gmt":"2024-03-31T21:11:35","guid":{"rendered":"https:\/\/dharanastyle.com\/tienda\/sin%20categor\u00eda\/bolsa-de-tela-diseno-liquido-fluido-azul-tote-bag-de-tela-resistente\/"},"modified":"2024-04-01T10:02:08","modified_gmt":"2024-04-01T08:02:08","slug":"bolsa-de-tela-diseno-liquido-fluido-azul-tote-bag-de-tela-resistente","status":"publish","type":"product","link":"https:\/\/www.dharanastyle.com\/ca\/tienda\/lifestyle\/bolsas\/bolsa-de-tela-diseno-liquido-fluido-azul-tote-bag-de-tela-resistente\/","title":{"rendered":"Bossa de roba disseny l\u00edquid fluid blau. Tot bag de tela resistent."},"content":{"rendered":"<p>Afegeix un toc de frescor i eleg\u00e0ncia al teu outfit amb la nostra Bossa Tote Blau de Disseny Imitaci\u00f3 de L\u00edquid Fluid! Aquesta bossa \u00e9s una expressi\u00f3 de dinamisme i estil, afegint un toc de sofisticaci\u00f3 al teu look diari.<\/p>\n<p>Amb un disseny que imita la flu\u00efdesa del l\u00edquid, la nostra Borsa Tote Blava evoca una sensaci\u00f3 de moviment i serenitat. El color blau vibrant afegeix un toc de frescor i tranquil\u00b7litat al disseny, creant un punt focal cridaner i visualment atractiu.<\/p>\n<p>Fabricada amb materials d&#039;alta qualitat, aquesta bossa no nom\u00e9s \u00e9s estilosa, sin\u00f3 tamb\u00e9 duradora i funcional.<\/p>\n<p>Fes una declaraci\u00f3 de moda auda\u00e7 amb la nostra Bossa Tote Blau de Disseny Imitaci\u00f3 de L\u00edquid Fluid, i afegeix un toc de vitalitat i eleg\u00e0ncia al teu estil!<br \/>\nBossa de nanses moderna i espaiosa ideal per portar tot el que necessites.<\/p>\n<p>\u2022 100% poli\u00e8ster filat<br \/>\n\u2022 Dimensions: 38,1 x 38,1 cm (15\u2033 x 15\u2033)<br \/>\n\u2022 Capacitat: 10 L (2,6 US gal)<br \/>\n\u2022 L\u00edmit m\u00e0xim de pes: 20 kg (44 lbs)<br \/>\n\u2022 Nansa doble de 100% cot\u00f3 natural bull denim<br \/>\n\u2022 Llarg de la nansa: 30 cm (11,8\u2033), ample 2,5cm (1\u2033)<br \/>\n\u2022 Les nanses poden variar lleugerament segons el centre on es processin<br \/>\n\u2022 Producte base procedent de la Xina<\/p>","protected":false},"excerpt":{"rendered":"<p>\u00a1A\u00f1ade un toque de frescura y elegancia a tu outfit con nuestra Bolsa Tote Azul de Dise\u00f1o Imitaci\u00f3n de L\u00edquido Fluido! Esta bolsa es una expresi\u00f3n de dinamismo y estilo,&#8230;<\/p>","protected":false},"featured_media":4599,"comment_status":"open","ping_status":"closed","template":"","meta":{"jetpack_post_was_ever_published":false,"jetpack_publicize_message":"","jetpack_publicize_feature_enabled":true,"jetpack_social_post_already_shared":true,"jetpack_social_options":{"image_generator_settings":{"template":"highway","enabled":false},"version":2}},"product_cat":[54,56],"product_tag":[172],"class_list":{"0":"post-4595","1":"product","2":"type-product","3":"status-publish","4":"has-post-thumbnail","6":"product_cat-lifestyle","7":"product_cat-bolsas","8":"product_tag-aguas","10":"first","11":"instock","12":"taxable","13":"shipping-taxable","14":"purchasable","15":"product-type-variable"},"jetpack_publicize_connections":[],"aioseo_notices":[],"jetpack_sharing_enabled":true,"_links":{"self":[{"href":"https:\/\/www.dharanastyle.com\/ca\/wp-json\/wp\/v2\/product\/4595","targetHints":{"allow":["GET"]}}],"collection":[{"href":"https:\/\/www.dharanastyle.com\/ca\/wp-json\/wp\/v2\/product"}],"about":[{"href":"https:\/\/www.dharanastyle.com\/ca\/wp-json\/wp\/v2\/types\/product"}],"replies":[{"embeddable":true,"href":"https:\/\/www.dharanastyle.com\/ca\/wp-json\/wp\/v2\/comments?post=4595"}],"wp:featuredmedia":[{"embeddable":true,"href":"https:\/\/www.dharanastyle.com\/ca\/wp-json\/wp\/v2\/media\/4599"}],"wp:attachment":[{"href":"https:\/\/www.dharanastyle.com\/ca\/wp-json\/wp\/v2\/media?parent=4595"}],"wp:term":[{"taxonomy":"product_cat","embeddable":true,"href":"https:\/\/www.dharanastyle.com\/ca\/wp-json\/wp\/v2\/product_cat?post=4595"},{"taxonomy":"product_tag","embeddable":true,"href":"https:\/\/www.dharanastyle.com\/ca\/wp-json\/wp\/v2\/product_tag?post=4595"}],"curies":[{"name":"wp","href":"https:\/\/api.w.org\/{rel}","templated":true}]}}