{"id":4559,"date":"2024-03-31T22:49:21","date_gmt":"2024-03-31T20:49:21","guid":{"rendered":"https:\/\/dharanastyle.com\/tienda\/sin%20categor\u00eda\/bolsa-de-tela-diseno-celestial-azul-tote-bag-de-tela-resistente\/"},"modified":"2024-04-01T10:02:36","modified_gmt":"2024-04-01T08:02:36","slug":"bolsa-de-tela-diseno-celestial-azul-tote-bag-de-tela-resistente","status":"publish","type":"product","link":"https:\/\/www.dharanastyle.com\/ca\/tienda\/lifestyle\/bolsas\/bolsa-de-tela-diseno-celestial-azul-tote-bag-de-tela-resistente\/","title":{"rendered":"Bossa de roba disseny celestial blau. Tot bag de tela resistent."},"content":{"rendered":"<p>Deixa&#039;t portar per la m\u00e0gia del cel amb la nostra Bossa Tote Celestial Blau! Aquesta borsa \u00e9s m\u00e9s que un accessori de moda; \u00e9s un portal cap a la bellesa i el misteri de l&#039;univers.<\/p>\n<p>Amb un disseny celestial que recrea la majestuositat del cel blau, la nostra Borsa Tote us transportar\u00e0 a un m\u00f3n de somni. El forat del cel al centre del disseny et convida a explorar all\u00f2 desconegut, creant una sensaci\u00f3 d&#039;aventura i sorpresa.<\/p>\n<p>Fabricada amb materials d&#039;alta qualitat, aquesta bossa no nom\u00e9s \u00e9s estilosa, sin\u00f3 tamb\u00e9 resistent i duradora. Ja sigui per a un dia de p\u00edcnic al parc o una escapada nocturna sota les estrelles, aquesta Borsa Tote ser\u00e0 la teva companya perfecta.<\/p>\n<p>Fes una declaraci\u00f3 d&#039;estil celestial amb la nostra Borsa Tote Blava, i deixa&#039;t portar per la m\u00e0gia de l&#039;univers all\u00e0 on vagis!<br \/>\nBossa de nanses moderna i espaiosa ideal per portar tot el que necessites.<\/p>\n<p>\u2022 100% poli\u00e8ster filat<br \/>\n\u2022 Dimensions: 38,1 x 38,1 cm (15\u2033 x 15\u2033)<br \/>\n\u2022 Capacitat: 10 L (2,6 US gal)<br \/>\n\u2022 L\u00edmit m\u00e0xim de pes: 20 kg (44 lbs)<br \/>\n\u2022 Nansa doble de 100% cot\u00f3 natural bull denim<br \/>\n\u2022 Llarg de la nansa: 30 cm (11,8\u2033), ample 2,5cm (1\u2033)<br \/>\n\u2022 Les nanses poden variar lleugerament segons el centre on es processin<br \/>\n\u2022 Producte base procedent de la Xina<\/p>","protected":false},"excerpt":{"rendered":"<p>\u00a1D\u00e9jate llevar por la magia del cielo con nuestra Bolsa Tote Celestial Azul! Esta bolsa es m\u00e1s que un accesorio de moda, es un portal hacia la belleza y el&#8230;<\/p>","protected":false},"featured_media":4563,"comment_status":"open","ping_status":"closed","template":"","meta":{"jetpack_post_was_ever_published":false,"jetpack_publicize_message":"","jetpack_publicize_feature_enabled":true,"jetpack_social_post_already_shared":true,"jetpack_social_options":{"image_generator_settings":{"template":"highway","enabled":false},"version":2}},"product_cat":[54,56],"product_tag":[172,163,130],"class_list":{"0":"post-4559","1":"product","2":"type-product","3":"status-publish","4":"has-post-thumbnail","6":"product_cat-lifestyle","7":"product_cat-bolsas","8":"product_tag-aguas","9":"product_tag-celestial","10":"product_tag-cosmos","12":"first","13":"instock","14":"taxable","15":"shipping-taxable","16":"purchasable","17":"product-type-variable"},"jetpack_publicize_connections":[],"aioseo_notices":[],"jetpack_sharing_enabled":true,"_links":{"self":[{"href":"https:\/\/www.dharanastyle.com\/ca\/wp-json\/wp\/v2\/product\/4559","targetHints":{"allow":["GET"]}}],"collection":[{"href":"https:\/\/www.dharanastyle.com\/ca\/wp-json\/wp\/v2\/product"}],"about":[{"href":"https:\/\/www.dharanastyle.com\/ca\/wp-json\/wp\/v2\/types\/product"}],"replies":[{"embeddable":true,"href":"https:\/\/www.dharanastyle.com\/ca\/wp-json\/wp\/v2\/comments?post=4559"}],"wp:featuredmedia":[{"embeddable":true,"href":"https:\/\/www.dharanastyle.com\/ca\/wp-json\/wp\/v2\/media\/4563"}],"wp:attachment":[{"href":"https:\/\/www.dharanastyle.com\/ca\/wp-json\/wp\/v2\/media?parent=4559"}],"wp:term":[{"taxonomy":"product_cat","embeddable":true,"href":"https:\/\/www.dharanastyle.com\/ca\/wp-json\/wp\/v2\/product_cat?post=4559"},{"taxonomy":"product_tag","embeddable":true,"href":"https:\/\/www.dharanastyle.com\/ca\/wp-json\/wp\/v2\/product_tag?post=4559"}],"curies":[{"name":"wp","href":"https:\/\/api.w.org\/{rel}","templated":true}]}}