{"id":4486,"date":"2024-03-31T22:32:50","date_gmt":"2024-03-31T20:32:50","guid":{"rendered":"https:\/\/dharanastyle.com\/tienda\/sin%20categor\u00eda\/bolsa-de-tela-imitacion-textura-de-ropa-con-flor-tote-bag-de-tela-resistente\/"},"modified":"2024-03-31T23:06:42","modified_gmt":"2024-03-31T21:06:42","slug":"bolsa-de-tela-imitacion-textura-de-ropa-con-flor-tote-bag-de-tela-resistente","status":"publish","type":"product","link":"https:\/\/www.dharanastyle.com\/ca\/tienda\/lifestyle\/bolsas\/bolsa-de-tela-imitacion-textura-de-ropa-con-flor-tote-bag-de-tela-resistente\/","title":{"rendered":"Bossa de roba imitaci\u00f3 textura de roba amb flor. Tot bag de tela resistent."},"content":{"rendered":"<p>Enlluerna amb eleg\u00e0ncia i estil amb la nostra Bossa Tote de Disseny Texturitzat que Imita Roba, amb una Forma de P\u00e8tals de Flor al Centre i una Paleta de Colors Blaus, Grocs i Terra! Aquesta bossa \u00e9s una obra d&#039;art en si mateixa, afegint-hi un toc de bellesa natural al teu look diari.<br \/>\nAmb una textura que imita la suavitat i l&#039;eleg\u00e0ncia de la tela, la nostra Bossa Tote es destaca pel disseny \u00fanic. La forma de p\u00e8tals de flor al centre crea un punt focal delicat i visualment atractiu, mentre que els tons blaus, grocs i terra afegeixen una sensaci\u00f3 de calidesa i harmonia al conjunt.<br \/>\nFabricada amb materials d&#039;alta qualitat, aquesta bossa no nom\u00e9s \u00e9s estilosa, sin\u00f3 tamb\u00e9 resistent i funcional. Ja sigui per a un dia de feina o una escapada de cap de setmana, aquesta Borsa Tote ser\u00e0 la teva companya perfecta.<br \/>\nFes una declaraci\u00f3 de moda inspirada en la natura amb la nostra Bossa Tote de Disseny Texturitzat i Forma de P\u00e8tals de Flor al Centre, i afegeix un toc de frescor i eleg\u00e0ncia al teu estil!<br \/>\nBossa de nanses moderna i espaiosa ideal per portar tot el que necessites.<br \/>\n\u2022 100% poli\u00e8ster filat<br \/>\n\u2022 Dimensions: 38,1 x 38,1 cm (15\u2033 x 15\u2033)<br \/>\n\u2022 Capacitat: 10 L (2,6 US gal)<br \/>\n\u2022 L\u00edmit m\u00e0xim de pes: 20 kg (44 lbs)<br \/>\n\u2022 Nansa doble de 100% cot\u00f3 natural bull denim<br \/>\n\u2022 Llarg de la nansa: 30 cm (11,8\u2033), ample 2,5cm (1\u2033)<br \/>\n\u2022 Les nanses poden variar lleugerament segons el centre on es processin<br \/>\n\u2022 Producte base procedent de la Xina<\/p>","protected":false},"excerpt":{"rendered":"<p>\u00a1Deslumbra con elegancia y estilo con nuestra Bolsa Tote de Dise\u00f1o Texturizado que Imita Ropa, con una Forma de P\u00e9talos de Flor en el Centro y una Paleta de Colores&#8230;<\/p>","protected":false},"featured_media":4490,"comment_status":"open","ping_status":"closed","template":"","meta":{"jetpack_post_was_ever_published":false,"jetpack_publicize_message":"","jetpack_publicize_feature_enabled":true,"jetpack_social_post_already_shared":true,"jetpack_social_options":{"image_generator_settings":{"template":"highway","enabled":false},"version":2}},"product_cat":[54,56],"product_tag":[116,166,117],"class_list":{"0":"post-4486","1":"product","2":"type-product","3":"status-publish","4":"has-post-thumbnail","6":"product_cat-lifestyle","7":"product_cat-bolsas","8":"product_tag-retro","9":"product_tag-textura","10":"product_tag-vintage","12":"first","13":"instock","14":"taxable","15":"shipping-taxable","16":"purchasable","17":"product-type-variable"},"jetpack_publicize_connections":[],"aioseo_notices":[],"jetpack_sharing_enabled":true,"_links":{"self":[{"href":"https:\/\/www.dharanastyle.com\/ca\/wp-json\/wp\/v2\/product\/4486","targetHints":{"allow":["GET"]}}],"collection":[{"href":"https:\/\/www.dharanastyle.com\/ca\/wp-json\/wp\/v2\/product"}],"about":[{"href":"https:\/\/www.dharanastyle.com\/ca\/wp-json\/wp\/v2\/types\/product"}],"replies":[{"embeddable":true,"href":"https:\/\/www.dharanastyle.com\/ca\/wp-json\/wp\/v2\/comments?post=4486"}],"wp:featuredmedia":[{"embeddable":true,"href":"https:\/\/www.dharanastyle.com\/ca\/wp-json\/wp\/v2\/media\/4490"}],"wp:attachment":[{"href":"https:\/\/www.dharanastyle.com\/ca\/wp-json\/wp\/v2\/media?parent=4486"}],"wp:term":[{"taxonomy":"product_cat","embeddable":true,"href":"https:\/\/www.dharanastyle.com\/ca\/wp-json\/wp\/v2\/product_cat?post=4486"},{"taxonomy":"product_tag","embeddable":true,"href":"https:\/\/www.dharanastyle.com\/ca\/wp-json\/wp\/v2\/product_tag?post=4486"}],"curies":[{"name":"wp","href":"https:\/\/api.w.org\/{rel}","templated":true}]}}