{"id":4354,"date":"2024-03-31T00:39:38","date_gmt":"2024-03-30T23:39:38","guid":{"rendered":"https:\/\/dharanastyle.com\/tienda\/sin%20categor\u00eda\/bolsa-de-tela-diseno-mandala-flor-azul-tote-bag-de-tela-resistente\/"},"modified":"2024-03-31T16:25:29","modified_gmt":"2024-03-31T14:25:29","slug":"bolsa-de-tela-diseno-mandala-flor-azul-tote-bag-de-tela-resistente","status":"publish","type":"product","link":"https:\/\/www.dharanastyle.com\/ca\/tienda\/lifestyle\/bolsas\/bolsa-de-tela-diseno-mandala-flor-azul-tote-bag-de-tela-resistente\/","title":{"rendered":"Bossa de roba disseny mandala flor blau. Tot bag de tela resistent"},"content":{"rendered":"<p>\u00a1\u00a1 Fes brillar el teu estil amb la nostra elegant Bossa Tote Negra amb Mandala Flor a un Blau Brillant i Il\u00b7luminador al Centre! Aquesta bossa \u00e9s m\u00e9s que un accessori de moda, \u00e9s una declaraci\u00f3 d&#039;estil i sofisticaci\u00f3 que no passar\u00e0 desapercebuda.<\/p>\n<p>Al centre de la borsa, un mandala flor en un blau brillant i il\u00b7luminador irradia eleg\u00e0ncia i serenitat. Aquest disseny captivador no nom\u00e9s afegeix un toc de bellesa al teu outfit, sin\u00f3 que tamb\u00e9 et convida a connectar-te amb el teu jo interior i trobar la calma enmig del tr\u00e0fec diari.<\/p>\n<p>Fabricada amb materials d&#039;alta qualitat i amb un disseny acuradament elaborat, aquesta bossa no \u00e9s nom\u00e9s estilosa, sin\u00f3 tamb\u00e9 pr\u00e0ctica i duradora. Ja sigui per a un dia de feina o una sortida amb amics, aquesta Borsa Tote ser\u00e0 la teva companya ideal.<\/p>\n<p>\u00a1\u00a1 Fes una declaraci\u00f3 d&#039;estil i pau interior amb la nostra Bossa Tote Negra amb Mandala Flor en un Blau Brillant i Il\u00b7luminador, i porta amb tu la bellesa i l&#039;harmonia all\u00e0 on vagis!<\/p>\n<p>Bossa de nanses moderna i espaiosa ideal per portar tot el que necessites.<\/p>\n<p>\u2022 100% poli\u00e8ster filat<br \/>\n\u2022 Dimensions: 38,1 x 38,1 cm (15\u2033 x 15\u2033)<br \/>\n\u2022 Capacitat: 10 L (2,6 US gal)<br \/>\n\u2022 L\u00edmit m\u00e0xim de pes: 20 kg (44 lbs)<br \/>\n\u2022 Nansa doble de 100% cot\u00f3 natural bull denim<br \/>\n\u2022 Llarg de la nansa: 30 cm (11,8\u2033), ample 2,5cm (1\u2033)<br \/>\n\u2022 Les nanses poden variar lleugerament segons el centre on es processin<br \/>\n\u2022 Producte base procedent de la Xina<\/p>","protected":false},"excerpt":{"rendered":"<p>\u00a1Haz brillar tu estilo con nuestra elegante Bolsa Tote Negra con Mandala Flor en un Azul Brillante y Iluminador en el Centro! Esta bolsa es m\u00e1s que un accesorio de&#8230;<\/p>","protected":false},"featured_media":4358,"comment_status":"open","ping_status":"closed","template":"","meta":{"jetpack_post_was_ever_published":false,"jetpack_publicize_message":"","jetpack_publicize_feature_enabled":true,"jetpack_social_post_already_shared":true,"jetpack_social_options":{"image_generator_settings":{"template":"highway","enabled":false},"version":2}},"product_cat":[54,56],"product_tag":[119,114],"class_list":{"0":"post-4354","1":"product","2":"type-product","3":"status-publish","4":"has-post-thumbnail","6":"product_cat-lifestyle","7":"product_cat-bolsas","8":"product_tag-floral","9":"product_tag-mandala","11":"first","12":"instock","13":"taxable","14":"shipping-taxable","15":"purchasable","16":"product-type-variable"},"jetpack_publicize_connections":[],"aioseo_notices":[],"jetpack_sharing_enabled":true,"_links":{"self":[{"href":"https:\/\/www.dharanastyle.com\/ca\/wp-json\/wp\/v2\/product\/4354","targetHints":{"allow":["GET"]}}],"collection":[{"href":"https:\/\/www.dharanastyle.com\/ca\/wp-json\/wp\/v2\/product"}],"about":[{"href":"https:\/\/www.dharanastyle.com\/ca\/wp-json\/wp\/v2\/types\/product"}],"replies":[{"embeddable":true,"href":"https:\/\/www.dharanastyle.com\/ca\/wp-json\/wp\/v2\/comments?post=4354"}],"wp:featuredmedia":[{"embeddable":true,"href":"https:\/\/www.dharanastyle.com\/ca\/wp-json\/wp\/v2\/media\/4358"}],"wp:attachment":[{"href":"https:\/\/www.dharanastyle.com\/ca\/wp-json\/wp\/v2\/media?parent=4354"}],"wp:term":[{"taxonomy":"product_cat","embeddable":true,"href":"https:\/\/www.dharanastyle.com\/ca\/wp-json\/wp\/v2\/product_cat?post=4354"},{"taxonomy":"product_tag","embeddable":true,"href":"https:\/\/www.dharanastyle.com\/ca\/wp-json\/wp\/v2\/product_tag?post=4354"}],"curies":[{"name":"wp","href":"https:\/\/api.w.org\/{rel}","templated":true}]}}