{"id":4337,"date":"2024-03-31T00:35:08","date_gmt":"2024-03-30T23:35:08","guid":{"rendered":"https:\/\/dharanastyle.com\/tienda\/sin%20categor\u00eda\/bolsa-de-tela-7-chakras-tote-bag-de-tela-resistente\/"},"modified":"2024-04-29T09:14:25","modified_gmt":"2024-04-29T07:14:25","slug":"bolsa-de-tela-7-chakras-tote-bag-de-tela-resistente","status":"publish","type":"product","link":"https:\/\/www.dharanastyle.com\/ca\/tienda\/lifestyle\/bolsas\/bolsa-de-tela-7-chakras-tote-bag-de-tela-resistente\/","title":{"rendered":"Bossa de roba 7 txakres. Tot bag de tela resistent."},"content":{"rendered":"<p>Eleva el teu estil espiritual amb la nostra Bossa Tote Negra amb Mandala i els 7 Chakras! Aquesta bossa \u00e9s m\u00e9s que un accessori de moda, \u00e9s una expressi\u00f3 de la vostra connexi\u00f3 amb l&#039;univers i la vostra recerca d&#039;equilibri interior.<\/p>\n<p>El disseny fosc de la bossa presenta una mandala misteriosa i els 7 txakres en un lateral vertical, cadascun representat pel seu color respectiu. Aquesta representaci\u00f3 simb\u00f2lica no sols afegeix un toc de misticisme al teu look, sin\u00f3 que tamb\u00e9 et recorda la import\u00e0ncia de mantenir l&#039;harmonia a la teva vida.<\/p>\n<p>Fabricada amb materials d&#039;alta qualitat, aquesta bossa no \u00e9s nom\u00e9s elegant, sin\u00f3 tamb\u00e9 resistent i duradora. Ja sigui per portar les teves pertinences di\u00e0ries o com a companya a les teves pr\u00e0ctiques espirituals, aquesta Borsa Tote ser\u00e0 la teva aliada fidel.<\/p>\n<p>Fes una declaraci\u00f3 d&#039;estil i espiritualitat amb la nostra Borsa Tote Negra amb Mandala i els 7 Chakras, i porta amb tu l&#039;energia positiva i l&#039;equilibri all\u00e0 on vagis!<br \/>\nBossa de nanses moderna i espaiosa ideal per portar tot el que necessites.<\/p>\n<p>\u2022 100% poli\u00e8ster filat<br \/>\n\u2022 Dimensions: 38,1 x 38,1 cm (15\u2033 x 15\u2033)<br \/>\n\u2022 Capacitat: 10 L (2,6 US gal)<br \/>\n\u2022 L\u00edmit m\u00e0xim de pes: 20 kg (44 lbs)<br \/>\n\u2022 Nansa doble de 100% cot\u00f3 natural bull denim<br \/>\n\u2022 Llarg de la nansa: 30 cm (11,8\u2033), ample 2,5cm (1\u2033)<br \/>\n\u2022 Les nanses poden variar lleugerament segons el centre on es processin<br \/>\n\u2022 Producte base procedent de la Xina<\/p>","protected":false},"excerpt":{"rendered":"<p>\u00a1Eleva tu estilo espiritual con nuestra Bolsa Tote Negra con Mandala y los 7 Chakras! Esta bolsa es m\u00e1s que un accesorio de moda, es una expresi\u00f3n de tu conexi\u00f3n&#8230;<\/p>","protected":false},"featured_media":4341,"comment_status":"open","ping_status":"closed","template":"","meta":{"jetpack_post_was_ever_published":false,"jetpack_publicize_message":"","jetpack_publicize_feature_enabled":true,"jetpack_social_post_already_shared":true,"jetpack_social_options":{"image_generator_settings":{"template":"highway","enabled":false},"version":2}},"product_cat":[54,56],"product_tag":[118],"class_list":{"0":"post-4337","1":"product","2":"type-product","3":"status-publish","4":"has-post-thumbnail","6":"product_cat-lifestyle","7":"product_cat-bolsas","8":"product_tag-chakras","10":"first","11":"instock","12":"taxable","13":"shipping-taxable","14":"purchasable","15":"product-type-variable"},"jetpack_publicize_connections":[],"aioseo_notices":[],"jetpack_sharing_enabled":true,"_links":{"self":[{"href":"https:\/\/www.dharanastyle.com\/ca\/wp-json\/wp\/v2\/product\/4337","targetHints":{"allow":["GET"]}}],"collection":[{"href":"https:\/\/www.dharanastyle.com\/ca\/wp-json\/wp\/v2\/product"}],"about":[{"href":"https:\/\/www.dharanastyle.com\/ca\/wp-json\/wp\/v2\/types\/product"}],"replies":[{"embeddable":true,"href":"https:\/\/www.dharanastyle.com\/ca\/wp-json\/wp\/v2\/comments?post=4337"}],"wp:featuredmedia":[{"embeddable":true,"href":"https:\/\/www.dharanastyle.com\/ca\/wp-json\/wp\/v2\/media\/4341"}],"wp:attachment":[{"href":"https:\/\/www.dharanastyle.com\/ca\/wp-json\/wp\/v2\/media?parent=4337"}],"wp:term":[{"taxonomy":"product_cat","embeddable":true,"href":"https:\/\/www.dharanastyle.com\/ca\/wp-json\/wp\/v2\/product_cat?post=4337"},{"taxonomy":"product_tag","embeddable":true,"href":"https:\/\/www.dharanastyle.com\/ca\/wp-json\/wp\/v2\/product_tag?post=4337"}],"curies":[{"name":"wp","href":"https:\/\/api.w.org\/{rel}","templated":true}]}}