{"id":4302,"date":"2024-03-31T00:26:49","date_gmt":"2024-03-30T23:26:49","guid":{"rendered":"https:\/\/dharanastyle.com\/tienda\/sin%20categor\u00eda\/bolsa-de-tela-coleccion-vintage-bicicleta-tote-bag-de-tela-resistente\/"},"modified":"2024-07-28T23:38:34","modified_gmt":"2024-07-28T21:38:34","slug":"bolsa-de-tela-coleccion-vintage-bicicleta-tote-bag-de-tela-resistente","status":"publish","type":"product","link":"https:\/\/www.dharanastyle.com\/ca\/tienda\/lifestyle\/bolsas\/bolsa-de-tela-coleccion-vintage-bicicleta-tote-bag-de-tela-resistente\/","title":{"rendered":"Bossa de roba col\u00b7lecci\u00f3 vintage bicicleta. Tot bag de tela resistent."},"content":{"rendered":"<p>\u00a1\u00a1 Recorre el cam\u00ed de l&#039;estil vintage amb la nostra Bossa de roba amb Fons de L\u00ednies a Tons Taronja, Groc i Blau, i un Encantador Dibuix de Bicicleta Vintage Retro al Centre! Aquesta borsa \u00e9s un homenatge a l&#039;eleg\u00e0ncia atemporal de les d\u00e8cades passades, combinant un disseny retro amb un toc original.<\/p>\n<p>Les l\u00ednies en tons taronja, groc i blau creen un fons din\u00e0mic i vibrant que afegeix un aire nost\u00e0lgic al teu look. Al centre de la borsa, una bicicleta vintage retro evoca la sensaci\u00f3 de llibertat i aventura dels dies passats, afegint un encant \u00fanic a la pe\u00e7a.<\/p>\n<p>Fabricada amb materials d&#039;alta qualitat i amb un disseny acuradament elaborat, aquesta bossa no \u00e9s nom\u00e9s un accessori de moda, sin\u00f3 tamb\u00e9 una pe\u00e7a funcional i duradora que t&#039;acompanyar\u00e0 en totes les teves aventures di\u00e0ries. Ja sigui per a un dia d&#039;exploraci\u00f3 a la ciutat o una escapada de cap de setmana, aquesta Borsa Tote Vintage ser\u00e0 la teva companya perfecta.<\/p>\n<p>Fes una declaraci\u00f3 d&#039;estil amb la nostra Bossa de roba amb Fons de L\u00ednies i Dibuix de Bicicleta Vintage Retro, i afegeix un toc d&#039;encant nost\u00e0lgic al teu outfit!<br \/>\nBossa de nanses moderna i espaiosa ideal per portar tot el que necessites.<\/p>\n<p>\u2022 100% poli\u00e8ster filat<br \/>\n\u2022 Dimensions: 38,1 x 38,1 cm (15\u2033 x 15\u2033)<br \/>\n\u2022 Capacitat: 10 L (2,6 US gal)<br \/>\n\u2022 L\u00edmit m\u00e0xim de pes: 20 kg (44 lbs)<br \/>\n\u2022 Nansa doble de 100% cot\u00f3 natural bull denim<br \/>\n\u2022 Llarg de la nansa: 30 cm (11,8\u2033), ample 2,5cm (1\u2033)<\/p>","protected":false},"excerpt":{"rendered":"<p>\u00a1Recorre el camino del estilo vintage con nuestra Bolsa de tela con Fondo de L\u00edneas en Tonos Naranja, Amarillo y Azul, y un Encantador Dibujo de Bicicleta Vintage Retro en&#8230;<\/p>","protected":false},"featured_media":4306,"comment_status":"open","ping_status":"closed","template":"","meta":{"jetpack_post_was_ever_published":false,"jetpack_publicize_message":"","jetpack_publicize_feature_enabled":true,"jetpack_social_post_already_shared":true,"jetpack_social_options":{"image_generator_settings":{"template":"highway","enabled":false},"version":2}},"product_cat":[54,56],"product_tag":[120,164,116,117],"class_list":{"0":"post-4302","1":"product","2":"type-product","3":"status-publish","4":"has-post-thumbnail","6":"product_cat-lifestyle","7":"product_cat-bolsas","8":"product_tag-colorido","9":"product_tag-ilustracion","10":"product_tag-retro","11":"product_tag-vintage","13":"first","14":"instock","15":"taxable","16":"shipping-taxable","17":"purchasable","18":"product-type-variable"},"jetpack_publicize_connections":[],"aioseo_notices":[],"jetpack_sharing_enabled":true,"_links":{"self":[{"href":"https:\/\/www.dharanastyle.com\/ca\/wp-json\/wp\/v2\/product\/4302","targetHints":{"allow":["GET"]}}],"collection":[{"href":"https:\/\/www.dharanastyle.com\/ca\/wp-json\/wp\/v2\/product"}],"about":[{"href":"https:\/\/www.dharanastyle.com\/ca\/wp-json\/wp\/v2\/types\/product"}],"replies":[{"embeddable":true,"href":"https:\/\/www.dharanastyle.com\/ca\/wp-json\/wp\/v2\/comments?post=4302"}],"wp:featuredmedia":[{"embeddable":true,"href":"https:\/\/www.dharanastyle.com\/ca\/wp-json\/wp\/v2\/media\/4306"}],"wp:attachment":[{"href":"https:\/\/www.dharanastyle.com\/ca\/wp-json\/wp\/v2\/media?parent=4302"}],"wp:term":[{"taxonomy":"product_cat","embeddable":true,"href":"https:\/\/www.dharanastyle.com\/ca\/wp-json\/wp\/v2\/product_cat?post=4302"},{"taxonomy":"product_tag","embeddable":true,"href":"https:\/\/www.dharanastyle.com\/ca\/wp-json\/wp\/v2\/product_tag?post=4302"}],"curies":[{"name":"wp","href":"https:\/\/api.w.org\/{rel}","templated":true}]}}