{"id":4284,"date":"2024-03-31T00:24:15","date_gmt":"2024-03-30T23:24:15","guid":{"rendered":"https:\/\/dharanastyle.com\/tienda\/sin%20categor\u00eda\/bolsa-de-tela-coleccion-vintag-radio-casette-tote-bag-de-tela-resistente\/"},"modified":"2024-07-28T23:36:46","modified_gmt":"2024-07-28T21:36:46","slug":"bolsa-de-tela-coleccion-vintag-radio-casette-tote-bag-de-tela-resistente","status":"publish","type":"product","link":"https:\/\/www.dharanastyle.com\/ca\/tienda\/lifestyle\/bolsas\/bolsa-de-tela-coleccion-vintag-radio-casette-tote-bag-de-tela-resistente\/","title":{"rendered":"Bossa de roba col\u00b7lecci\u00f3 vintage radio casette. Tot bag de tela resistent."},"content":{"rendered":"<p>Reviu la nost\u00e0lgia dels dies passats amb la nostra Bossa de roba amb Fons de L\u00ednies en Tons Taronja, Groc i Blau, i un Detall de Cinta de Cassette Retro al Centre! Aquesta bossa bonica combina la moda vintage amb un toc d&#039;originalitat, capturant l&#039;ess\u00e8ncia de d\u00e8cades passades d&#039;una manera \u00fanica.<br \/>\nLes l\u00ednies en tons taronja, groc i blau creen un fons din\u00e0mic i vibrant que afegeix un toc destil retro al teu look. Al centre de la borsa, una cinta de casset vintage evoca records de l&#039;\u00e8poca daurada de la m\u00fasica i la moda.<br \/>\nFabricada amb materials d&#039;alta qualitat i amb un disseny acuradament elaborat, aquesta bossa no \u00e9s nom\u00e9s un accessori de moda, sin\u00f3 tamb\u00e9 una pe\u00e7a funcional i duradora que t&#039;acompanyar\u00e0 en totes les teves aventures. Ja sigui per a un dia de compres al mercat local o una sortida amb amics, aquesta Borsa Tote Vintage ser\u00e0 el centre d&#039;atenci\u00f3 all\u00e0 on vagis.<br \/>\nFes una declaraci\u00f3 d&#039;estil amb la nostra Bossa Tote amb Fons de L\u00ednies i Detall de Cinta de Casset Retro, i afegeix un toc d&#039;encant vintage al teu outfit!<br \/>\nBossa de nanses moderna i espaiosa ideal per portar tot el que necessites.<br \/>\n\u2022 100% poli\u00e8ster filat<br \/>\n\u2022 Dimensions: 38,1 x 38,1 cm (15\u2033 x 15\u2033)<br \/>\n\u2022 Capacitat: 10 L (2,6 US gal)<br \/>\n\u2022 L\u00edmit m\u00e0xim de pes: 20 kg (44 lbs)<br \/>\n\u2022 Nansa doble de 100% cot\u00f3 natural bull denim<br \/>\n\u2022 Llarg de la nansa: 30 cm (11,8\u2033), ample 2,5cm (1\u2033)<\/p>","protected":false},"excerpt":{"rendered":"<p>\u00a1Revive la nostalgia de los d\u00edas pasados con nuestra Bolsa de tela con Fondo de L\u00edneas en Tonos Naranja, Amarillo y Azul, y un Detalle de Cinta de Cassette Retro&#8230;<\/p>","protected":false},"featured_media":4288,"comment_status":"open","ping_status":"closed","template":"","meta":{"jetpack_post_was_ever_published":false,"jetpack_publicize_message":"","jetpack_publicize_feature_enabled":true,"jetpack_social_post_already_shared":true,"jetpack_social_options":{"image_generator_settings":{"template":"highway","enabled":false},"version":2}},"product_cat":[54,56],"product_tag":[120,164,116,117],"class_list":{"0":"post-4284","1":"product","2":"type-product","3":"status-publish","4":"has-post-thumbnail","6":"product_cat-lifestyle","7":"product_cat-bolsas","8":"product_tag-colorido","9":"product_tag-ilustracion","10":"product_tag-retro","11":"product_tag-vintage","13":"first","14":"instock","15":"taxable","16":"shipping-taxable","17":"purchasable","18":"product-type-variable"},"jetpack_publicize_connections":[],"aioseo_notices":[],"jetpack_sharing_enabled":true,"_links":{"self":[{"href":"https:\/\/www.dharanastyle.com\/ca\/wp-json\/wp\/v2\/product\/4284","targetHints":{"allow":["GET"]}}],"collection":[{"href":"https:\/\/www.dharanastyle.com\/ca\/wp-json\/wp\/v2\/product"}],"about":[{"href":"https:\/\/www.dharanastyle.com\/ca\/wp-json\/wp\/v2\/types\/product"}],"replies":[{"embeddable":true,"href":"https:\/\/www.dharanastyle.com\/ca\/wp-json\/wp\/v2\/comments?post=4284"}],"wp:featuredmedia":[{"embeddable":true,"href":"https:\/\/www.dharanastyle.com\/ca\/wp-json\/wp\/v2\/media\/4288"}],"wp:attachment":[{"href":"https:\/\/www.dharanastyle.com\/ca\/wp-json\/wp\/v2\/media?parent=4284"}],"wp:term":[{"taxonomy":"product_cat","embeddable":true,"href":"https:\/\/www.dharanastyle.com\/ca\/wp-json\/wp\/v2\/product_cat?post=4284"},{"taxonomy":"product_tag","embeddable":true,"href":"https:\/\/www.dharanastyle.com\/ca\/wp-json\/wp\/v2\/product_tag?post=4284"}],"curies":[{"name":"wp","href":"https:\/\/api.w.org\/{rel}","templated":true}]}}