{"id":4265,"date":"2024-03-31T00:20:30","date_gmt":"2024-03-30T23:20:30","guid":{"rendered":"https:\/\/dharanastyle.com\/tienda\/sin%20categor\u00eda\/bolsa-de-tela-coleccion-vintage-lineas-tote-bag-de-tela-resistente\/"},"modified":"2024-07-28T23:35:17","modified_gmt":"2024-07-28T21:35:17","slug":"bolsa-de-tela-coleccion-vintage-lineas-tote-bag-de-tela-resistente","status":"publish","type":"product","link":"https:\/\/www.dharanastyle.com\/ca\/tienda\/lifestyle\/bolsas\/bolsa-de-tela-coleccion-vintage-lineas-tote-bag-de-tela-resistente\/","title":{"rendered":"Bossa de roba col\u00b7lecci\u00f3 vintage l\u00ednies. Tot bag de tela resistent."},"content":{"rendered":"<p>Afegeix un toc d&#039;encant vintage al teu estil amb la nostra Bossa de roba de L\u00ednies Diagonals a Tons Taronja, Groc i Blau! Aquesta bossa evoca l&#039;eleg\u00e0ncia de d\u00e8cades passades amb el disseny retro i vibrant paleta de colors. Les l\u00ednies corbades diagonals en tons taronja, groc i blau a tots els matisos creen un patr\u00f3 din\u00e0mic i captivador que segur cridar\u00e0 l&#039;atenci\u00f3.<\/p>\n<p>Fabricada amb atenci\u00f3 al detall i materials d&#039;alta qualitat, aquesta bossa no \u00e9s nom\u00e9s una declaraci\u00f3 de moda, sin\u00f3 tamb\u00e9 un accessori funcional i durador que t&#039;acompanyar\u00e0 on vagis. Ja sigui per a un dia de passeig per la ciutat o una escapada de cap de setmana, aquesta Borsa Tote Vintage afegir\u00e0 un toc d&#039;estil \u00fanic al vostre outfit.<\/p>\n<p>Fes una declaraci\u00f3 de moda retro amb la nostra Bossa Tote de L\u00ednies Diagonals a Tons Taronja, Groc i Blau, i deixa que el teu estil brilli amb un encant vintage!<br \/>\nBossa de nanses moderna i espaiosa ideal per portar tot el que necessites.<\/p>\n<p>\u2022 100% poli\u00e8ster filat<br \/>\n\u2022 Dimensions: 38,1 x 38,1 cm (15\u2033 x 15\u2033)<br \/>\n\u2022 Capacitat: 10 L (2,6 US gal)<br \/>\n\u2022 L\u00edmit m\u00e0xim de pes: 20 kg (44 lbs)<br \/>\n\u2022 Nansa doble de 100% cot\u00f3 natural bull denim<br \/>\n\u2022 Llarg de la nansa: 30 cm (11,8\u2033), ample 2,5cm (1\u2033)<\/p>","protected":false},"excerpt":{"rendered":"<p>A\u00f1ade un toque de encanto vintage a tu estilo con nuestra Bolsa de tela de L\u00edneas Diagonales en Tonos Naranja, Amarillo y Azul! Esta bolsa evoca la elegancia de d\u00e9cadas&#8230;<\/p>","protected":false},"featured_media":4269,"comment_status":"open","ping_status":"closed","template":"","meta":{"jetpack_post_was_ever_published":false,"jetpack_publicize_message":"","jetpack_publicize_feature_enabled":true,"jetpack_social_post_already_shared":true,"jetpack_social_options":{"image_generator_settings":{"template":"highway","enabled":false},"version":2}},"product_cat":[54,56],"product_tag":[120,116,117],"class_list":{"0":"post-4265","1":"product","2":"type-product","3":"status-publish","4":"has-post-thumbnail","6":"product_cat-lifestyle","7":"product_cat-bolsas","8":"product_tag-colorido","9":"product_tag-retro","10":"product_tag-vintage","12":"first","13":"instock","14":"taxable","15":"shipping-taxable","16":"purchasable","17":"product-type-variable"},"jetpack_publicize_connections":[],"aioseo_notices":[],"jetpack_sharing_enabled":true,"_links":{"self":[{"href":"https:\/\/www.dharanastyle.com\/ca\/wp-json\/wp\/v2\/product\/4265","targetHints":{"allow":["GET"]}}],"collection":[{"href":"https:\/\/www.dharanastyle.com\/ca\/wp-json\/wp\/v2\/product"}],"about":[{"href":"https:\/\/www.dharanastyle.com\/ca\/wp-json\/wp\/v2\/types\/product"}],"replies":[{"embeddable":true,"href":"https:\/\/www.dharanastyle.com\/ca\/wp-json\/wp\/v2\/comments?post=4265"}],"wp:featuredmedia":[{"embeddable":true,"href":"https:\/\/www.dharanastyle.com\/ca\/wp-json\/wp\/v2\/media\/4269"}],"wp:attachment":[{"href":"https:\/\/www.dharanastyle.com\/ca\/wp-json\/wp\/v2\/media?parent=4265"}],"wp:term":[{"taxonomy":"product_cat","embeddable":true,"href":"https:\/\/www.dharanastyle.com\/ca\/wp-json\/wp\/v2\/product_cat?post=4265"},{"taxonomy":"product_tag","embeddable":true,"href":"https:\/\/www.dharanastyle.com\/ca\/wp-json\/wp\/v2\/product_tag?post=4265"}],"curies":[{"name":"wp","href":"https:\/\/api.w.org\/{rel}","templated":true}]}}