{"id":4229,"date":"2024-03-31T00:14:25","date_gmt":"2024-03-30T23:14:25","guid":{"rendered":"https:\/\/dharanastyle.com\/tienda\/sin%20categor\u00eda\/bolsa-de-tela-coleccion-vintage-coete-tote-bag-de-tela-resistente\/"},"modified":"2024-07-28T23:32:17","modified_gmt":"2024-07-28T21:32:17","slug":"bolsa-de-tela-coleccion-vintage-coete-tote-bag-de-tela-resistente","status":"publish","type":"product","link":"https:\/\/www.dharanastyle.com\/ca\/tienda\/lifestyle\/bolsas\/bolsa-de-tela-coleccion-vintage-coete-tote-bag-de-tela-resistente\/","title":{"rendered":"Bossa de roba col\u00b7lecci\u00f3 vintage coet. Tot bag de tela resistent."},"content":{"rendered":"<p>Deixa&#039;t portar per un viatge nost\u00e0lgic a l&#039;espai exterior amb la nostra Bossa de roba de Colors Past\u00eds i Estampat de Coet de la Col\u00b7lecci\u00f3 Vintage! Aquesta bossa encantadora captura l&#039;ess\u00e8ncia de l&#039;estil retro amb el seu disseny \u00fanic i colors degradats que evoquen l&#039;encant dels anys passats. Els tons grocs, blaus, taronges, vermells i negres es combinen en una harmonia visual que crea una atmosfera de somni i aventura. Al centre de la borsa, un dibuix d&#039;un coet afegeix un toc de fantasia i exploraci\u00f3 espacial. Ja sigui per a un dia de p\u00edcnic al parc o una sortida de compres, aquesta bossa tote ser\u00e0 la teva companya perfecta, afegint un toc d&#039;estil vintage a qualsevol ocasi\u00f3. Fabricada amb materials d&#039;alta qualitat, aquesta bossa no \u00e9s nom\u00e9s elegant, sin\u00f3 tamb\u00e9 duradora i funcional. Fes una declaraci\u00f3 de moda amb la nostra Bossa Tote de Colors Past\u00eds i Estampat de Coet de la Col\u00b7lecci\u00f3 Vintage i deixa que la teva imaginaci\u00f3 voli alt!<br \/>\nBossa de nanses moderna i espaiosa ideal per portar tot el que necessites.<\/p>\n<p>\u2022 100% poli\u00e8ster filat<br \/>\n\u2022 Dimensions: 38,1 x 38,1 cm (15\u2033 x 15\u2033)<br \/>\n\u2022 Capacitat: 10 L (2,6 US gal)<br \/>\n\u2022 L\u00edmit m\u00e0xim de pes: 20 kg (44 lbs)<br \/>\n\u2022 Nansa doble de 100% cot\u00f3 natural bull denim<br \/>\n\u2022 Llarg de la nansa: 30 cm (11,8\u2033), ample 2,5cm (1\u2033)<\/p>","protected":false},"excerpt":{"rendered":"<p>\u00a1D\u00e9jate llevar por un viaje nost\u00e1lgico al espacio exterior con nuestra Bolsa de tela de Colores Pastel y Estampado de Cohete de la Colecci\u00f3n Vintage! Esta encantadora bolsa captura la&#8230;<\/p>","protected":false},"featured_media":4233,"comment_status":"open","ping_status":"closed","template":"","meta":{"jetpack_post_was_ever_published":false,"jetpack_publicize_message":"","jetpack_publicize_feature_enabled":true,"jetpack_social_post_already_shared":true,"jetpack_social_options":{"image_generator_settings":{"template":"highway","enabled":false},"version":2}},"product_cat":[54,56],"product_tag":[120,164,116,117],"class_list":{"0":"post-4229","1":"product","2":"type-product","3":"status-publish","4":"has-post-thumbnail","6":"product_cat-lifestyle","7":"product_cat-bolsas","8":"product_tag-colorido","9":"product_tag-ilustracion","10":"product_tag-retro","11":"product_tag-vintage","13":"first","14":"instock","15":"taxable","16":"shipping-taxable","17":"purchasable","18":"product-type-variable"},"jetpack_publicize_connections":[],"aioseo_notices":[],"jetpack_sharing_enabled":true,"_links":{"self":[{"href":"https:\/\/www.dharanastyle.com\/ca\/wp-json\/wp\/v2\/product\/4229","targetHints":{"allow":["GET"]}}],"collection":[{"href":"https:\/\/www.dharanastyle.com\/ca\/wp-json\/wp\/v2\/product"}],"about":[{"href":"https:\/\/www.dharanastyle.com\/ca\/wp-json\/wp\/v2\/types\/product"}],"replies":[{"embeddable":true,"href":"https:\/\/www.dharanastyle.com\/ca\/wp-json\/wp\/v2\/comments?post=4229"}],"wp:featuredmedia":[{"embeddable":true,"href":"https:\/\/www.dharanastyle.com\/ca\/wp-json\/wp\/v2\/media\/4233"}],"wp:attachment":[{"href":"https:\/\/www.dharanastyle.com\/ca\/wp-json\/wp\/v2\/media?parent=4229"}],"wp:term":[{"taxonomy":"product_cat","embeddable":true,"href":"https:\/\/www.dharanastyle.com\/ca\/wp-json\/wp\/v2\/product_cat?post=4229"},{"taxonomy":"product_tag","embeddable":true,"href":"https:\/\/www.dharanastyle.com\/ca\/wp-json\/wp\/v2\/product_tag?post=4229"}],"curies":[{"name":"wp","href":"https:\/\/api.w.org\/{rel}","templated":true}]}}