{"id":4194,"date":"2024-03-31T00:05:11","date_gmt":"2024-03-30T23:05:11","guid":{"rendered":"https:\/\/dharanastyle.com\/tienda\/sin%20categor\u00eda\/bolsa-de-tela-marinera-tote-bag-de-tela-resistente\/"},"modified":"2024-07-28T23:29:05","modified_gmt":"2024-07-28T21:29:05","slug":"bolsa-de-tela-marinera-tote-bag-de-tela-resistente","status":"publish","type":"product","link":"https:\/\/www.dharanastyle.com\/ca\/tienda\/lifestyle\/bolsas\/bolsa-de-tela-marinera-tote-bag-de-tela-resistente\/","title":{"rendered":"Bossa de roba disseny \u00abOnada de Kanagawa\u00bb estil Hokusai. Tot bag de tela resistent."},"content":{"rendered":"<p>Submergeix-te en l&#039;eleg\u00e0ncia costanera amb la nostra Bossa de roba de Patr\u00f3 d&#039;Ones de Mar Blaves amb Escuma Blanca! Aquest accessori us transportar\u00e0 instant\u00e0niament a la serenitat de l&#039;oce\u00e0 amb el seu disseny encantador. Les onades de mar blaves amb escuma blanca creen un patr\u00f3 hipnotitzant que evoca la frescor i la calma del mar. Ja sigui per a un passeig per la platja o una sortida casual, aquesta bossa tot afegir\u00e0 un toc d&#039;estil mar\u00edtim al teu look. Fabricada amb materials d&#039;alta qualitat, aquesta bossa no nom\u00e9s \u00e9s bella, sin\u00f3 tamb\u00e9 resistent i funcional. Deixa que el teu esperit aventurer brilli amb la nostra Borsa Tote de Patr\u00f3 d&#039;Ones de Mar Blaves amb Escuma Blanca i fes una declaraci\u00f3 de moda inspirada en el mar!<br \/>\nBossa de nanses moderna i espaiosa ideal per portar tot el que necessites.<br \/>\n\u2022 100% poli\u00e8ster filat<br \/>\n\u2022 Dimensions: 38,1 x 38,1 cm (15\u2033 x 15\u2033)<br \/>\n\u2022 Capacitat: 10 L (2,6 US gal)<br \/>\n\u2022 L\u00edmit m\u00e0xim de pes: 20 kg (44 lbs)<br \/>\n\u2022 Nansa doble de 100% cot\u00f3 natural bull denim<br \/>\n\u2022 Llarg de la nansa: 30 cm (11,8\u2033), ample 2,5cm (1\u2033)<\/p>","protected":false},"excerpt":{"rendered":"<p>\u00a1Sum\u00e9rgete en la elegancia costera con nuestra Bolsa de tela de Patr\u00f3n de Olas de Mar Azules con Espuma Blanca! Este accesorio te transportar\u00e1 instant\u00e1neamente a la serenidad del oc\u00e9ano&#8230;<\/p>","protected":false},"featured_media":4198,"comment_status":"open","ping_status":"closed","template":"","meta":{"jetpack_post_was_ever_published":false,"jetpack_publicize_message":"","jetpack_publicize_feature_enabled":true,"jetpack_social_post_already_shared":true,"jetpack_social_options":{"image_generator_settings":{"template":"highway","enabled":false},"version":2}},"product_cat":[54,56],"product_tag":[164,122,116],"class_list":{"0":"post-4194","1":"product","2":"type-product","3":"status-publish","4":"has-post-thumbnail","6":"product_cat-lifestyle","7":"product_cat-bolsas","8":"product_tag-ilustracion","9":"product_tag-marinero","10":"product_tag-retro","12":"first","13":"instock","14":"taxable","15":"shipping-taxable","16":"purchasable","17":"product-type-variable"},"jetpack_publicize_connections":[],"aioseo_notices":[],"jetpack_sharing_enabled":true,"_links":{"self":[{"href":"https:\/\/www.dharanastyle.com\/ca\/wp-json\/wp\/v2\/product\/4194","targetHints":{"allow":["GET"]}}],"collection":[{"href":"https:\/\/www.dharanastyle.com\/ca\/wp-json\/wp\/v2\/product"}],"about":[{"href":"https:\/\/www.dharanastyle.com\/ca\/wp-json\/wp\/v2\/types\/product"}],"replies":[{"embeddable":true,"href":"https:\/\/www.dharanastyle.com\/ca\/wp-json\/wp\/v2\/comments?post=4194"}],"wp:featuredmedia":[{"embeddable":true,"href":"https:\/\/www.dharanastyle.com\/ca\/wp-json\/wp\/v2\/media\/4198"}],"wp:attachment":[{"href":"https:\/\/www.dharanastyle.com\/ca\/wp-json\/wp\/v2\/media?parent=4194"}],"wp:term":[{"taxonomy":"product_cat","embeddable":true,"href":"https:\/\/www.dharanastyle.com\/ca\/wp-json\/wp\/v2\/product_cat?post=4194"},{"taxonomy":"product_tag","embeddable":true,"href":"https:\/\/www.dharanastyle.com\/ca\/wp-json\/wp\/v2\/product_tag?post=4194"}],"curies":[{"name":"wp","href":"https:\/\/api.w.org\/{rel}","templated":true}]}}