{"id":4178,"date":"2024-03-31T00:02:27","date_gmt":"2024-03-30T23:02:27","guid":{"rendered":"https:\/\/dharanastyle.com\/tienda\/sin%20categor\u00eda\/bolsa-de-tela-con-diseno-corazones-tote-bag-de-tela-resistente\/"},"modified":"2024-07-28T23:27:39","modified_gmt":"2024-07-28T21:27:39","slug":"bolsa-de-tela-con-diseno-corazones-tote-bag-de-tela-resistente","status":"publish","type":"product","link":"https:\/\/www.dharanastyle.com\/ca\/tienda\/lifestyle\/bolsas\/bolsa-de-tela-con-diseno-corazones-tote-bag-de-tela-resistente\/","title":{"rendered":"Bossa de roba amb disseny cors. Tot bag de tela resistent."},"content":{"rendered":"<p>Expressa el teu amor per la moda amb la nostra encantadora Bossa de roba de Fons Blau Fosc amb Cors a Rosa i Blau Mar\u00ed! Aquest accessori irresistible combina estil i dol\u00e7or en un disseny \u00fanic. Els cors de diferents mides i colors rosa i blau mar\u00ed sobre un fons blau fosc creen un contrast captivador que segurament capturar\u00e0 mirades. Ja sigui per a un dia de compres amb amigues o una escapada rom\u00e0ntica, aquesta bossa tot afegir\u00e0 un toc d&#039;alegria i estil a qualsevol ocasi\u00f3. Fabricada amb materials de primera qualitat, aquesta bossa no nom\u00e9s \u00e9s elegant, sin\u00f3 tamb\u00e9 duradora i funcional. Deixa que el teu cor gui\u00ef el teu estil amb la nostra Bossa Tote de Fons Blau Fosc amb Cors a Rosa i Blau Mar\u00ed i destaca a qualsevol lloc que vagis!<br \/>\nBossa de nanses moderna i espaiosa ideal per portar tot el que necessites.<\/p>\n<p>\u2022 100% poli\u00e8ster filat<br \/>\n\u2022 Dimensions: 38,1 x 38,1 cm (15\u2033 x 15\u2033)<br \/>\n\u2022 Capacitat: 10 L (2,6 US gal)<br \/>\n\u2022 L\u00edmit m\u00e0xim de pes: 20 kg (44 lbs)<br \/>\n\u2022 Nansa doble de 100% cot\u00f3 natural bull denim<br \/>\n\u2022 Llarg de la nansa: 30 cm (11,8\u2033), ample 2,5cm (1\u2033)<\/p>","protected":false},"excerpt":{"rendered":"<p>\u00a1Expresa tu amor por la moda con nuestra encantadora Bolsa de tela de Fondo Azul Oscuro con Corazones en Rosa y Azul Marino! Este accesorio irresistible combina estilo y dulzura&#8230;<\/p>","protected":false},"featured_media":4182,"comment_status":"open","ping_status":"closed","template":"","meta":{"jetpack_post_was_ever_published":false,"jetpack_publicize_message":"","jetpack_publicize_feature_enabled":true,"jetpack_social_post_already_shared":true,"jetpack_social_options":{"image_generator_settings":{"template":"highway","enabled":false},"version":2}},"product_cat":[54,56],"product_tag":[123,164],"class_list":{"0":"post-4178","1":"product","2":"type-product","3":"status-publish","4":"has-post-thumbnail","6":"product_cat-lifestyle","7":"product_cat-bolsas","8":"product_tag-corazones","9":"product_tag-ilustracion","11":"first","12":"instock","13":"featured","14":"taxable","15":"shipping-taxable","16":"purchasable","17":"product-type-variable"},"jetpack_publicize_connections":[],"aioseo_notices":[],"jetpack_sharing_enabled":true,"_links":{"self":[{"href":"https:\/\/www.dharanastyle.com\/ca\/wp-json\/wp\/v2\/product\/4178","targetHints":{"allow":["GET"]}}],"collection":[{"href":"https:\/\/www.dharanastyle.com\/ca\/wp-json\/wp\/v2\/product"}],"about":[{"href":"https:\/\/www.dharanastyle.com\/ca\/wp-json\/wp\/v2\/types\/product"}],"replies":[{"embeddable":true,"href":"https:\/\/www.dharanastyle.com\/ca\/wp-json\/wp\/v2\/comments?post=4178"}],"wp:featuredmedia":[{"embeddable":true,"href":"https:\/\/www.dharanastyle.com\/ca\/wp-json\/wp\/v2\/media\/4182"}],"wp:attachment":[{"href":"https:\/\/www.dharanastyle.com\/ca\/wp-json\/wp\/v2\/media?parent=4178"}],"wp:term":[{"taxonomy":"product_cat","embeddable":true,"href":"https:\/\/www.dharanastyle.com\/ca\/wp-json\/wp\/v2\/product_cat?post=4178"},{"taxonomy":"product_tag","embeddable":true,"href":"https:\/\/www.dharanastyle.com\/ca\/wp-json\/wp\/v2\/product_tag?post=4178"}],"curies":[{"name":"wp","href":"https:\/\/api.w.org\/{rel}","templated":true}]}}