{"id":4129,"date":"2024-03-30T23:28:31","date_gmt":"2024-03-30T22:28:31","guid":{"rendered":"https:\/\/dharanastyle.com\/tienda\/sin%20categor\u00eda\/bolsa-de-tela-diseno-hojas-pequenas-tote-bag-de-tela-resistente\/"},"modified":"2024-07-28T16:46:51","modified_gmt":"2024-07-28T14:46:51","slug":"bolsa-de-tela-diseno-hojas-pequenas-tote-bag-de-tela-resistente","status":"publish","type":"product","link":"https:\/\/www.dharanastyle.com\/ca\/tienda\/lifestyle\/bolsas\/bolsa-de-tela-diseno-hojas-pequenas-tote-bag-de-tela-resistente\/","title":{"rendered":"Bossa de roba disseny fulles petites. Tot bag de tela resistent."},"content":{"rendered":"<p>Porta amb tu l&#039;encant natural i la durabilitat incomparable amb la nostra Borsa de Tela a Verd Oli! Confeccionada amb poli\u00e8ster d\u00b4alta qualitat, aquesta bossa combina resist\u00e8ncia i estil en un disseny \u00fanic. El seu patr\u00f3 exquisit de fulles petites d&#039;arbre afegeix un toc d&#039;eleg\u00e0ncia inspirada en la natura al teu dia a dia. Ja sigui per anar de compres, portar els teus llibres o com a companya en les teves aventures a l&#039;aire lliure, aquesta bossa tot no et defraudar\u00e0. Fes una elecci\u00f3 eco-friendly i de qualitat amb la nostra Borsa de Tela a Verd Aceituna!<br \/>\nBossa de nanses moderna i espaiosa ideal per portar tot el que necessites.<\/p>\n<p>\u2022 100% poli\u00e8ster filat<br \/>\n\u2022 Dimensions: 38,1 x 38,1 cm (15\u2033 x 15\u2033)<br \/>\n\u2022 Capacitat: 10 L (2,6 US gal)<br \/>\n\u2022 L\u00edmit m\u00e0xim de pes: 20 kg (44 lbs)<br \/>\n\u2022 Nansa doble de 100% cot\u00f3 natural bull denim<br \/>\n\u2022 Llarg de la nansa: 30 cm (11,8\u2033), ample 2,5cm (1\u2033)<\/p>","protected":false},"excerpt":{"rendered":"<p>\u00a1Lleva contigo el encanto natural y la durabilidad incomparable con nuestra Bolsa de Tela en Verde Aceituna! Confeccionada con poli\u00e9ster de alta calidad, esta bolsa combina resistencia y estilo en&#8230;<\/p>","protected":false},"featured_media":4133,"comment_status":"open","ping_status":"closed","template":"","meta":{"jetpack_post_was_ever_published":false,"jetpack_publicize_message":"","jetpack_publicize_feature_enabled":true,"jetpack_social_post_already_shared":true,"jetpack_social_options":{"image_generator_settings":{"template":"highway","enabled":false},"version":2}},"product_cat":[54,56],"product_tag":[119,121],"class_list":{"0":"post-4129","1":"product","2":"type-product","3":"status-publish","4":"has-post-thumbnail","6":"product_cat-lifestyle","7":"product_cat-bolsas","8":"product_tag-floral","9":"product_tag-hojas","11":"first","12":"instock","13":"featured","14":"taxable","15":"shipping-taxable","16":"purchasable","17":"product-type-variable"},"jetpack_publicize_connections":[],"aioseo_notices":[],"jetpack_sharing_enabled":true,"_links":{"self":[{"href":"https:\/\/www.dharanastyle.com\/ca\/wp-json\/wp\/v2\/product\/4129","targetHints":{"allow":["GET"]}}],"collection":[{"href":"https:\/\/www.dharanastyle.com\/ca\/wp-json\/wp\/v2\/product"}],"about":[{"href":"https:\/\/www.dharanastyle.com\/ca\/wp-json\/wp\/v2\/types\/product"}],"replies":[{"embeddable":true,"href":"https:\/\/www.dharanastyle.com\/ca\/wp-json\/wp\/v2\/comments?post=4129"}],"wp:featuredmedia":[{"embeddable":true,"href":"https:\/\/www.dharanastyle.com\/ca\/wp-json\/wp\/v2\/media\/4133"}],"wp:attachment":[{"href":"https:\/\/www.dharanastyle.com\/ca\/wp-json\/wp\/v2\/media?parent=4129"}],"wp:term":[{"taxonomy":"product_cat","embeddable":true,"href":"https:\/\/www.dharanastyle.com\/ca\/wp-json\/wp\/v2\/product_cat?post=4129"},{"taxonomy":"product_tag","embeddable":true,"href":"https:\/\/www.dharanastyle.com\/ca\/wp-json\/wp\/v2\/product_tag?post=4129"}],"curies":[{"name":"wp","href":"https:\/\/api.w.org\/{rel}","templated":true}]}}