{"id":4097,"date":"2024-03-30T23:16:44","date_gmt":"2024-03-30T22:16:44","guid":{"rendered":"https:\/\/dharanastyle.com\/tienda\/sin%20categor\u00eda\/bolsa-de-tela-con-diseno-patron-triangulos-tote-bag-de-tela-resistente\/"},"modified":"2024-07-28T15:12:45","modified_gmt":"2024-07-28T13:12:45","slug":"bolsa-de-tela-con-diseno-patron-triangulos-tote-bag-de-tela-resistente","status":"publish","type":"product","link":"https:\/\/www.dharanastyle.com\/ca\/tienda\/lifestyle\/bolsas\/bolsa-de-tela-con-diseno-patron-triangulos-tote-bag-de-tela-resistente\/","title":{"rendered":"Bossa de roba amb disseny patr\u00f3 triangles. Tot bag de tela resistent."},"content":{"rendered":"<p>Bossa de tela amb Disseny Volum\u00e8tric de Triangles en Negre, Blau Clar, Blanc i Taronja: Fes una declaraci\u00f3 d&#039;estil auda\u00e7 amb la nostra bossa tot \u00fanica en el seu tipus, el seu disseny volum\u00e8tric, creat a partir d&#039;una captivadora combinaci\u00f3 de triangles en negre, blau clar, blanc i taronja, aporta un toc de modernitat i originalitat a qualsevol conjunt. Fabricada amb materials d&#039;alta qualitat, aquesta bossa ofereix tant d&#039;estil com a funcionalitat. Destaca entre la multitud amb la nostra bossa tote amb disseny geom\u00e8tric vibrant<br \/>\nBossa de nanses moderna i espaiosa ideal per portar tot el que necessites.<\/p>\n<p>\u2022 100% poli\u00e8ster filat<br \/>\n\u2022 Dimensions: 38,1 x 38,1 cm (15\u2033 x 15\u2033)<br \/>\n\u2022 Capacitat: 10 L (2,6 US gal)<br \/>\n\u2022 L\u00edmit m\u00e0xim de pes: 20 kg (44 lbs)<br \/>\n\u2022 Nansa doble de 100% cot\u00f3 natural bull denim<br \/>\n\u2022 Llarg de la nansa: 30 cm (11,8\u2033), ample 2,5cm (1\u2033)<\/p>","protected":false},"excerpt":{"rendered":"<p>Bolsa de tela con Dise\u00f1o Volum\u00e9trico de Tri\u00e1ngulos en Negro, Azul Claro, Blanco y Naranja: Haz una declaraci\u00f3n de estilo audaz con nuestra bolsa tote \u00fanica en su tipo. Su&#8230;<\/p>","protected":false},"featured_media":4101,"comment_status":"open","ping_status":"closed","template":"","meta":{"jetpack_post_was_ever_published":false,"jetpack_publicize_message":"","jetpack_publicize_feature_enabled":true,"jetpack_social_post_already_shared":true,"jetpack_social_options":{"image_generator_settings":{"template":"highway","enabled":false},"version":2}},"product_cat":[54,56],"product_tag":[127,126],"class_list":{"0":"post-4097","1":"product","2":"type-product","3":"status-publish","4":"has-post-thumbnail","6":"product_cat-lifestyle","7":"product_cat-bolsas","8":"product_tag-patron","9":"product_tag-triangulos","11":"first","12":"instock","13":"featured","14":"taxable","15":"shipping-taxable","16":"purchasable","17":"product-type-variable"},"jetpack_publicize_connections":[],"aioseo_notices":[],"jetpack_sharing_enabled":true,"_links":{"self":[{"href":"https:\/\/www.dharanastyle.com\/ca\/wp-json\/wp\/v2\/product\/4097","targetHints":{"allow":["GET"]}}],"collection":[{"href":"https:\/\/www.dharanastyle.com\/ca\/wp-json\/wp\/v2\/product"}],"about":[{"href":"https:\/\/www.dharanastyle.com\/ca\/wp-json\/wp\/v2\/types\/product"}],"replies":[{"embeddable":true,"href":"https:\/\/www.dharanastyle.com\/ca\/wp-json\/wp\/v2\/comments?post=4097"}],"wp:featuredmedia":[{"embeddable":true,"href":"https:\/\/www.dharanastyle.com\/ca\/wp-json\/wp\/v2\/media\/4101"}],"wp:attachment":[{"href":"https:\/\/www.dharanastyle.com\/ca\/wp-json\/wp\/v2\/media?parent=4097"}],"wp:term":[{"taxonomy":"product_cat","embeddable":true,"href":"https:\/\/www.dharanastyle.com\/ca\/wp-json\/wp\/v2\/product_cat?post=4097"},{"taxonomy":"product_tag","embeddable":true,"href":"https:\/\/www.dharanastyle.com\/ca\/wp-json\/wp\/v2\/product_tag?post=4097"}],"curies":[{"name":"wp","href":"https:\/\/api.w.org\/{rel}","templated":true}]}}