{"id":4083,"date":"2024-03-30T23:08:03","date_gmt":"2024-03-30T22:08:03","guid":{"rendered":"https:\/\/dharanastyle.com\/tienda\/sin%20categor\u00eda\/bolsa-de-tela-arcoiris-vintage-tote-bag-de-tela-resistente\/"},"modified":"2024-07-28T15:11:04","modified_gmt":"2024-07-28T13:11:04","slug":"bolsa-de-tela-arcoiris-vintage-tote-bag-de-tela-resistente","status":"publish","type":"product","link":"https:\/\/www.dharanastyle.com\/ca\/tienda\/lifestyle\/bolsas\/bolsa-de-tela-arcoiris-vintage-tote-bag-de-tela-resistente\/","title":{"rendered":"Bossa de roba arcoiris Vintage."},"content":{"rendered":"<p>Bossa de roba Vintage amb Patr\u00f3 Arcoiris Blau, Groc i Vermell: Afegeix un toc de nost\u00e0lgia i estil al teu look amb la nostra bossa tote vintage! Presentant un encantador disseny inspirat en un arc de Sant Mart\u00ed, amb tons blau vintage, groc i subtils tocs de vermell, aquesta bossa \u00e9s una veritable joia. Fabricada amb tela d\u00b4alta qualitat, ofereix tant estil com durabilitat. Perfecte per portar els teus elements essencials amb eleg\u00e0ncia i comoditat. Fes una declaraci\u00f3 de moda \u00fanica amb la nostra bossa tote vintage amb un patr\u00f3 arc de Sant Mart\u00ed distintiu!<br \/>\nBossa de nanses moderna i espaiosa ideal per portar tot el que necessites.<\/p>\n<p>\u2022 100% poli\u00e8ster filat<br \/>\n\u2022 Dimensions: 38,1 x 38,1 cm (15\u2033 x 15\u2033)<br \/>\n\u2022 Capacitat: 10 L (2,6 US gal)<br \/>\n\u2022 L\u00edmit m\u00e0xim de pes: 20 kg (44 lbs)<br \/>\n\u2022 Nansa doble de 100% cot\u00f3 natural bull denim<br \/>\n\u2022 Llarg de la nansa: 30 cm (11,8\u2033), ample 2,5cm (1\u2033)<\/p>","protected":false},"excerpt":{"rendered":"<p>Bolsa de tela Vintage con Patr\u00f3n Arco\u00edris Azul, Amarillo y Rojo: \u00a1A\u00f1ade un toque de nostalgia y estilo a tu look con nuestra bolsa tote vintage! Presentando un encantador dise\u00f1o&#8230;<\/p>","protected":false},"featured_media":4087,"comment_status":"open","ping_status":"closed","template":"","meta":{"jetpack_post_was_ever_published":false,"jetpack_publicize_message":"","jetpack_publicize_feature_enabled":true,"jetpack_social_post_already_shared":true,"jetpack_social_options":{"image_generator_settings":{"template":"highway","enabled":false},"version":2}},"product_cat":[54,56],"product_tag":[116,117],"class_list":{"0":"post-4083","1":"product","2":"type-product","3":"status-publish","4":"has-post-thumbnail","6":"product_cat-lifestyle","7":"product_cat-bolsas","8":"product_tag-retro","9":"product_tag-vintage","11":"first","12":"instock","13":"taxable","14":"shipping-taxable","15":"purchasable","16":"product-type-variable"},"jetpack_publicize_connections":[],"aioseo_notices":[],"jetpack_sharing_enabled":true,"_links":{"self":[{"href":"https:\/\/www.dharanastyle.com\/ca\/wp-json\/wp\/v2\/product\/4083","targetHints":{"allow":["GET"]}}],"collection":[{"href":"https:\/\/www.dharanastyle.com\/ca\/wp-json\/wp\/v2\/product"}],"about":[{"href":"https:\/\/www.dharanastyle.com\/ca\/wp-json\/wp\/v2\/types\/product"}],"replies":[{"embeddable":true,"href":"https:\/\/www.dharanastyle.com\/ca\/wp-json\/wp\/v2\/comments?post=4083"}],"wp:featuredmedia":[{"embeddable":true,"href":"https:\/\/www.dharanastyle.com\/ca\/wp-json\/wp\/v2\/media\/4087"}],"wp:attachment":[{"href":"https:\/\/www.dharanastyle.com\/ca\/wp-json\/wp\/v2\/media?parent=4083"}],"wp:term":[{"taxonomy":"product_cat","embeddable":true,"href":"https:\/\/www.dharanastyle.com\/ca\/wp-json\/wp\/v2\/product_cat?post=4083"},{"taxonomy":"product_tag","embeddable":true,"href":"https:\/\/www.dharanastyle.com\/ca\/wp-json\/wp\/v2\/product_tag?post=4083"}],"curies":[{"name":"wp","href":"https:\/\/api.w.org\/{rel}","templated":true}]}}