{"id":3591,"date":"2024-03-29T12:58:04","date_gmt":"2024-03-29T11:58:04","guid":{"rendered":"https:\/\/dharanastyle.com\/tienda\/sin%20categor\u00eda\/bolsa-de-tela-con-diseno-geometrico-elegante-tote-bag-de-tela-resistente\/"},"modified":"2024-07-28T15:05:42","modified_gmt":"2024-07-28T13:05:42","slug":"bolsa-de-tela-con-diseno-geometrico-elegante-tote-bag-de-tela-resistente","status":"publish","type":"product","link":"https:\/\/www.dharanastyle.com\/ca\/tienda\/lifestyle\/bolsas\/bolsa-de-tela-con-diseno-geometrico-elegante-tote-bag-de-tela-resistente\/","title":{"rendered":"Bossa de roba amb disseny geom\u00e8tric elegant."},"content":{"rendered":"<p>Descobreix la combinaci\u00f3 perfecta d&#039;estil i funcionalitat amb la nostra exclusiva bossa de roba, dissenyada per adaptar-se al teu estil de vida din\u00e0mic. un accessori essencial per destacar la teva eleg\u00e0ncia en qualsevol ocasi\u00f3.<\/p>\n<p>La nostra bossa de roba ofereix una \u00e0mplia capacitat per portar els teus objectes essencials de forma segura i organitzada, mentre que el seu disseny elegant afegeix un toc de sofisticaci\u00f3 a la teva vestimenta. cap de setmana, aquesta bossa \u00e9s la companya perfecta que combina estil i durabilitat.<\/p>\n<p>Feta per resistir el ritme del teu dia a dia, aquesta bossa de roba garanteix una qualitat excepcional que perdura amb el temps. El seu disseny geom\u00e8tric en blau mar\u00ed afegeix un toc de modernitat i distinci\u00f3, convertint-la en un accessori vers\u00e0til que complementa qualsevol conjunt amb eleg\u00e0ncia i estil.<\/p>\n<p>Opta per la funcionalitat sense sacrificar l&#039;estil amb la nostra Tote bag de tela resistent i disseny geom\u00e8tric en blau mar\u00ed.<br \/>\n\u2022 Dimensions: 38,1 x 38,1 cm (15\u2033 x 15\u2033)<br \/>\n\u2022 Capacitat: 10 L (2,6 US gal)<br \/>\n\u2022 L\u00edmit m\u00e0xim de pes: 20 kg (44 lbs)<br \/>\n\u2022 Nansa doble de 100% cot\u00f3 natural bull denim<br \/>\n\u2022 Llarg de la nansa: 30 cm (11,8\u2033), ample 2,5cm (1\u2033)<br \/>\n\u2022 Les nanses poden variar lleugerament segons el centre on es processin<\/p>","protected":false},"excerpt":{"rendered":"<p>Descubre la combinaci\u00f3n perfecta de estilo y funcionalidad con nuestra exclusiva bolsa de tela de tela, dise\u00f1ada para adaptarse a tu estilo de vida din\u00e1mico. Confeccionada con un tejido resistente&#8230;<\/p>","protected":false},"featured_media":3595,"comment_status":"open","ping_status":"closed","template":"","meta":{"jetpack_post_was_ever_published":false,"jetpack_publicize_message":"","jetpack_publicize_feature_enabled":true,"jetpack_social_post_already_shared":true,"jetpack_social_options":{"image_generator_settings":{"template":"highway","enabled":false},"version":2}},"product_cat":[56],"product_tag":[128,124],"class_list":{"0":"post-3591","1":"product","2":"type-product","3":"status-publish","4":"has-post-thumbnail","6":"product_cat-bolsas","7":"product_tag-elegante","8":"product_tag-geometrico","10":"first","11":"instock","12":"taxable","13":"shipping-taxable","14":"purchasable","15":"product-type-variable"},"jetpack_publicize_connections":[],"aioseo_notices":[],"jetpack_sharing_enabled":true,"_links":{"self":[{"href":"https:\/\/www.dharanastyle.com\/ca\/wp-json\/wp\/v2\/product\/3591","targetHints":{"allow":["GET"]}}],"collection":[{"href":"https:\/\/www.dharanastyle.com\/ca\/wp-json\/wp\/v2\/product"}],"about":[{"href":"https:\/\/www.dharanastyle.com\/ca\/wp-json\/wp\/v2\/types\/product"}],"replies":[{"embeddable":true,"href":"https:\/\/www.dharanastyle.com\/ca\/wp-json\/wp\/v2\/comments?post=3591"}],"wp:featuredmedia":[{"embeddable":true,"href":"https:\/\/www.dharanastyle.com\/ca\/wp-json\/wp\/v2\/media\/3595"}],"wp:attachment":[{"href":"https:\/\/www.dharanastyle.com\/ca\/wp-json\/wp\/v2\/media?parent=3591"}],"wp:term":[{"taxonomy":"product_cat","embeddable":true,"href":"https:\/\/www.dharanastyle.com\/ca\/wp-json\/wp\/v2\/product_cat?post=3591"},{"taxonomy":"product_tag","embeddable":true,"href":"https:\/\/www.dharanastyle.com\/ca\/wp-json\/wp\/v2\/product_tag?post=3591"}],"curies":[{"name":"wp","href":"https:\/\/api.w.org\/{rel}","templated":true}]}}