{"id":3551,"date":"2024-01-29T23:38:25","date_gmt":"2024-01-29T22:38:25","guid":{"rendered":"https:\/\/dharanastyle.com\/tienda\/sin%20categor\u00eda\/leggings-de-yoga-chakras-y-lineas-coloridas\/"},"modified":"2024-07-28T15:02:01","modified_gmt":"2024-07-28T13:02:01","slug":"leggings-de-yoga-chakras-y-lineas-coloridas","status":"publish","type":"product","link":"https:\/\/www.dharanastyle.com\/ca\/tienda\/leggings\/leggings-yoga-cintura-alta\/leggings-de-yoga-chakras-y-lineas-coloridas\/","title":{"rendered":"Leggings de ioga chakras i l\u00ednies acolorides"},"content":{"rendered":"<p>Submergeix-te en l&#039;eleg\u00e0ncia espiritual amb la nostra exclusiva col\u00b7lecci\u00f3 de leggings de ioga, ara ressaltant un disseny refinat inspirat en els txakres. Cada parell \u00e9s una fusi\u00f3 harmoniosa d&#039;estil i espiritualitat, que presenta els set centres energ\u00e8tics en un estampat elegant i distintiu.<\/p>\n<p>El disseny de txakres es desplega amb gr\u00e0cia sobre els leggings, incorporant tonalitats morades que simbolitzen la connexi\u00f3 c\u00f2smica i espiritual. Aquest disseny refinat no \u00e9s nom\u00e9s una expressi\u00f3 est\u00e8tica, sin\u00f3 tamb\u00e9 una invitaci\u00f3 a l&#039;harmonitzaci\u00f3 interna ia l&#039;equilibri espiritual durant la teva pr\u00e0ctica de ioga.<\/p>\n<p>La qualitat superior es fusiona amb el disseny elegant, oferint comoditat i estil en cada postura. Aquests leggings s\u00f3n m\u00e9s que una pe\u00e7a de ioga; s\u00f3n una declaraci\u00f3 de la cerca d&#039;eleg\u00e0ncia i connexi\u00f3 espiritual en cada moviment.<\/p>\n<p>Transforma la teva pr\u00e0ctica de ioga en una trobada de refinament i d&#039;elevaci\u00f3 espiritual. Els nostres leggings, amb el seu disseny elegant de txakres en tonalitats morades, s\u00f3n l&#039;elecci\u00f3 ideal per a la dona que busca una connexi\u00f3 m\u00e9s profunda amb ell mateix mentre abra\u00e7a l&#039;eleg\u00e0ncia i l&#039;espiritualitat amb cada posat. #LeggingsChakras #Eleg\u00e0nciaEspiritual #YogaRefinat<br \/>\nLeggings de ioga molt suaus, el\u00e0stics i c\u00f2modes. Demana&#039;ls i gaudeix de la teva propera sessi\u00f3 de ioga c\u00f2modament!<\/p>\n<p>\u2022 82% poil\u00e9ster, 18% elast\u00e0<br \/>\n\u2022 El material s&#039;estira a les 4 direccions, \u00e9s a dir, la tela s&#039;estira i es recupera als fils de la trama i de l&#039;ordit<br \/>\n\u2022 Elaborats amb fil de microfibra suau i agradable al tacte<br \/>\n\u2022 Cintura alta<br \/>\n\u2022 Tall de precisi\u00f3 i cosit a m\u00e0 despr\u00e9s del proc\u00e9s d&#039;estampaci\u00f3<\/p>","protected":false},"excerpt":{"rendered":"<p>Sum\u00e9rgete en la elegancia espiritual con nuestra exclusiva colecci\u00f3n de leggings de yoga, ahora resaltando un dise\u00f1o refinado inspirado en los chakras. Cada par es una fusi\u00f3n armoniosa de estilo&#8230;<\/p>","protected":false},"featured_media":3641,"comment_status":"open","ping_status":"closed","template":"","meta":{"jetpack_post_was_ever_published":false,"jetpack_publicize_message":"","jetpack_publicize_feature_enabled":true,"jetpack_social_post_already_shared":true,"jetpack_social_options":{"image_generator_settings":{"template":"highway","enabled":false},"version":2}},"product_cat":[85,177],"product_tag":[118,128],"class_list":{"0":"post-3551","1":"product","2":"type-product","3":"status-publish","4":"has-post-thumbnail","6":"product_cat-leggings","7":"product_cat-leggings-yoga-cintura-alta","8":"product_tag-chakras","9":"product_tag-elegante","11":"first","12":"instock","13":"taxable","14":"shipping-taxable","15":"purchasable","16":"product-type-variable"},"jetpack_publicize_connections":[],"aioseo_notices":[],"jetpack_sharing_enabled":true,"_links":{"self":[{"href":"https:\/\/www.dharanastyle.com\/ca\/wp-json\/wp\/v2\/product\/3551","targetHints":{"allow":["GET"]}}],"collection":[{"href":"https:\/\/www.dharanastyle.com\/ca\/wp-json\/wp\/v2\/product"}],"about":[{"href":"https:\/\/www.dharanastyle.com\/ca\/wp-json\/wp\/v2\/types\/product"}],"replies":[{"embeddable":true,"href":"https:\/\/www.dharanastyle.com\/ca\/wp-json\/wp\/v2\/comments?post=3551"}],"wp:featuredmedia":[{"embeddable":true,"href":"https:\/\/www.dharanastyle.com\/ca\/wp-json\/wp\/v2\/media\/3641"}],"wp:attachment":[{"href":"https:\/\/www.dharanastyle.com\/ca\/wp-json\/wp\/v2\/media?parent=3551"}],"wp:term":[{"taxonomy":"product_cat","embeddable":true,"href":"https:\/\/www.dharanastyle.com\/ca\/wp-json\/wp\/v2\/product_cat?post=3551"},{"taxonomy":"product_tag","embeddable":true,"href":"https:\/\/www.dharanastyle.com\/ca\/wp-json\/wp\/v2\/product_tag?post=3551"}],"curies":[{"name":"wp","href":"https:\/\/api.w.org\/{rel}","templated":true}]}}