{"id":3502,"date":"2024-01-29T19:27:27","date_gmt":"2024-01-29T18:27:27","guid":{"rendered":"https:\/\/dharanastyle.com\/tienda\/sin%20categor\u00eda\/leggings-de-yoga-con-los-7-chakras\/"},"modified":"2024-04-12T22:21:04","modified_gmt":"2024-04-12T20:21:04","slug":"leggings-de-yoga-con-los-7-chakras","status":"publish","type":"product","link":"https:\/\/www.dharanastyle.com\/ca\/tienda\/leggings\/leggings-de-yoga-con-los-7-chakras\/","title":{"rendered":"Leggings de ioga amb els 7 chakras"},"content":{"rendered":"<p>Explora la connexi\u00f3 espiritual amb la nostra captivadora col\u00b7lecci\u00f3 de leggings de ioga, aquesta vegada destacant un disseny inspirat en els txakres en tonalitats morades. Cada parell \u00e9s una expressi\u00f3 visual de l&#039;harmonitzaci\u00f3 i l&#039;equilibri dels set centres energ\u00e8tics, fusionant la serenitat del morat amb l&#039;espiritualitat dels txakres.<\/p>\n<p>Els txakres s&#039;entrellacen en un estampat captivador, creant una obra d&#039;art en moviment que et convida a alinear la teva energia durant la teva pr\u00e0ctica de ioga. Aquest disseny no \u00e9s nom\u00e9s est\u00e8ticament captivador, sin\u00f3 tamb\u00e9 una eina per a la connexi\u00f3 interior i el benestar espiritual.<\/p>\n<p>La qualitat superior s&#039;uneix al disseny fi i elegant, oferint comoditat i estil en cada postura. Aquests leggings no nom\u00e9s s\u00f3n una pe\u00e7a de ioga, sin\u00f3 tamb\u00e9 una expressi\u00f3 de la cerca d&#039;equilibri i connexi\u00f3 espiritual.<\/p>\n<p>Transforma la teva pr\u00e0ctica de ioga en un viatge d&#039;harmonia i elevaci\u00f3 espiritual. posse\u00efx.<\/p>\n<p>Leggings de ioga molt suaus, el\u00e0stics i c\u00f2modes. Demana&#039;ls i gaudeix de la teva propera sessi\u00f3 de ioga c\u00f2modament!<\/p>\n<p>\u2022 82% poil\u00e9ster, 18% elast\u00e0<br \/>\n\u2022 El material s&#039;estira a les 4 direccions, \u00e9s a dir, la tela s&#039;estira i es recupera als fils de la trama i de l&#039;ordit<br \/>\n\u2022 Elaborats amb fil de microfibra suau i agradable al tacte<br \/>\n\u2022 Cintura alta<br \/>\n\u2022 Tall de precisi\u00f3 i cosit a m\u00e0 despr\u00e9s del proc\u00e9s d&#039;estampaci\u00f3<\/p>","protected":false},"excerpt":{"rendered":"<p>Explora la conexi\u00f3n espiritual con nuestra cautivadora colecci\u00f3n de leggings de yoga, esta vez destacando un dise\u00f1o inspirado en los chakras en tonalidades moradas. Cada par es una expresi\u00f3n visual&#8230;<\/p>","protected":false},"featured_media":3932,"comment_status":"open","ping_status":"closed","template":"","meta":{"jetpack_post_was_ever_published":false,"jetpack_publicize_message":"","jetpack_publicize_feature_enabled":true,"jetpack_social_post_already_shared":true,"jetpack_social_options":{"image_generator_settings":{"template":"highway","enabled":false},"version":2}},"product_cat":[85],"product_tag":[118],"class_list":{"0":"post-3502","1":"product","2":"type-product","3":"status-publish","4":"has-post-thumbnail","6":"product_cat-leggings","7":"product_tag-chakras","9":"first","10":"instock","11":"taxable","12":"shipping-taxable","13":"purchasable","14":"product-type-variable"},"jetpack_publicize_connections":[],"aioseo_notices":[],"jetpack_sharing_enabled":true,"_links":{"self":[{"href":"https:\/\/www.dharanastyle.com\/ca\/wp-json\/wp\/v2\/product\/3502","targetHints":{"allow":["GET"]}}],"collection":[{"href":"https:\/\/www.dharanastyle.com\/ca\/wp-json\/wp\/v2\/product"}],"about":[{"href":"https:\/\/www.dharanastyle.com\/ca\/wp-json\/wp\/v2\/types\/product"}],"replies":[{"embeddable":true,"href":"https:\/\/www.dharanastyle.com\/ca\/wp-json\/wp\/v2\/comments?post=3502"}],"wp:featuredmedia":[{"embeddable":true,"href":"https:\/\/www.dharanastyle.com\/ca\/wp-json\/wp\/v2\/media\/3932"}],"wp:attachment":[{"href":"https:\/\/www.dharanastyle.com\/ca\/wp-json\/wp\/v2\/media?parent=3502"}],"wp:term":[{"taxonomy":"product_cat","embeddable":true,"href":"https:\/\/www.dharanastyle.com\/ca\/wp-json\/wp\/v2\/product_cat?post=3502"},{"taxonomy":"product_tag","embeddable":true,"href":"https:\/\/www.dharanastyle.com\/ca\/wp-json\/wp\/v2\/product_tag?post=3502"}],"curies":[{"name":"wp","href":"https:\/\/api.w.org\/{rel}","templated":true}]}}