{"id":3467,"date":"2024-01-29T17:08:32","date_gmt":"2024-01-29T16:08:32","guid":{"rendered":"https:\/\/dharanastyle.com\/tienda\/sin%20categor\u00eda\/leggings-de-yoga-con-chakras\/"},"modified":"2024-04-13T11:38:40","modified_gmt":"2024-04-13T09:38:40","slug":"leggings-de-yoga-con-chakras","status":"publish","type":"product","link":"https:\/\/www.dharanastyle.com\/ca\/tienda\/leggings\/leggings-yoga-cintura-alta\/leggings-de-yoga-con-chakras\/","title":{"rendered":"Leggings de ioga amb Chakras"},"content":{"rendered":"<p>Embarca&#039;t en un viatge espiritual amb la nostra captivadora col\u00b7lecci\u00f3 de leggings de ioga, on el disseny se centra en l&#039;harmonitzaci\u00f3 dels txakres. Cada parell \u00e9s una manifestaci\u00f3 visual dels centres energ\u00e8tics del cos, portant amb tu l&#039;ess\u00e8ncia de la serenitat i l&#039;equilibri durant la teva pr\u00e0ctica.<\/p>\n<p>Els txakres s&#039;entrellacen en un estampat captivador, utilitzant una paleta de colors vibrants que representen cadascun dels set centres energ\u00e8tics. Des del vermell arrelat fins al violeta elevat, aquest disseny \u00fanic \u00e9s una invitaci\u00f3 a l&#039;alineaci\u00f3 espiritual i la connexi\u00f3 interior.<\/p>\n<p>La qualitat superior s&#039;uneix al disseny fi i elegant, oferint comoditat i estil en cada postura. Aquests leggings no nom\u00e9s s\u00f3n una pe\u00e7a de ioga, sin\u00f3 tamb\u00e9 una eina per harmonitzar la teva energia i trobar la pau interior.<\/p>\n<p>Transforma la teva pr\u00e0ctica de ioga en un viatge cap a l&#039;equilibri i l&#039;espiritualitat. #YogaEspiritual<\/p>\n<p>Leggings de ioga molt suaus, el\u00e0stics i c\u00f2modes. Demana&#039;ls i gaudeix de la teva propera sessi\u00f3 de ioga c\u00f2modament!<\/p>\n<p>\u2022 82% poil\u00e9ster, 18% elast\u00e0<br \/>\n\u2022 El material s&#039;estira a les 4 direccions, \u00e9s a dir, la tela s&#039;estira i es recupera als fils de la trama i de l&#039;ordit<br \/>\n\u2022 Elaborats amb fil de microfibra suau i agradable al tacte<br \/>\n\u2022 Cintura alta<br \/>\n\u2022 Tall de precisi\u00f3 i cosit a m\u00e0 despr\u00e9s del proc\u00e9s d&#039;estampaci\u00f3<\/p>","protected":false},"excerpt":{"rendered":"<p>Emb\u00e1rcate en un viaje espiritual con nuestra cautivadora colecci\u00f3n de leggings de yoga, donde el dise\u00f1o se centra en la armonizaci\u00f3n de los chakras. Cada par es una manifestaci\u00f3n visual&#8230;<\/p>","protected":false},"featured_media":3964,"comment_status":"open","ping_status":"closed","template":"","meta":{"jetpack_post_was_ever_published":false,"jetpack_publicize_message":"","jetpack_publicize_feature_enabled":true,"jetpack_social_post_already_shared":true,"jetpack_social_options":{"image_generator_settings":{"template":"highway","enabled":false},"version":2}},"product_cat":[85,177],"product_tag":[118],"class_list":{"0":"post-3467","1":"product","2":"type-product","3":"status-publish","4":"has-post-thumbnail","6":"product_cat-leggings","7":"product_cat-leggings-yoga-cintura-alta","8":"product_tag-chakras","10":"first","11":"instock","12":"taxable","13":"shipping-taxable","14":"purchasable","15":"product-type-variable"},"jetpack_publicize_connections":[],"aioseo_notices":[],"jetpack_sharing_enabled":true,"_links":{"self":[{"href":"https:\/\/www.dharanastyle.com\/ca\/wp-json\/wp\/v2\/product\/3467","targetHints":{"allow":["GET"]}}],"collection":[{"href":"https:\/\/www.dharanastyle.com\/ca\/wp-json\/wp\/v2\/product"}],"about":[{"href":"https:\/\/www.dharanastyle.com\/ca\/wp-json\/wp\/v2\/types\/product"}],"replies":[{"embeddable":true,"href":"https:\/\/www.dharanastyle.com\/ca\/wp-json\/wp\/v2\/comments?post=3467"}],"wp:featuredmedia":[{"embeddable":true,"href":"https:\/\/www.dharanastyle.com\/ca\/wp-json\/wp\/v2\/media\/3964"}],"wp:attachment":[{"href":"https:\/\/www.dharanastyle.com\/ca\/wp-json\/wp\/v2\/media?parent=3467"}],"wp:term":[{"taxonomy":"product_cat","embeddable":true,"href":"https:\/\/www.dharanastyle.com\/ca\/wp-json\/wp\/v2\/product_cat?post=3467"},{"taxonomy":"product_tag","embeddable":true,"href":"https:\/\/www.dharanastyle.com\/ca\/wp-json\/wp\/v2\/product_tag?post=3467"}],"curies":[{"name":"wp","href":"https:\/\/api.w.org\/{rel}","templated":true}]}}