{"id":3445,"date":"2024-01-24T18:37:50","date_gmt":"2024-01-24T17:37:50","guid":{"rendered":"https:\/\/dharanastyle.com\/tienda\/sin%20categor\u00eda\/leggings-de-yoga-con-geometria-sagrada-en-negro\/"},"modified":"2024-07-28T12:12:11","modified_gmt":"2024-07-28T10:12:11","slug":"leggings-de-yoga-con-geometria-sagrada-en-negro","status":"publish","type":"product","link":"https:\/\/www.dharanastyle.com\/ca\/tienda\/leggings\/leggings-yoga-cintura-alta\/leggings-de-yoga-con-geometria-sagrada-en-negro\/","title":{"rendered":"Leggings de ioga amb geometria sagrada, en negre"},"content":{"rendered":"<p>Descobreix la fusi\u00f3 perfecta entre moda i espiritualitat amb la nostra captivadora col\u00b7lecci\u00f3 de leggings de ioga, adornats amb dissenys de geometria sagrada que eleven la teva experi\u00e8ncia a nous nivells de sofisticaci\u00f3 i connexi\u00f3 interior.<\/p>\n<p>Els nostres leggings, amb els seus patrons geom\u00e8trics inspirats en l&#039;harmonia c\u00f2smica, no s\u00f3n nom\u00e9s una pe\u00e7a de vestir, sin\u00f3 una expressi\u00f3 art\u00edstica d&#039;eleg\u00e0ncia i espiritualitat. Cada detall de la geometria sagrada ressona amb la riquesa simb\u00f2lica, creant un vincle profund entre la pr\u00e0ctica de ioga i l&#039;harmonia universal.<\/p>\n<p>Submergeix-te a la paleta de colors elegants que complementen el teu estil refinat. Tons foscos i profunds, acuradament seleccionats, realcen la sofisticaci\u00f3 de cada disseny, brindant-te la versatilitat per integrar aquests leggings no nom\u00e9s a les teves sessions de ioga, sin\u00f3 tamb\u00e9 en el teu dia a dia amb un toc d&#039;eleg\u00e0ncia.<\/p>\n<p>L&#039;atenci\u00f3 meticulosa al disseny fi i elegant garanteix que cada parell de leggings no nom\u00e9s s&#039;ajusti perfectament al teu cos, sin\u00f3 que tamb\u00e9 et faci sentir c\u00f2moda i empoderada. La qualitat superior es fusiona amb l&#039;est\u00e8tica refinada per oferir-te una experi\u00e8ncia \u00fanica a cada moviment.<\/p>\n<p>Eleva el teu estil i connexi\u00f3 espiritual amb els nostres leggings de ioga. Descobreix l&#039;harmonia entre la geometria sagrada, els colors elegants i un disseny fi que transformar\u00e0 la teva pr\u00e0ctica i el vestuari diari. #LeggingsGeometriaSagrada #ColorsElegants #DissenyFi #YogaSophistication<\/p>\n<p>Leggings de ioga molt suaus, el\u00e0stics i c\u00f2modes. Demana&#039;ls i gaudeix de la teva propera sessi\u00f3 de ioga c\u00f2modament!<\/p>\n<p>\u2022 82% poil\u00e9ster, 18% elast\u00e0<br \/>\n\u2022 El material s&#039;estira a les 4 direccions, \u00e9s a dir, la tela s&#039;estira i es recupera als fils de la trama i de l&#039;ordit<br \/>\n\u2022 Elaborats amb fil de microfibra suau i agradable al tacte<br \/>\n\u2022 Cintura alta<br \/>\n\u2022 Tall de precisi\u00f3 i cosit a m\u00e0 despr\u00e9s del proc\u00e9s d&#039;estampaci\u00f3<\/p>","protected":false},"excerpt":{"rendered":"<p>Descubre la fusi\u00f3n perfecta entre moda y espiritualidad con nuestra cautivadora colecci\u00f3n de leggings de yoga, adornados con dise\u00f1os de geometr\u00eda sagrada que elevan tu experiencia a nuevos niveles de&#8230;<\/p>","protected":false},"featured_media":3980,"comment_status":"open","ping_status":"closed","template":"","meta":{"jetpack_post_was_ever_published":false,"jetpack_publicize_message":"","jetpack_publicize_feature_enabled":true,"jetpack_social_post_already_shared":true,"jetpack_social_options":{"image_generator_settings":{"template":"highway","enabled":false},"version":2}},"product_cat":[15,85,177],"product_tag":[124],"class_list":{"0":"post-3445","1":"product","2":"type-product","3":"status-publish","4":"has-post-thumbnail","6":"product_cat-conjuntos","7":"product_cat-leggings","8":"product_cat-leggings-yoga-cintura-alta","9":"product_tag-geometrico","11":"first","12":"instock","13":"taxable","14":"shipping-taxable","15":"purchasable","16":"product-type-variable"},"jetpack_publicize_connections":[],"aioseo_notices":[],"jetpack_sharing_enabled":true,"_links":{"self":[{"href":"https:\/\/www.dharanastyle.com\/ca\/wp-json\/wp\/v2\/product\/3445","targetHints":{"allow":["GET"]}}],"collection":[{"href":"https:\/\/www.dharanastyle.com\/ca\/wp-json\/wp\/v2\/product"}],"about":[{"href":"https:\/\/www.dharanastyle.com\/ca\/wp-json\/wp\/v2\/types\/product"}],"replies":[{"embeddable":true,"href":"https:\/\/www.dharanastyle.com\/ca\/wp-json\/wp\/v2\/comments?post=3445"}],"wp:featuredmedia":[{"embeddable":true,"href":"https:\/\/www.dharanastyle.com\/ca\/wp-json\/wp\/v2\/media\/3980"}],"wp:attachment":[{"href":"https:\/\/www.dharanastyle.com\/ca\/wp-json\/wp\/v2\/media?parent=3445"}],"wp:term":[{"taxonomy":"product_cat","embeddable":true,"href":"https:\/\/www.dharanastyle.com\/ca\/wp-json\/wp\/v2\/product_cat?post=3445"},{"taxonomy":"product_tag","embeddable":true,"href":"https:\/\/www.dharanastyle.com\/ca\/wp-json\/wp\/v2\/product_tag?post=3445"}],"curies":[{"name":"wp","href":"https:\/\/api.w.org\/{rel}","templated":true}]}}