{"id":3392,"date":"2024-01-21T16:30:25","date_gmt":"2024-01-21T15:30:25","guid":{"rendered":"https:\/\/dharanastyle.com\/tienda\/sin%20categor\u00eda\/leggings-de-yoga-13\/"},"modified":"2024-07-28T12:24:30","modified_gmt":"2024-07-28T10:24:30","slug":"leggings-de-yoga-13","status":"publish","type":"product","link":"https:\/\/www.dharanastyle.com\/ca\/tienda\/leggings\/leggings-yoga-cintura-alta\/leggings-de-yoga-13\/","title":{"rendered":"Leggings de ioga amb Mandala Blava maragda"},"content":{"rendered":"<p>Embarca&#039;t en un viatge espiritual amb la nostra captivadora col\u00b7lecci\u00f3 de leggings de ioga, on la moda s&#039;entrella\u00e7a amb l&#039;ess\u00e8ncia tribal d&#039;inspiradors motius tipus mandala. Submergeix-te en la profunditat de la teva pr\u00e0ctica di\u00e0ria amb els nostres estampats \u00fanics que capturen l&#039;espiritualitat, la connexi\u00f3 i l&#039;empoderament.<\/p>\n<p>Confeccionats amb teixits suaus i el\u00e0stics que abracen cada moviment amb gr\u00e0cia, els nostres leggings ofereixen una experi\u00e8ncia de comoditat mentre et connectes amb l&#039;ess\u00e8ncia del teu \u00e9sser interior. Cada disseny reflecteix la riquesa de la tradici\u00f3 tribal i la m\u00e0gia dels mandales, portant la for\u00e7a i l&#039;eleg\u00e0ncia de l&#039;espiritualitat.<\/p>\n<p>Explora la fusi\u00f3 perfecta entre estil i benestar mentre nodreixes la teva pr\u00e0ctica de ioga. Els nostres leggings no nom\u00e9s s\u00f3n una elecci\u00f3 conscient, sin\u00f3 tamb\u00e9 una expressi\u00f3 de la dona empoderada que troba inspiraci\u00f3 en la connexi\u00f3 amb el seu \u00e9sser i la riquesa espiritual.<\/p>\n<p>Eleva el teu estil i energia amb els nostres leggings de ioga. Descobreix l&#039;harmonia entre moda, funcionalitat i m\u00e0gica espiritualitat dels motius tribals tipus mandala. #LeggingsTribals #Espiritualitat #YogaEmpoderat<\/p>\n<p>Leggings de ioga molt suaus, el\u00e0stics i c\u00f2modes. Demana&#039;ls i gaudeix de la teva propera sessi\u00f3 de ioga c\u00f2modament!<\/p>\n<p>\u2022 82% poil\u00e9ster, 18% elast\u00e0<br \/>\n\u2022 El material s&#039;estira a les 4 direccions, \u00e9s a dir, la tela s&#039;estira i es recupera als fils de la trama i de l&#039;ordit<br \/>\n\u2022 Elaborats amb fil de microfibra suau i agradable al tacte<br \/>\n\u2022 Cintura alta<br \/>\n\u2022 Tall de precisi\u00f3 i cosit a m\u00e0 despr\u00e9s del proc\u00e9s d&#039;estampaci\u00f3<\/p>","protected":false},"excerpt":{"rendered":"<p>Emb\u00e1rcate en un viaje espiritual con nuestra cautivadora colecci\u00f3n de leggings de yoga, donde la moda se entrelaza con la esencia tribal de inspiradores motivos tipo mandala. Sum\u00e9rgete en la&#8230;<\/p>","protected":false},"featured_media":3708,"comment_status":"open","ping_status":"closed","template":"","meta":{"jetpack_post_was_ever_published":false,"jetpack_publicize_message":"","jetpack_publicize_feature_enabled":true,"jetpack_social_post_already_shared":true,"jetpack_social_options":{"image_generator_settings":{"template":"highway","enabled":false},"version":2}},"product_cat":[15,85,177],"product_tag":[114],"class_list":{"0":"post-3392","1":"product","2":"type-product","3":"status-publish","4":"has-post-thumbnail","6":"product_cat-conjuntos","7":"product_cat-leggings","8":"product_cat-leggings-yoga-cintura-alta","9":"product_tag-mandala","11":"first","12":"instock","13":"taxable","14":"shipping-taxable","15":"purchasable","16":"product-type-variable"},"jetpack_publicize_connections":[],"aioseo_notices":[],"jetpack_sharing_enabled":true,"_links":{"self":[{"href":"https:\/\/www.dharanastyle.com\/ca\/wp-json\/wp\/v2\/product\/3392","targetHints":{"allow":["GET"]}}],"collection":[{"href":"https:\/\/www.dharanastyle.com\/ca\/wp-json\/wp\/v2\/product"}],"about":[{"href":"https:\/\/www.dharanastyle.com\/ca\/wp-json\/wp\/v2\/types\/product"}],"replies":[{"embeddable":true,"href":"https:\/\/www.dharanastyle.com\/ca\/wp-json\/wp\/v2\/comments?post=3392"}],"wp:featuredmedia":[{"embeddable":true,"href":"https:\/\/www.dharanastyle.com\/ca\/wp-json\/wp\/v2\/media\/3708"}],"wp:attachment":[{"href":"https:\/\/www.dharanastyle.com\/ca\/wp-json\/wp\/v2\/media?parent=3392"}],"wp:term":[{"taxonomy":"product_cat","embeddable":true,"href":"https:\/\/www.dharanastyle.com\/ca\/wp-json\/wp\/v2\/product_cat?post=3392"},{"taxonomy":"product_tag","embeddable":true,"href":"https:\/\/www.dharanastyle.com\/ca\/wp-json\/wp\/v2\/product_tag?post=3392"}],"curies":[{"name":"wp","href":"https:\/\/api.w.org\/{rel}","templated":true}]}}