{"id":3369,"date":"2024-01-21T15:50:45","date_gmt":"2024-01-21T14:50:45","guid":{"rendered":"https:\/\/dharanastyle.com\/tienda\/sin%20categor\u00eda\/leggings-de-yoga-12\/"},"modified":"2024-07-28T14:59:47","modified_gmt":"2024-07-28T12:59:47","slug":"leggings-de-yoga-12","status":"publish","type":"product","link":"https:\/\/www.dharanastyle.com\/ca\/tienda\/leggings\/leggings-yoga-cintura-alta\/leggings-de-yoga-12\/","title":{"rendered":"Leggings de ioga amb estil vintage 60&#039;s"},"content":{"rendered":"<p>Submergeix-te en la nost\u00e0lgia elegant amb la nostra captivadora col\u00b7lecci\u00f3 de leggings de ioga, on la moda abra\u00e7a la vibraci\u00f3 retro dels anys 80 en tonalitats blaves. Descobriu l&#039;encant del vintage degradat amb els nostres estampats exclusius, que capturen l&#039;autenticitat i l&#039;estil atemporal d&#039;aquesta \u00e8poca daurada en tons blaus.<\/p>\n<p>Confeccionats amb teixits suaus i el\u00e0stics que abracen cada moviment amb eleg\u00e0ncia, els nostres leggings ofereixen una experi\u00e8ncia de comoditat mentre et submergeixes a l&#039;est\u00e8tica retro blava de la teva pr\u00e0ctica di\u00e0ria. Cada disseny reflecteix la nost\u00e0lgia i l&#039;atemporalitat de l&#039;estil dels anys 80, portant la m\u00e0gia d&#039;un vintage degradat en tons blaus.<\/p>\n<p>Explora la fusi\u00f3 perfecta entre eleg\u00e0ncia retro i benestar mentre nodreixes la teva pr\u00e0ctica de ioga.<\/p>\n<p>Eleva el teu estil i energia amb els nostres leggings de ioga. Descobreix l&#039;harmonia entre moda, funcionalitat i la m\u00e0gica eleg\u00e0ncia del vintage degradat en tons blaus dels anys 80. #LeggingsVintage #EstiloRetroAzul #Yoga80sVintage<\/p>\n<p>Leggings de ioga molt suaus, el\u00e0stics i c\u00f2modes. Demana&#039;ls i gaudeix de la teva propera sessi\u00f3 de ioga c\u00f2modament!<\/p>\n<p>\u2022 82% poil\u00e9ster, 18% elast\u00e0<br \/>\n\u2022 El material s&#039;estira a les 4 direccions, \u00e9s a dir, la tela s&#039;estira i es recupera als fils de la trama i de l&#039;ordit<br \/>\n\u2022 Elaborats amb fil de microfibra suau i agradable al tacte<br \/>\n\u2022 Cintura alta<br \/>\n\u2022 Tall de precisi\u00f3 i cosit a m\u00e0 despr\u00e9s del proc\u00e9s d&#039;estampaci\u00f3<\/p>","protected":false},"excerpt":{"rendered":"<p>Sum\u00e9rgete en la nostalgia elegante con nuestra cautivadora colecci\u00f3n de leggings de yoga, donde la moda abraza la vibraci\u00f3n retro de los a\u00f1os 80 en tonalidades azules. Descubre el encanto&#8230;<\/p>","protected":false},"featured_media":3915,"comment_status":"open","ping_status":"closed","template":"","meta":{"jetpack_post_was_ever_published":false,"jetpack_publicize_message":"","jetpack_publicize_feature_enabled":true,"jetpack_social_post_already_shared":true,"jetpack_social_options":{"image_generator_settings":{"template":"highway","enabled":false},"version":2}},"product_cat":[85,177],"product_tag":[120,116,117],"class_list":{"0":"post-3369","1":"product","2":"type-product","3":"status-publish","4":"has-post-thumbnail","6":"product_cat-leggings","7":"product_cat-leggings-yoga-cintura-alta","8":"product_tag-colorido","9":"product_tag-retro","10":"product_tag-vintage","12":"first","13":"instock","14":"taxable","15":"shipping-taxable","16":"purchasable","17":"product-type-variable"},"jetpack_publicize_connections":[],"aioseo_notices":[],"jetpack_sharing_enabled":true,"_links":{"self":[{"href":"https:\/\/www.dharanastyle.com\/ca\/wp-json\/wp\/v2\/product\/3369","targetHints":{"allow":["GET"]}}],"collection":[{"href":"https:\/\/www.dharanastyle.com\/ca\/wp-json\/wp\/v2\/product"}],"about":[{"href":"https:\/\/www.dharanastyle.com\/ca\/wp-json\/wp\/v2\/types\/product"}],"replies":[{"embeddable":true,"href":"https:\/\/www.dharanastyle.com\/ca\/wp-json\/wp\/v2\/comments?post=3369"}],"wp:featuredmedia":[{"embeddable":true,"href":"https:\/\/www.dharanastyle.com\/ca\/wp-json\/wp\/v2\/media\/3915"}],"wp:attachment":[{"href":"https:\/\/www.dharanastyle.com\/ca\/wp-json\/wp\/v2\/media?parent=3369"}],"wp:term":[{"taxonomy":"product_cat","embeddable":true,"href":"https:\/\/www.dharanastyle.com\/ca\/wp-json\/wp\/v2\/product_cat?post=3369"},{"taxonomy":"product_tag","embeddable":true,"href":"https:\/\/www.dharanastyle.com\/ca\/wp-json\/wp\/v2\/product_tag?post=3369"}],"curies":[{"name":"wp","href":"https:\/\/api.w.org\/{rel}","templated":true}]}}