{"id":3344,"date":"2024-01-21T15:43:35","date_gmt":"2024-01-21T14:43:35","guid":{"rendered":"https:\/\/dharanastyle.com\/tienda\/sin%20categor\u00eda\/leggings-de-yoga-vintage-gradient-80s\/"},"modified":"2024-04-13T11:40:04","modified_gmt":"2024-04-13T09:40:04","slug":"leggings-de-yoga-vintage-gradient-80s","status":"publish","type":"product","link":"https:\/\/www.dharanastyle.com\/ca\/tienda\/leggings\/leggings-yoga-cintura-alta\/leggings-de-yoga-vintage-gradient-80s\/","title":{"rendered":"Leggings de ioga Vintage Gradient 80&#039;s"},"content":{"rendered":"<p>Embarca&#039;t en un viatge nost\u00e0lgic amb la nostra encantadora col\u00b7lecci\u00f3 de leggings de ioga, on la moda es fusiona amb la vibraci\u00f3 retro dels anys 80. Submergeix-te en l&#039;ess\u00e8ncia vintage amb els nostres exclusius estampats de degradat, que capturen l&#039;encant i l&#039;autenticitat d&#039;aquella \u00e8poca daurada.<\/p>\n<p>Confeccionats amb teixits suaus i el\u00e0stics que abracen amb estil cada moviment, els nostres leggings ofereixen una experi\u00e8ncia de comoditat mentre et submergeixes a l&#039;est\u00e8tica retro de la teva pr\u00e0ctica di\u00e0ria. Cada disseny reflecteix la nost\u00e0lgia i l&#039;atemporalitat de l&#039;estil dels anys 80, portant la m\u00e0gia d&#039;un vintage degradat.<\/p>\n<p>Explora la fusi\u00f3 perfecta entre eleg\u00e0ncia retro i benestar mentre nodreixes la teva pr\u00e0ctica de ioga.<\/p>\n<p>Eleva el teu estil i energia amb els nostres leggings de ioga. Descobreix l&#039;harmonia entre la moda, la funcionalitat i la m\u00e0gia del degradat vintage dels 80&#039;s. #LeggingsVintage #estiloRetro #Yoga80sVintage<br \/>\nLeggings de ioga molt suaus, el\u00e0stics i c\u00f2modes. Demana&#039;ls i gaudeix de la teva propera sessi\u00f3 de ioga c\u00f2modament!<\/p>\n<p>\u2022 82% poil\u00e9ster, 18% elast\u00e0<br \/>\n\u2022 El material s&#039;estira a les 4 direccions, \u00e9s a dir, la tela s&#039;estira i es recupera als fils de la trama i de l&#039;ordit<br \/>\n\u2022 Elaborats amb fil de microfibra suau i agradable al tacte<br \/>\n\u2022 Cintura alta<br \/>\n\u2022 Tall de precisi\u00f3 i cosit a m\u00e0 despr\u00e9s del proc\u00e9s d&#039;estampaci\u00f3<\/p>","protected":false},"excerpt":{"rendered":"<p>Emb\u00e1rcate en un viaje nost\u00e1lgico con nuestra encantadora colecci\u00f3n de leggings de yoga, donde la moda se fusiona con la vibraci\u00f3n retro de los a\u00f1os 80. Sum\u00e9rgete en la esencia&#8230;<\/p>","protected":false},"featured_media":3695,"comment_status":"open","ping_status":"closed","template":"","meta":{"jetpack_post_was_ever_published":false,"jetpack_publicize_message":"","jetpack_publicize_feature_enabled":true,"jetpack_social_post_already_shared":true,"jetpack_social_options":{"image_generator_settings":{"template":"highway","enabled":false},"version":2}},"product_cat":[85,177],"product_tag":[120,116,117],"class_list":{"0":"post-3344","1":"product","2":"type-product","3":"status-publish","4":"has-post-thumbnail","6":"product_cat-leggings","7":"product_cat-leggings-yoga-cintura-alta","8":"product_tag-colorido","9":"product_tag-retro","10":"product_tag-vintage","12":"first","13":"instock","14":"taxable","15":"shipping-taxable","16":"purchasable","17":"product-type-variable"},"jetpack_publicize_connections":[],"aioseo_notices":[],"jetpack_sharing_enabled":true,"_links":{"self":[{"href":"https:\/\/www.dharanastyle.com\/ca\/wp-json\/wp\/v2\/product\/3344","targetHints":{"allow":["GET"]}}],"collection":[{"href":"https:\/\/www.dharanastyle.com\/ca\/wp-json\/wp\/v2\/product"}],"about":[{"href":"https:\/\/www.dharanastyle.com\/ca\/wp-json\/wp\/v2\/types\/product"}],"replies":[{"embeddable":true,"href":"https:\/\/www.dharanastyle.com\/ca\/wp-json\/wp\/v2\/comments?post=3344"}],"wp:featuredmedia":[{"embeddable":true,"href":"https:\/\/www.dharanastyle.com\/ca\/wp-json\/wp\/v2\/media\/3695"}],"wp:attachment":[{"href":"https:\/\/www.dharanastyle.com\/ca\/wp-json\/wp\/v2\/media?parent=3344"}],"wp:term":[{"taxonomy":"product_cat","embeddable":true,"href":"https:\/\/www.dharanastyle.com\/ca\/wp-json\/wp\/v2\/product_cat?post=3344"},{"taxonomy":"product_tag","embeddable":true,"href":"https:\/\/www.dharanastyle.com\/ca\/wp-json\/wp\/v2\/product_tag?post=3344"}],"curies":[{"name":"wp","href":"https:\/\/api.w.org\/{rel}","templated":true}]}}