{"id":3321,"date":"2024-01-21T15:34:32","date_gmt":"2024-01-21T14:34:32","guid":{"rendered":"https:\/\/dharanastyle.com\/tienda\/sin%20categor\u00eda\/leggings-de-yoga-energia-cosmica-turquesa\/"},"modified":"2024-04-13T11:40:14","modified_gmt":"2024-04-13T09:40:14","slug":"leggings-de-yoga-energia-cosmica-turquesa","status":"publish","type":"product","link":"https:\/\/www.dharanastyle.com\/ca\/tienda\/leggings\/leggings-yoga-cintura-alta\/leggings-de-yoga-energia-cosmica-turquesa\/","title":{"rendered":"Leggings de ioga energia c\u00f2smica turquesa"},"content":{"rendered":"<p>Embarca&#039;t en un viatge c\u00f2smic de serenitat i estil amb la nostra enlluernadora col\u00b7lecci\u00f3 de leggings de ioga, on la moda es troba amb l&#039;en\u00e8rgica gal\u00e0xia en tonalitats blaves. de colors blaus que reflecteixen la pau i lenergia del cosmos.<\/p>\n<p>Confeccionats amb teixits suaus i el\u00e0stics que abracen graciosament cada moviment, els nostres leggings ofereixen una experi\u00e8ncia de comoditat mentre et connectes amb l&#039;ess\u00e8ncia c\u00f2smica a cada postura. tons blaus.<\/p>\n<p>Explora la fusi\u00f3 perfecta entre eleg\u00e0ncia i benestar mentre nodreixes la teva pr\u00e0ctica de ioga. Els nostres leggings no s\u00f3n nom\u00e9s una elecci\u00f3 conscient, sin\u00f3 tamb\u00e9 una expressi\u00f3 de la dona empoderada que troba inspiraci\u00f3 en la majestuositat de l&#039;univers.<\/p>\n<p>Eleva el teu estil i energia amb els nostres leggings de ioga. Descobreix l&#039;harmonia entre moda, funcionalitat i m\u00e0gica energia gal\u00e0ctica en tons blaus. #LeggingsGal\u00e0ctics #ENergiaCelestial #YogaBlauGal\u00e0ctic<br \/>\nLeggings de ioga molt suaus, el\u00e0stics i c\u00f2modes. Demana&#039;ls i gaudeix de la teva propera sessi\u00f3 de ioga c\u00f2modament!<\/p>\n<p>\u2022 82% poil\u00e9ster, 18% elast\u00e0<br \/>\n\u2022 El material s&#039;estira a les 4 direccions, \u00e9s a dir, la tela s&#039;estira i es recupera als fils de la trama i de l&#039;ordit<br \/>\n\u2022 Elaborats amb fil de microfibra suau i agradable al tacte<br \/>\n\u2022 Cintura alta<br \/>\n\u2022 Tall de precisi\u00f3 i cosit a m\u00e0 despr\u00e9s del proc\u00e9s d&#039;estampaci\u00f3<\/p>","protected":false},"excerpt":{"rendered":"<p>Emb\u00e1rcate en un viaje c\u00f3smico de serenidad y estilo con nuestra deslumbrante colecci\u00f3n de leggings de yoga, donde la moda se encuentra con la en\u00e9rgica galaxia en tonalidades azules. Sum\u00e9rgete&#8230;<\/p>","protected":false},"featured_media":4030,"comment_status":"open","ping_status":"closed","template":"","meta":{"jetpack_post_was_ever_published":false,"jetpack_publicize_message":"","jetpack_publicize_feature_enabled":true,"jetpack_social_post_already_shared":true,"jetpack_social_options":{"image_generator_settings":{"template":"highway","enabled":false},"version":2}},"product_cat":[85,177],"product_tag":[130,129],"class_list":{"0":"post-3321","1":"product","2":"type-product","3":"status-publish","4":"has-post-thumbnail","6":"product_cat-leggings","7":"product_cat-leggings-yoga-cintura-alta","8":"product_tag-cosmos","9":"product_tag-energia","11":"first","12":"instock","13":"taxable","14":"shipping-taxable","15":"purchasable","16":"product-type-variable"},"jetpack_publicize_connections":[],"aioseo_notices":[],"jetpack_sharing_enabled":true,"_links":{"self":[{"href":"https:\/\/www.dharanastyle.com\/ca\/wp-json\/wp\/v2\/product\/3321","targetHints":{"allow":["GET"]}}],"collection":[{"href":"https:\/\/www.dharanastyle.com\/ca\/wp-json\/wp\/v2\/product"}],"about":[{"href":"https:\/\/www.dharanastyle.com\/ca\/wp-json\/wp\/v2\/types\/product"}],"replies":[{"embeddable":true,"href":"https:\/\/www.dharanastyle.com\/ca\/wp-json\/wp\/v2\/comments?post=3321"}],"wp:featuredmedia":[{"embeddable":true,"href":"https:\/\/www.dharanastyle.com\/ca\/wp-json\/wp\/v2\/media\/4030"}],"wp:attachment":[{"href":"https:\/\/www.dharanastyle.com\/ca\/wp-json\/wp\/v2\/media?parent=3321"}],"wp:term":[{"taxonomy":"product_cat","embeddable":true,"href":"https:\/\/www.dharanastyle.com\/ca\/wp-json\/wp\/v2\/product_cat?post=3321"},{"taxonomy":"product_tag","embeddable":true,"href":"https:\/\/www.dharanastyle.com\/ca\/wp-json\/wp\/v2\/product_tag?post=3321"}],"curies":[{"name":"wp","href":"https:\/\/api.w.org\/{rel}","templated":true}]}}