{"id":3299,"date":"2024-01-21T15:24:02","date_gmt":"2024-01-21T14:24:02","guid":{"rendered":"https:\/\/dharanastyle.com\/tienda\/sin%20categor\u00eda\/leggings-de-yoga-11\/"},"modified":"2024-07-28T12:30:40","modified_gmt":"2024-07-28T10:30:40","slug":"leggings-de-yoga-11","status":"publish","type":"product","link":"https:\/\/www.dharanastyle.com\/ca\/tienda\/leggings\/leggings-yoga-cintura-alta\/leggings-de-yoga-11\/","title":{"rendered":"Leggings de ioga Cosmos Blau"},"content":{"rendered":"<p>Embarca&#039;t en un viatge celestial amb la nostra captivadora col\u00b7lecci\u00f3 de leggings de ioga, on la moda es fusiona amb la vibrant energia gal\u00e0ctica en tons blaus. colors blaus que reflecteixen la serenitat i lenergia de lunivers.<\/p>\n<p>Confeccionats amb teixits suaus i el\u00e0stics que abracen cada moviment, els nostres leggings ofereixen una experi\u00e8ncia c\u00f2moda mentre et submergeixes a l&#039;ess\u00e8ncia celestial de la teva pr\u00e0ctica di\u00e0ria. Cada patr\u00f3 celebra la vastedat de l&#039;espai, portant la m\u00e0gia i la misteriosa harmonia de les gal\u00e0xies en tonalitats blaves.<\/p>\n<p>Explora la fusi\u00f3 perfecta entre estil i comoditat mentre nodreixes la teva pr\u00e0ctica de ioga. Els nostres leggings no nom\u00e9s s\u00f3n una elecci\u00f3 conscient, sin\u00f3 tamb\u00e9 una expressi\u00f3 de la dona empoderada que troba inspiraci\u00f3 en la majestuositat del cosmos.<\/p>\n<p>Eleva el teu estil i energia amb els nostres leggings de ioga. Descobreix l&#039;harmonia entre moda, funcionalitat i m\u00e0gica energia gal\u00e0ctica en tons blaus. #LeggingsGal\u00e0ctics #ENergiaCelestial #YogaBlauGal\u00e0ctic<\/p>\n<p>Leggings de ioga molt suaus, el\u00e0stics i c\u00f2modes. Demana&#039;ls i gaudeix de la teva propera sessi\u00f3 de ioga c\u00f2modament!<\/p>\n<p>\u2022 82% poil\u00e9ster, 18% elast\u00e0<br \/>\n\u2022 El material s&#039;estira a les 4 direccions, \u00e9s a dir, la tela s&#039;estira i es recupera als fils de la trama i de l&#039;ordit<br \/>\n\u2022 Elaborats amb fil de microfibra suau i agradable al tacte<br \/>\n\u2022 Cintura alta<br \/>\n\u2022 Tall de precisi\u00f3 i cosit a m\u00e0 despr\u00e9s del proc\u00e9s d&#039;estampaci\u00f3<\/p>","protected":false},"excerpt":{"rendered":"<p>Emb\u00e1rcate en un viaje celestial con nuestra cautivadora colecci\u00f3n de leggings de yoga, donde la moda se fusiona con la vibrante energ\u00eda gal\u00e1ctica en tonos azules. Sum\u00e9rgete en la profundidad&#8230;<\/p>","protected":false},"featured_media":3896,"comment_status":"open","ping_status":"closed","template":"","meta":{"jetpack_post_was_ever_published":false,"jetpack_publicize_message":"","jetpack_publicize_feature_enabled":true,"jetpack_social_post_already_shared":true,"jetpack_social_options":{"image_generator_settings":{"template":"highway","enabled":false},"version":2}},"product_cat":[15,85,177],"product_tag":[130,129],"class_list":{"0":"post-3299","1":"product","2":"type-product","3":"status-publish","4":"has-post-thumbnail","6":"product_cat-conjuntos","7":"product_cat-leggings","8":"product_cat-leggings-yoga-cintura-alta","9":"product_tag-cosmos","10":"product_tag-energia","12":"first","13":"instock","14":"taxable","15":"shipping-taxable","16":"purchasable","17":"product-type-variable"},"jetpack_publicize_connections":[],"aioseo_notices":[],"jetpack_sharing_enabled":true,"_links":{"self":[{"href":"https:\/\/www.dharanastyle.com\/ca\/wp-json\/wp\/v2\/product\/3299","targetHints":{"allow":["GET"]}}],"collection":[{"href":"https:\/\/www.dharanastyle.com\/ca\/wp-json\/wp\/v2\/product"}],"about":[{"href":"https:\/\/www.dharanastyle.com\/ca\/wp-json\/wp\/v2\/types\/product"}],"replies":[{"embeddable":true,"href":"https:\/\/www.dharanastyle.com\/ca\/wp-json\/wp\/v2\/comments?post=3299"}],"wp:featuredmedia":[{"embeddable":true,"href":"https:\/\/www.dharanastyle.com\/ca\/wp-json\/wp\/v2\/media\/3896"}],"wp:attachment":[{"href":"https:\/\/www.dharanastyle.com\/ca\/wp-json\/wp\/v2\/media?parent=3299"}],"wp:term":[{"taxonomy":"product_cat","embeddable":true,"href":"https:\/\/www.dharanastyle.com\/ca\/wp-json\/wp\/v2\/product_cat?post=3299"},{"taxonomy":"product_tag","embeddable":true,"href":"https:\/\/www.dharanastyle.com\/ca\/wp-json\/wp\/v2\/product_tag?post=3299"}],"curies":[{"name":"wp","href":"https:\/\/api.w.org\/{rel}","templated":true}]}}