{"id":3276,"date":"2024-01-21T14:08:21","date_gmt":"2024-01-21T13:08:21","guid":{"rendered":"https:\/\/dharanastyle.com\/tienda\/sin%20categor\u00eda\/leggings-de-yoga-10\/"},"modified":"2024-07-28T14:58:24","modified_gmt":"2024-07-28T12:58:24","slug":"leggings-de-yoga-10","status":"publish","type":"product","link":"https:\/\/www.dharanastyle.com\/ca\/tienda\/leggings\/leggings-yoga-cintura-alta\/leggings-de-yoga-10\/","title":{"rendered":"Leggings de ioga energia del Cosmos"},"content":{"rendered":"<p>Embarca&#039;t en un viatge c\u00f2smic amb la nostra fascinant col\u00b7lecci\u00f3 de leggings de ioga, on la moda es troba amb l&#039;energia estel\u00b7lar. Submergeix-te en la majestuositat de la gal\u00e0xia amb els nostres exclusius estampats c\u00f2smics. Cada parell de legging \u00e9s una finestra cap a l&#039;univers, amb un disseny que captura l&#039;ess\u00e8ncia de l&#039;energia c\u00f2smica i la meravella celestial.<\/p>\n<p>Confeccionats amb teixits suaus i el\u00e0stics que abracen cada moviment, els nostres leggings ofereixen un confort excepcional mentre et connectes amb les vibracions del cosmos a cada posat.<\/p>\n<p>Explora la fusi\u00f3 perfecta entre estil i comoditat mentre nodreixes la teva pr\u00e0ctica de ioga.<\/p>\n<p>Eleva el teu estil i energia amb els nostres leggings de ioga. Descobriu l&#039;harmonia entre moda, funcionalitat i la m\u00e0gia de l&#039;energia c\u00f2smica. #LeggingsC\u00f2smics #EnergiaGal\u00e0ctica #YogaEstelar<\/p>\n<p>Leggings de ioga molt suaus, el\u00e0stics i c\u00f2modes. Demana&#039;ls i gaudeix de la teva propera sessi\u00f3 de ioga c\u00f2modament!<\/p>\n<p>\u2022 82% poil\u00e9ster, 18% elast\u00e0<br \/>\n\u2022 El material s&#039;estira a les 4 direccions, \u00e9s a dir, la tela s&#039;estira i es recupera als fils de la trama i de l&#039;ordit<br \/>\n\u2022 Elaborats amb fil de microfibra suau i agradable al tacte<br \/>\n\u2022 Cintura alta<br \/>\n\u2022 Tall de precisi\u00f3 i cosit a m\u00e0 despr\u00e9s del proc\u00e9s d&#039;estampaci\u00f3<\/p>","protected":false},"excerpt":{"rendered":"<p>Emb\u00e1rcate en un viaje c\u00f3smico con nuestra fascinante colecci\u00f3n de leggings de yoga, donde la moda se encuentra con la energ\u00eda estelar. Sum\u00e9rgete en la majestuosidad de la galaxia con&#8230;<\/p>","protected":false},"featured_media":3734,"comment_status":"open","ping_status":"closed","template":"","meta":{"jetpack_post_was_ever_published":false,"jetpack_publicize_message":"","jetpack_publicize_feature_enabled":true,"jetpack_social_post_already_shared":true,"jetpack_social_options":{"image_generator_settings":{"template":"highway","enabled":false},"version":2}},"product_cat":[85,177],"product_tag":[130,129],"class_list":{"0":"post-3276","1":"product","2":"type-product","3":"status-publish","4":"has-post-thumbnail","6":"product_cat-leggings","7":"product_cat-leggings-yoga-cintura-alta","8":"product_tag-cosmos","9":"product_tag-energia","11":"first","12":"instock","13":"taxable","14":"shipping-taxable","15":"purchasable","16":"product-type-variable"},"jetpack_publicize_connections":[],"aioseo_notices":[],"jetpack_sharing_enabled":true,"_links":{"self":[{"href":"https:\/\/www.dharanastyle.com\/ca\/wp-json\/wp\/v2\/product\/3276","targetHints":{"allow":["GET"]}}],"collection":[{"href":"https:\/\/www.dharanastyle.com\/ca\/wp-json\/wp\/v2\/product"}],"about":[{"href":"https:\/\/www.dharanastyle.com\/ca\/wp-json\/wp\/v2\/types\/product"}],"replies":[{"embeddable":true,"href":"https:\/\/www.dharanastyle.com\/ca\/wp-json\/wp\/v2\/comments?post=3276"}],"wp:featuredmedia":[{"embeddable":true,"href":"https:\/\/www.dharanastyle.com\/ca\/wp-json\/wp\/v2\/media\/3734"}],"wp:attachment":[{"href":"https:\/\/www.dharanastyle.com\/ca\/wp-json\/wp\/v2\/media?parent=3276"}],"wp:term":[{"taxonomy":"product_cat","embeddable":true,"href":"https:\/\/www.dharanastyle.com\/ca\/wp-json\/wp\/v2\/product_cat?post=3276"},{"taxonomy":"product_tag","embeddable":true,"href":"https:\/\/www.dharanastyle.com\/ca\/wp-json\/wp\/v2\/product_tag?post=3276"}],"curies":[{"name":"wp","href":"https:\/\/api.w.org\/{rel}","templated":true}]}}