{"id":3228,"date":"2024-01-20T23:40:20","date_gmt":"2024-01-20T22:40:20","guid":{"rendered":"https:\/\/dharanastyle.com\/tienda\/sin%20categor\u00eda\/leggings-de-yoga-mandala-blues\/"},"modified":"2024-04-13T11:40:57","modified_gmt":"2024-04-13T09:40:57","slug":"leggings-de-yoga-mandala-blues","status":"publish","type":"product","link":"https:\/\/www.dharanastyle.com\/ca\/tienda\/leggings\/leggings-yoga-cintura-alta\/leggings-de-yoga-mandala-blues\/","title":{"rendered":"Leggings de ioga Mandala blue"},"content":{"rendered":"<p>Embarca&#039;t en un viatge espiritual i estilitzat amb la nostra nova col\u00b7lecci\u00f3 de leggings de ioga. Descobreix la fusi\u00f3 perfecta de comoditat i significat, mentre et submergeixes a l&#039;encant de l&#039;estil hippie amb els nostres estampats \u00fanics. Cada parell de leggings presenta un disseny inspirat en l&#039;estil mandala, amb un fons destenyit que afegeix un toc de boh\u00e8mia i serenitat a la teva pr\u00e0ctica.<\/p>\n<p>Confeccionats amb teixits suaus i el\u00e0stics que s&#039;adapten a cada moviment, els nostres leggings ofereixen una experi\u00e8ncia d&#039;\u00fas incomparable. Cada patr\u00f3 reflecteix l&#039;ess\u00e8ncia de l&#039;art hippie capturant la bellesa i la connexi\u00f3 espiritual a cada detall.<\/p>\n<p>Explora la fusi\u00f3 de moda i confort mentre et submergeixes en la teva pr\u00e0ctica de ioga.<\/p>\n<p>Eleva el teu estil i energia amb els nostres leggings de ioga. Troba la combinaci\u00f3 perfecta entre moda, funcionalitat i espiritualitat hippie. #LeggingsHippie #EstiloMandala #YogaBohemi<br \/>\nLeggings de ioga molt suaus, el\u00e0stics i c\u00f2modes. Demana&#039;ls i gaudeix de la teva propera sessi\u00f3 de ioga c\u00f2modament!<\/p>\n<p>\u2022 82% poil\u00e9ster, 18% elast\u00e0<br \/>\n\u2022 El material s&#039;estira a les 4 direccions, \u00e9s a dir, la tela s&#039;estira i es recupera als fils de la trama i de l&#039;ordit<br \/>\n\u2022 Elaborats amb fil de microfibra suau i agradable al tacte<br \/>\n\u2022 Cintura alta<br \/>\n\u2022 Tall de precisi\u00f3 i cosit a m\u00e0 despr\u00e9s del proc\u00e9s d&#039;estampaci\u00f3<\/p>","protected":false},"excerpt":{"rendered":"<p>Emb\u00e1rcate en un viaje espiritual y estilizado con nuestra nueva colecci\u00f3n de leggings de yoga. Descubre la fusi\u00f3n perfecta de comodidad y significado, mientras te sumerges en el encanto del&#8230;<\/p>","protected":false},"featured_media":4014,"comment_status":"open","ping_status":"closed","template":"","meta":{"jetpack_post_was_ever_published":false,"jetpack_publicize_message":"","jetpack_publicize_feature_enabled":true,"jetpack_social_post_already_shared":true,"jetpack_social_options":{"image_generator_settings":{"template":"highway","enabled":false},"version":2}},"product_cat":[85,177],"product_tag":[114],"class_list":{"0":"post-3228","1":"product","2":"type-product","3":"status-publish","4":"has-post-thumbnail","6":"product_cat-leggings","7":"product_cat-leggings-yoga-cintura-alta","8":"product_tag-mandala","10":"first","11":"instock","12":"taxable","13":"shipping-taxable","14":"purchasable","15":"product-type-variable"},"jetpack_publicize_connections":[],"aioseo_notices":[],"jetpack_sharing_enabled":true,"_links":{"self":[{"href":"https:\/\/www.dharanastyle.com\/ca\/wp-json\/wp\/v2\/product\/3228","targetHints":{"allow":["GET"]}}],"collection":[{"href":"https:\/\/www.dharanastyle.com\/ca\/wp-json\/wp\/v2\/product"}],"about":[{"href":"https:\/\/www.dharanastyle.com\/ca\/wp-json\/wp\/v2\/types\/product"}],"replies":[{"embeddable":true,"href":"https:\/\/www.dharanastyle.com\/ca\/wp-json\/wp\/v2\/comments?post=3228"}],"wp:featuredmedia":[{"embeddable":true,"href":"https:\/\/www.dharanastyle.com\/ca\/wp-json\/wp\/v2\/media\/4014"}],"wp:attachment":[{"href":"https:\/\/www.dharanastyle.com\/ca\/wp-json\/wp\/v2\/media?parent=3228"}],"wp:term":[{"taxonomy":"product_cat","embeddable":true,"href":"https:\/\/www.dharanastyle.com\/ca\/wp-json\/wp\/v2\/product_cat?post=3228"},{"taxonomy":"product_tag","embeddable":true,"href":"https:\/\/www.dharanastyle.com\/ca\/wp-json\/wp\/v2\/product_tag?post=3228"}],"curies":[{"name":"wp","href":"https:\/\/api.w.org\/{rel}","templated":true}]}}