{"id":3207,"date":"2024-01-20T23:15:19","date_gmt":"2024-01-20T22:15:19","guid":{"rendered":"https:\/\/dharanastyle.com\/tienda\/sin%20categor\u00eda\/leggings-de-yoga-morado-mandalas\/"},"modified":"2024-04-13T11:41:08","modified_gmt":"2024-04-13T09:41:08","slug":"leggings-de-yoga-morado-mandalas","status":"publish","type":"product","link":"https:\/\/www.dharanastyle.com\/ca\/tienda\/leggings\/leggings-yoga-cintura-alta\/leggings-de-yoga-morado-mandalas\/","title":{"rendered":"Leggings de ioga Morado Mandales"},"content":{"rendered":"<p>Explora la sinergia entre estil i significat amb la nostra exquisida col\u00b7lecci\u00f3 de leggings de ioga. Dissenyats per elevar cada moment de la teva pr\u00e0ctica, fusionen la comoditat amb la connexi\u00f3 profunda entre el cos i l&#039;esperit. Cada parell de leggings \u00e9s m\u00e9s que una pe\u00e7a; \u00e9s una expressi\u00f3 art\u00edstica d&#039;espiritualitat i el poder intr\u00ednsec femen\u00ed.<\/p>\n<p>Elaborats amb teixits suaus i el\u00e0stics que s&#039;adapten harmoniosament a cada postura, els nostres leggings ofereixen un suport excepcional per a la teva rutina di\u00e0ria.<\/p>\n<p>Submergeix-te en la fusi\u00f3 perfecta de moda i confort mentre abraces la teva pr\u00e0ctica de ioga. S\u00f3n m\u00e9s que una elecci\u00f3 conscient;<\/p>\n<p>Eleva el teu estil i energia amb els nostres leggings de ioga. Troba la combinaci\u00f3 ideal entre moda, funcionalitat i espiritualitat.<\/p>\n<p>Leggings de ioga molt suaus, el\u00e0stics i c\u00f2modes. Demana&#039;ls i gaudeix de la teva propera sessi\u00f3 de ioga c\u00f2modament!<\/p>\n<p>\u2022 82% poil\u00e9ster, 18% elast\u00e0<br \/>\n\u2022 El material s&#039;estira a les 4 direccions, \u00e9s a dir, la tela s&#039;estira i es recupera als fils de la trama i de l&#039;ordit<br \/>\n\u2022 Elaborats amb fil de microfibra suau i agradable al tacte<br \/>\n\u2022 Cintura alta<br \/>\n\u2022 Tall de precisi\u00f3 i cosit a m\u00e0 despr\u00e9s del proc\u00e9s d&#039;estampaci\u00f3<\/p>","protected":false},"excerpt":{"rendered":"<p>Explora la sinergia entre estilo y significado con nuestra exquisita colecci\u00f3n de leggings de yoga. Dise\u00f1ados para elevar cada momento de tu pr\u00e1ctica, fusionan la comodidad con la conexi\u00f3n profunda&#8230;<\/p>","protected":false},"featured_media":3773,"comment_status":"open","ping_status":"closed","template":"","meta":{"jetpack_post_was_ever_published":false,"jetpack_publicize_message":"","jetpack_publicize_feature_enabled":true,"jetpack_social_post_already_shared":true,"jetpack_social_options":{"image_generator_settings":{"template":"highway","enabled":false},"version":2}},"product_cat":[85,177],"product_tag":[114],"class_list":{"0":"post-3207","1":"product","2":"type-product","3":"status-publish","4":"has-post-thumbnail","6":"product_cat-leggings","7":"product_cat-leggings-yoga-cintura-alta","8":"product_tag-mandala","10":"first","11":"instock","12":"taxable","13":"shipping-taxable","14":"purchasable","15":"product-type-variable"},"jetpack_publicize_connections":[],"aioseo_notices":[],"jetpack_sharing_enabled":true,"_links":{"self":[{"href":"https:\/\/www.dharanastyle.com\/ca\/wp-json\/wp\/v2\/product\/3207","targetHints":{"allow":["GET"]}}],"collection":[{"href":"https:\/\/www.dharanastyle.com\/ca\/wp-json\/wp\/v2\/product"}],"about":[{"href":"https:\/\/www.dharanastyle.com\/ca\/wp-json\/wp\/v2\/types\/product"}],"replies":[{"embeddable":true,"href":"https:\/\/www.dharanastyle.com\/ca\/wp-json\/wp\/v2\/comments?post=3207"}],"wp:featuredmedia":[{"embeddable":true,"href":"https:\/\/www.dharanastyle.com\/ca\/wp-json\/wp\/v2\/media\/3773"}],"wp:attachment":[{"href":"https:\/\/www.dharanastyle.com\/ca\/wp-json\/wp\/v2\/media?parent=3207"}],"wp:term":[{"taxonomy":"product_cat","embeddable":true,"href":"https:\/\/www.dharanastyle.com\/ca\/wp-json\/wp\/v2\/product_cat?post=3207"},{"taxonomy":"product_tag","embeddable":true,"href":"https:\/\/www.dharanastyle.com\/ca\/wp-json\/wp\/v2\/product_tag?post=3207"}],"curies":[{"name":"wp","href":"https:\/\/api.w.org\/{rel}","templated":true}]}}