{"id":3184,"date":"2024-01-20T22:58:55","date_gmt":"2024-01-20T21:58:55","guid":{"rendered":"https:\/\/dharanastyle.com\/tienda\/sin%20categor\u00eda\/leggings-de-yoga-turquesa-mandala\/"},"modified":"2024-04-13T11:41:57","modified_gmt":"2024-04-13T09:41:57","slug":"leggings-de-yoga-turquesa-mandala","status":"publish","type":"product","link":"https:\/\/www.dharanastyle.com\/ca\/tienda\/leggings\/leggings-yoga-cintura-alta\/leggings-de-yoga-turquesa-mandala\/","title":{"rendered":"Leggings de ioga Turquesa \/ Mandala"},"content":{"rendered":"<p>Descobreix l&#039;equilibri perfecte entre eleg\u00e0ncia i significat amb la nostra l\u00ednia exclusiva de leggings de ioga. Dissenyats meticulosament per elevar la teva experi\u00e8ncia a cada sessi\u00f3, fusionen la comoditat amb l&#039;ess\u00e8ncia de la connexi\u00f3 entre cos i esperit. Cada parell no nom\u00e9s \u00e9s una pe\u00e7a, \u00e9s una manifestaci\u00f3 de l&#039;espiritualitat i la fortalesa femenina.<\/p>\n<p>Confeccionats amb teixits suaus i el\u00e0stics que s&#039;adapten a cada moviment, els nostres leggings ofereixen un suport excepcional per a la pr\u00e0ctica di\u00e0ria. Des d&#039;estampats inspirats en l&#039;energia femenina fins a missatges sagrats, cada disseny reflecteix la bellesa i el poder innat de la dona.<\/p>\n<p>Submergeix-te en la fusi\u00f3 d&#039;estil i confort mentre abraces la teva pr\u00e0ctica de ioga. Els nostres leggings no nom\u00e9s representen una elecci\u00f3 conscient, sin\u00f3 que tamb\u00e9 s\u00f3n una afirmaci\u00f3 de la dona empoderada que ets.<\/p>\n<p>Eleva el teu estil i energia amb els nostres leggings de ioga. Descobreix la combinaci\u00f3 perfecta entre moda, funcionalitat i espiritualitat. #LeggingsDeYoga #MdonaEmpoderada #YogaWear<br \/>\nLeggings de ioga molt suaus, el\u00e0stics i c\u00f2modes. Demana&#039;ls i gaudeix de la teva propera sessi\u00f3 de ioga c\u00f2modament!<\/p>\n<p>\u2022 82% poil\u00e9ster, 18% elast\u00e0<br \/>\n\u2022 El material s&#039;estira a les 4 direccions, \u00e9s a dir, la tela s&#039;estira i es recupera als fils de la trama i de l&#039;ordit<br \/>\n\u2022 Elaborats amb fil de microfibra suau i agradable al tacte<br \/>\n\u2022 Cintura alta<br \/>\n\u2022 Tall de precisi\u00f3 i cosit a m\u00e0 despr\u00e9s del proc\u00e9s d&#039;estampaci\u00f3<\/p>","protected":false},"excerpt":{"rendered":"<p>Descubre el equilibrio perfecto entre elegancia y significado con nuestra exclusiva l\u00ednea de leggings de yoga. Dise\u00f1ados meticulosamente para elevar tu experiencia en cada sesi\u00f3n, fusionan la comodidad con la&#8230;<\/p>","protected":false},"featured_media":3984,"comment_status":"open","ping_status":"closed","template":"","meta":{"jetpack_post_was_ever_published":false,"jetpack_publicize_message":"","jetpack_publicize_feature_enabled":true,"jetpack_social_post_already_shared":true,"jetpack_social_options":{"image_generator_settings":{"template":"highway","enabled":false},"version":2}},"product_cat":[85,177],"product_tag":[114],"class_list":{"0":"post-3184","1":"product","2":"type-product","3":"status-publish","4":"has-post-thumbnail","6":"product_cat-leggings","7":"product_cat-leggings-yoga-cintura-alta","8":"product_tag-mandala","10":"first","11":"instock","12":"taxable","13":"shipping-taxable","14":"purchasable","15":"product-type-variable"},"jetpack_publicize_connections":[],"aioseo_notices":[],"jetpack_sharing_enabled":true,"_links":{"self":[{"href":"https:\/\/www.dharanastyle.com\/ca\/wp-json\/wp\/v2\/product\/3184","targetHints":{"allow":["GET"]}}],"collection":[{"href":"https:\/\/www.dharanastyle.com\/ca\/wp-json\/wp\/v2\/product"}],"about":[{"href":"https:\/\/www.dharanastyle.com\/ca\/wp-json\/wp\/v2\/types\/product"}],"replies":[{"embeddable":true,"href":"https:\/\/www.dharanastyle.com\/ca\/wp-json\/wp\/v2\/comments?post=3184"}],"wp:featuredmedia":[{"embeddable":true,"href":"https:\/\/www.dharanastyle.com\/ca\/wp-json\/wp\/v2\/media\/3984"}],"wp:attachment":[{"href":"https:\/\/www.dharanastyle.com\/ca\/wp-json\/wp\/v2\/media?parent=3184"}],"wp:term":[{"taxonomy":"product_cat","embeddable":true,"href":"https:\/\/www.dharanastyle.com\/ca\/wp-json\/wp\/v2\/product_cat?post=3184"},{"taxonomy":"product_tag","embeddable":true,"href":"https:\/\/www.dharanastyle.com\/ca\/wp-json\/wp\/v2\/product_tag?post=3184"}],"curies":[{"name":"wp","href":"https:\/\/api.w.org\/{rel}","templated":true}]}}