{"id":3141,"date":"2024-01-20T20:53:16","date_gmt":"2024-01-20T19:53:16","guid":{"rendered":"https:\/\/dharanastyle.com\/tienda\/sin%20categor\u00eda\/leggings-de-yoga-7\/"},"modified":"2024-07-28T14:09:18","modified_gmt":"2024-07-28T12:09:18","slug":"leggings-de-yoga-7","status":"publish","type":"product","link":"https:\/\/www.dharanastyle.com\/ca\/tienda\/leggings\/leggings-yoga-cintura-alta\/leggings-de-yoga-7\/","title":{"rendered":"Leggings de ioga cintura alta. L\u00ednies verticals de colors"},"content":{"rendered":"<p>\u00abDescobreix l?harmonia entre comoditat i significat amb la nostra col\u00b7lecci\u00f3 de leggings de ioga. Dissenyats per elevar la teva pr\u00e0ctica i abra\u00e7ar la connexi\u00f3 entre cos i esperit. Cada parell de leggings \u00e9s m\u00e9s que una pe\u00e7a; \u00e9s una expressi\u00f3 de l&#039;espiritualitat i l&#039;apoderament femen\u00ed.<\/p>\n<p>Fabricats amb teixits suaus i el\u00e0stics que s&#039;adapten a cada posici\u00f3, els nostres leggings ofereixen el suport perfecte per a la teva pr\u00e0ctica di\u00e0ria. Des d&#039;estampats inspirats en l&#039;energia femenina fins a missatges sagrats, cada disseny reflecteix la bellesa i la for\u00e7a de la dona.<\/p>\n<p>Experimenta la fusi\u00f3 d&#039;estil i confort mentre et submergeixes a la teva pr\u00e0ctica de ioga. Els nostres leggings no nom\u00e9s s\u00f3n una elecci\u00f3 conscient, sin\u00f3 tamb\u00e9 una declaraci\u00f3 de la dona empoderada que ets.<\/p>\n<p>\u2022 82% poil\u00e9ster, 18% elast\u00e0<br \/>\n\u2022 El material s&#039;estira a les 4 direccions, \u00e9s a dir, la tela s&#039;estira i es recupera als fils de la trama i de l&#039;ordit<br \/>\n\u2022 Elaborats amb fil de microfibra suau i agradable al tacte<br \/>\n\u2022 Cintura alta<br \/>\n\u2022 Tall de precisi\u00f3 i cosit a m\u00e0 despr\u00e9s del proc\u00e9s d&#039;estampaci\u00f3<\/p>","protected":false},"excerpt":{"rendered":"<p>\u00abDescubre la armon\u00eda entre comodidad y significado con nuestra colecci\u00f3n de leggings de yoga. Dise\u00f1ados para elevar tu pr\u00e1ctica y abrazar la conexi\u00f3n entre cuerpo y esp\u00edritu. Cada par de&#8230;<\/p>","protected":false},"featured_media":3881,"comment_status":"open","ping_status":"closed","template":"","meta":{"jetpack_post_was_ever_published":false,"jetpack_publicize_message":"","jetpack_publicize_feature_enabled":true,"jetpack_social_post_already_shared":true,"jetpack_social_options":{"image_generator_settings":{"template":"highway","enabled":false},"version":2}},"product_cat":[85,177],"product_tag":[116,117],"class_list":{"0":"post-3141","1":"product","2":"type-product","3":"status-publish","4":"has-post-thumbnail","6":"product_cat-leggings","7":"product_cat-leggings-yoga-cintura-alta","8":"product_tag-retro","9":"product_tag-vintage","11":"first","12":"instock","13":"taxable","14":"shipping-taxable","15":"purchasable","16":"product-type-variable"},"jetpack_publicize_connections":[],"aioseo_notices":[],"jetpack_sharing_enabled":true,"_links":{"self":[{"href":"https:\/\/www.dharanastyle.com\/ca\/wp-json\/wp\/v2\/product\/3141","targetHints":{"allow":["GET"]}}],"collection":[{"href":"https:\/\/www.dharanastyle.com\/ca\/wp-json\/wp\/v2\/product"}],"about":[{"href":"https:\/\/www.dharanastyle.com\/ca\/wp-json\/wp\/v2\/types\/product"}],"replies":[{"embeddable":true,"href":"https:\/\/www.dharanastyle.com\/ca\/wp-json\/wp\/v2\/comments?post=3141"}],"wp:featuredmedia":[{"embeddable":true,"href":"https:\/\/www.dharanastyle.com\/ca\/wp-json\/wp\/v2\/media\/3881"}],"wp:attachment":[{"href":"https:\/\/www.dharanastyle.com\/ca\/wp-json\/wp\/v2\/media?parent=3141"}],"wp:term":[{"taxonomy":"product_cat","embeddable":true,"href":"https:\/\/www.dharanastyle.com\/ca\/wp-json\/wp\/v2\/product_cat?post=3141"},{"taxonomy":"product_tag","embeddable":true,"href":"https:\/\/www.dharanastyle.com\/ca\/wp-json\/wp\/v2\/product_tag?post=3141"}],"curies":[{"name":"wp","href":"https:\/\/api.w.org\/{rel}","templated":true}]}}