{"id":3046,"date":"2024-01-20T19:20:09","date_gmt":"2024-01-20T18:20:09","guid":{"rendered":"https:\/\/dharanastyle.com\/tienda\/sin%20categor\u00eda\/leggings-de-yoga-3\/"},"modified":"2024-07-28T12:44:38","modified_gmt":"2024-07-28T10:44:38","slug":"leggings-de-yoga-3","status":"publish","type":"product","link":"https:\/\/www.dharanastyle.com\/ca\/tienda\/leggings\/leggings-yoga-cintura-alta\/leggings-de-yoga-3\/","title":{"rendered":"Leggings de ioga Aquarel\u00b7la vintage"},"content":{"rendered":"<p>Descobreix els nostres leggings de ioga llargs amb cintura alta, dissenyats per real\u00e7ar la teva figura femenina i proporcionar-te la m\u00e0xima comoditat. Confeccionats amb un teixit de gran suavitat, aquests leggings s\u00b4adapten perfectament al teu cos, oferint una sensaci\u00f3 de segona pell.<\/p>\n<p>El disseny presenta un exclusiu estampat de colors pastissos aquarel\u00b7la, que afegeix un toc m\u00edstic i elegant al teu vestit. Perfectes per a qualsevol tipus d&#039;activitat, des de ioga i pilates fins a un dia casual a la ciutat, aquests leggings combinen estil i funcionalitat.<\/p>\n<p>Eleva la teva pr\u00e0ctica de ioga i el teu estil amb els nostres leggings de ioga llargs amb cintura alta. Compra ara i sent la difer\u00e8ncia!<\/p>\n<p>\u2022 82% poil\u00e9ster, 18% elast\u00e0<br \/>\n\u2022 El material s&#039;estira a les 4 direccions, \u00e9s a dir, la tela s&#039;estira i es recupera als fils de la trama i de l&#039;ordit<br \/>\n\u2022 Elaborats amb fil de microfibra suau i agradable al tacte<br \/>\n\u2022 Cintura alta<br \/>\n\u2022 Tall de precisi\u00f3 i cosit a m\u00e0 despr\u00e9s del proc\u00e9s d&#039;estampaci\u00f3<\/p>","protected":false},"excerpt":{"rendered":"<p>Descubre nuestros leggings de yoga largos con cintura alta, dise\u00f1ados para realzar tu figura femenina y proporcionarte la m\u00e1xima comodidad. Confeccionados con un tejido de gran suavidad, estos leggings se&#8230;<\/p>","protected":false},"featured_media":3818,"comment_status":"open","ping_status":"closed","template":"","meta":{"jetpack_post_was_ever_published":false,"jetpack_publicize_message":"","jetpack_publicize_feature_enabled":true,"jetpack_social_post_already_shared":true,"jetpack_social_options":{"image_generator_settings":{"template":"highway","enabled":false},"version":2}},"product_cat":[15,85,177],"product_tag":[113,120,116,117],"class_list":{"0":"post-3046","1":"product","2":"type-product","3":"status-publish","4":"has-post-thumbnail","6":"product_cat-conjuntos","7":"product_cat-leggings","8":"product_cat-leggings-yoga-cintura-alta","9":"product_tag-acuarela","10":"product_tag-colorido","11":"product_tag-retro","12":"product_tag-vintage","14":"first","15":"instock","16":"taxable","17":"shipping-taxable","18":"purchasable","19":"product-type-variable"},"jetpack_publicize_connections":[],"aioseo_notices":[],"jetpack_sharing_enabled":true,"_links":{"self":[{"href":"https:\/\/www.dharanastyle.com\/ca\/wp-json\/wp\/v2\/product\/3046","targetHints":{"allow":["GET"]}}],"collection":[{"href":"https:\/\/www.dharanastyle.com\/ca\/wp-json\/wp\/v2\/product"}],"about":[{"href":"https:\/\/www.dharanastyle.com\/ca\/wp-json\/wp\/v2\/types\/product"}],"replies":[{"embeddable":true,"href":"https:\/\/www.dharanastyle.com\/ca\/wp-json\/wp\/v2\/comments?post=3046"}],"wp:featuredmedia":[{"embeddable":true,"href":"https:\/\/www.dharanastyle.com\/ca\/wp-json\/wp\/v2\/media\/3818"}],"wp:attachment":[{"href":"https:\/\/www.dharanastyle.com\/ca\/wp-json\/wp\/v2\/media?parent=3046"}],"wp:term":[{"taxonomy":"product_cat","embeddable":true,"href":"https:\/\/www.dharanastyle.com\/ca\/wp-json\/wp\/v2\/product_cat?post=3046"},{"taxonomy":"product_tag","embeddable":true,"href":"https:\/\/www.dharanastyle.com\/ca\/wp-json\/wp\/v2\/product_tag?post=3046"}],"curies":[{"name":"wp","href":"https:\/\/api.w.org\/{rel}","templated":true}]}}