{"id":10191,"date":"2024-08-18T21:59:50","date_gmt":"2024-08-18T19:59:50","guid":{"rendered":"https:\/\/dharanastyle.com\/tienda\/sin%20categor\u00eda\/vestido-de-tirantes-con-cuello-redondo-estampado-de-medios-circulos-en-negro-y-gris-oscuro\/"},"modified":"2024-08-23T17:46:49","modified_gmt":"2024-08-23T15:46:49","slug":"vestido-de-tirantes-con-cuello-redondo-estampado-de-medios-circulos-en-negro-y-gris-oscuro","status":"publish","type":"product","link":"https:\/\/www.dharanastyle.com\/ca\/tienda\/vestido-mujer\/vestido-de-tirantes-con-cuello-redondo-estampado-de-medios-circulos-en-negro-y-gris-oscuro\/","title":{"rendered":"Vestit de Tirants amb Coll Rod\u00f3 \u2013 Estampat de Mitjans Cercles en Negre i Gris Fosc"},"content":{"rendered":"<p>Descobreix l&#039;eleg\u00e0ncia i la comoditat del nostre vestit de tirants amb coll rod\u00f3, confeccionat en una microfibra de suavitat inigualable. Aquest vestit presenta un sofisticat estampat fosc de mitjos cercles en tons negre i gris fosc, ideal per a qualsevol ocasi\u00f3. El disseny, lleuger i modern, s&#039;adapta perfectament a la teva figura, proporcionant un estil relaxat sense sacrificar la comoditat. Perfecte per al dia o la nit, aquest vestit \u00e9s lelecci\u00f3 ideal per als que busquen combinar suavitat i eleg\u00e0ncia en una sola pe\u00e7a. Fes-ho teu i gaudeix del seu confort i estil!<\/p>\n<p>\u2022 82% poli\u00e8ster, 18% elast\u00e0<br \/>\n\u2022 Pes del teixit: 230 g\/m\u00b2 (6,78 oz\/id\u00b2), el pes podria variar en un 5%<br \/>\n\u2022 Fabricat amb fil de microfibra suau i agradable al tacte<br \/>\n\u2022 Teixit que s&#039;estira en quatre adreces<\/p>","protected":false},"excerpt":{"rendered":"<p>Descubre la elegancia y comodidad de nuestro vestido de tirantes con cuello redondo, confeccionado en una microfibra de suavidad inigualable. Este vestido presenta un sofisticado estampado oscuro de medios c\u00edrculos&#8230;<\/p>","protected":false},"featured_media":10199,"comment_status":"open","ping_status":"closed","template":"","meta":{"jetpack_post_was_ever_published":false,"jetpack_publicize_message":"","jetpack_publicize_feature_enabled":true,"jetpack_social_post_already_shared":true,"jetpack_social_options":{"image_generator_settings":{"template":"highway","enabled":false},"version":2}},"product_cat":[187],"product_tag":[],"class_list":{"0":"post-10191","1":"product","2":"type-product","3":"status-publish","4":"has-post-thumbnail","6":"product_cat-vestido-mujer","8":"first","9":"instock","10":"taxable","11":"shipping-taxable","12":"purchasable","13":"product-type-variable"},"jetpack_publicize_connections":[],"aioseo_notices":[],"jetpack_sharing_enabled":true,"_links":{"self":[{"href":"https:\/\/www.dharanastyle.com\/ca\/wp-json\/wp\/v2\/product\/10191","targetHints":{"allow":["GET"]}}],"collection":[{"href":"https:\/\/www.dharanastyle.com\/ca\/wp-json\/wp\/v2\/product"}],"about":[{"href":"https:\/\/www.dharanastyle.com\/ca\/wp-json\/wp\/v2\/types\/product"}],"replies":[{"embeddable":true,"href":"https:\/\/www.dharanastyle.com\/ca\/wp-json\/wp\/v2\/comments?post=10191"}],"wp:featuredmedia":[{"embeddable":true,"href":"https:\/\/www.dharanastyle.com\/ca\/wp-json\/wp\/v2\/media\/10199"}],"wp:attachment":[{"href":"https:\/\/www.dharanastyle.com\/ca\/wp-json\/wp\/v2\/media?parent=10191"}],"wp:term":[{"taxonomy":"product_cat","embeddable":true,"href":"https:\/\/www.dharanastyle.com\/ca\/wp-json\/wp\/v2\/product_cat?post=10191"},{"taxonomy":"product_tag","embeddable":true,"href":"https:\/\/www.dharanastyle.com\/ca\/wp-json\/wp\/v2\/product_tag?post=10191"}],"curies":[{"name":"wp","href":"https:\/\/api.w.org\/{rel}","templated":true}]}}