{"id":10174,"date":"2024-08-18T21:31:46","date_gmt":"2024-08-18T19:31:46","guid":{"rendered":"https:\/\/dharanastyle.com\/tienda\/sin%20categor\u00eda\/leggings-capri-de-yoga-rosa-claro\/"},"modified":"2024-08-23T18:10:13","modified_gmt":"2024-08-23T16:10:13","slug":"leggings-capri-de-yoga-rosa-claro","status":"publish","type":"product","link":"https:\/\/www.dharanastyle.com\/ca\/tienda\/leggings\/leggings-capri\/leggings-capri-de-yoga-rosa-claro\/","title":{"rendered":"Leggings capri de ioga rosa clar"},"content":{"rendered":"<p>Descobreix els nostres leggings curts de ioga amb cintura alta, dissenyats per oferir un ajustament perfecte i una comoditat inigualable. Aquests leggings estan confeccionats en un teixit suau i el\u00e0stic que s&#039;adapta als teus moviments, assegurant llibertat i suport durant qualsevol activitat f\u00edsica. L&#039;elegant color rosa clar, combinat amb motius delicats de flors de cot\u00f3, afegeix un toc de feminitat i estil a la teva roba d&#039;entrenament. Ideals tant per a ioga com per a \u00fas diari, aquests leggings s\u00f3n l&#039;elecci\u00f3 perfecta per als que busquen funcionalitat i est\u00e8tica en una sola pe\u00e7a. \u00a1Millora la teva experi\u00e8ncia d&#039;entrenament amb els nostres leggings curts de cintura alta en rosa clar amb un disseny de flors de cot\u00f3!<\/p>\n<p>\u2022 82% poli\u00e8ster, 18% elast\u00e0<br \/>\n\u2022 Mitja panxell<br \/>\n\u2022 Tela el\u00e0stica en quatre direccions molt suau<br \/>\n\u2022 Cintura alta c\u00f2moda<br \/>\n\u2022 Costures planes i punt de cobertura<\/p>","protected":false},"excerpt":{"rendered":"<p>Descubre nuestros leggings cortos de yoga con cintura alta, dise\u00f1ados para ofrecer un ajuste perfecto y una comodidad inigualable. Estos leggings est\u00e1n confeccionados en un suave y el\u00e1stico tejido que&#8230;<\/p>","protected":false},"featured_media":10182,"comment_status":"open","ping_status":"closed","template":"","meta":{"jetpack_post_was_ever_published":false,"jetpack_publicize_message":"","jetpack_publicize_feature_enabled":true,"jetpack_social_post_already_shared":true,"jetpack_social_options":{"image_generator_settings":{"template":"highway","enabled":false},"version":2}},"product_cat":[15,175],"product_tag":[],"class_list":{"0":"post-10174","1":"product","2":"type-product","3":"status-publish","4":"has-post-thumbnail","6":"product_cat-conjuntos","7":"product_cat-leggings-capri","9":"first","10":"instock","11":"taxable","12":"shipping-taxable","13":"purchasable","14":"product-type-variable"},"jetpack_publicize_connections":[],"aioseo_notices":[],"jetpack_sharing_enabled":true,"_links":{"self":[{"href":"https:\/\/www.dharanastyle.com\/ca\/wp-json\/wp\/v2\/product\/10174","targetHints":{"allow":["GET"]}}],"collection":[{"href":"https:\/\/www.dharanastyle.com\/ca\/wp-json\/wp\/v2\/product"}],"about":[{"href":"https:\/\/www.dharanastyle.com\/ca\/wp-json\/wp\/v2\/types\/product"}],"replies":[{"embeddable":true,"href":"https:\/\/www.dharanastyle.com\/ca\/wp-json\/wp\/v2\/comments?post=10174"}],"wp:featuredmedia":[{"embeddable":true,"href":"https:\/\/www.dharanastyle.com\/ca\/wp-json\/wp\/v2\/media\/10182"}],"wp:attachment":[{"href":"https:\/\/www.dharanastyle.com\/ca\/wp-json\/wp\/v2\/media?parent=10174"}],"wp:term":[{"taxonomy":"product_cat","embeddable":true,"href":"https:\/\/www.dharanastyle.com\/ca\/wp-json\/wp\/v2\/product_cat?post=10174"},{"taxonomy":"product_tag","embeddable":true,"href":"https:\/\/www.dharanastyle.com\/ca\/wp-json\/wp\/v2\/product_tag?post=10174"}],"curies":[{"name":"wp","href":"https:\/\/api.w.org\/{rel}","templated":true}]}}