{"id":10156,"date":"2024-08-18T21:15:50","date_gmt":"2024-08-18T19:15:50","guid":{"rendered":"https:\/\/dharanastyle.com\/tienda\/sin%20categor\u00eda\/leggings-de-yoga-largos-en-gris-piedra-con-estampado-geometrico\/"},"modified":"2024-08-18T21:33:02","modified_gmt":"2024-08-18T19:33:02","slug":"leggings-de-yoga-largos-en-gris-piedra-con-estampado-geometrico","status":"publish","type":"product","link":"https:\/\/www.dharanastyle.com\/ca\/tienda\/leggings\/leggings-yoga-cintura-alta\/leggings-de-yoga-largos-en-gris-piedra-con-estampado-geometrico\/","title":{"rendered":"Leggings de Ioga Llargs a Gris Pedra amb Estampat Geom\u00e8tric."},"content":{"rendered":"<p>Trieu la comoditat i l&#039;estil amb els nostres leggings de ioga llargs en color gris pedra, decorats amb un elegant estampat geom\u00e8tric Dissenyats amb una cintura el\u00e0stica que no estreny, aquests leggings ofereixen un ajust perfecte sense comprometre la teva llibertat de moviment. suau, us brinden un tacte incre\u00efble que us acompanyar\u00e0 durant tot el dia. Ideals per a ioga, pilates o qualsevol activitat di\u00e0ria, combinen versatilitat i confort en un disseny modern i sofisticat. Fes-los teus i experimenta la difer\u00e8ncia!<\/p>\n<p>\u2022 82% poil\u00e9ster, 18% elast\u00e0<br \/>\n\u2022 El material s&#039;estira a les 4 direccions, \u00e9s a dir, la tela s&#039;estira i es recupera als fils de la trama i de l&#039;ordit<br \/>\n\u2022 Elaborats amb fil de microfibra suau i agradable al tacte<br \/>\n\u2022 Cintura alta<br \/>\n\u2022 Tall de precisi\u00f3 i cosit a m\u00e0 despr\u00e9s del proc\u00e9s d&#039;estampaci\u00f3<\/p>","protected":false},"excerpt":{"rendered":"<p>Elige la comodidad y el estilo con nuestros leggings de yoga largos en color gris piedra, decorados con un elegante estampado geom\u00e9trico. Dise\u00f1ados con una cintura el\u00e1stica que no aprieta,&#8230;<\/p>","protected":false},"featured_media":10164,"comment_status":"open","ping_status":"closed","template":"","meta":{"jetpack_post_was_ever_published":false,"jetpack_publicize_message":"","jetpack_publicize_feature_enabled":true,"jetpack_social_post_already_shared":true,"jetpack_social_options":{"image_generator_settings":{"template":"highway","enabled":false},"version":2}},"product_cat":[177],"product_tag":[],"class_list":{"0":"post-10156","1":"product","2":"type-product","3":"status-publish","4":"has-post-thumbnail","6":"product_cat-leggings-yoga-cintura-alta","8":"first","9":"instock","10":"taxable","11":"shipping-taxable","12":"purchasable","13":"product-type-variable"},"jetpack_publicize_connections":[],"aioseo_notices":[],"jetpack_sharing_enabled":true,"_links":{"self":[{"href":"https:\/\/www.dharanastyle.com\/ca\/wp-json\/wp\/v2\/product\/10156","targetHints":{"allow":["GET"]}}],"collection":[{"href":"https:\/\/www.dharanastyle.com\/ca\/wp-json\/wp\/v2\/product"}],"about":[{"href":"https:\/\/www.dharanastyle.com\/ca\/wp-json\/wp\/v2\/types\/product"}],"replies":[{"embeddable":true,"href":"https:\/\/www.dharanastyle.com\/ca\/wp-json\/wp\/v2\/comments?post=10156"}],"wp:featuredmedia":[{"embeddable":true,"href":"https:\/\/www.dharanastyle.com\/ca\/wp-json\/wp\/v2\/media\/10164"}],"wp:attachment":[{"href":"https:\/\/www.dharanastyle.com\/ca\/wp-json\/wp\/v2\/media?parent=10156"}],"wp:term":[{"taxonomy":"product_cat","embeddable":true,"href":"https:\/\/www.dharanastyle.com\/ca\/wp-json\/wp\/v2\/product_cat?post=10156"},{"taxonomy":"product_tag","embeddable":true,"href":"https:\/\/www.dharanastyle.com\/ca\/wp-json\/wp\/v2\/product_tag?post=10156"}],"curies":[{"name":"wp","href":"https:\/\/api.w.org\/{rel}","templated":true}]}}