{"id":10137,"date":"2024-08-18T21:12:31","date_gmt":"2024-08-18T19:12:31","guid":{"rendered":"https:\/\/dharanastyle.com\/tienda\/sin%20categor\u00eda\/leggings-de-yoga-largos-en-verde-jade-y-mosaico-geometrico\/"},"modified":"2024-08-18T21:20:40","modified_gmt":"2024-08-18T19:20:40","slug":"leggings-de-yoga-largos-en-verde-jade-y-mosaico-geometrico","status":"publish","type":"product","link":"https:\/\/www.dharanastyle.com\/ca\/tienda\/leggings\/leggings-yoga-cintura-alta\/leggings-de-yoga-largos-en-verde-jade-y-mosaico-geometrico\/","title":{"rendered":"Leggings de Ioga Llargs a Verd Jade i mosaic geom\u00e8tric."},"content":{"rendered":"<p>Descobreix els leggings de ioga llargs m\u00e9s c\u00f2modes i vers\u00e0tils, dissenyats amb una cintura el\u00e0stica que no estreny, garantint m\u00e0xima llibertat de moviment. Aquests leggings, en tons verd clar i verd jade, estan confeccionats amb microfibra d&#039;alta qualitat, brindant-te una suavitat inigualable i un tacte incre\u00efble sobre la pell. Perfectes per a qualsevol activitat, des de ioga fins a un dia casual, el disseny garanteix comoditat sense sacrificar estil. Fes aquests leggings la teva elecci\u00f3 di\u00e0ria i sent la difer\u00e8ncia en cada moviment. Compra ara i gaudeix del teu confort superior!<\/p>\n<p>\u2022 82% poil\u00e9ster, 18% elast\u00e0<br \/>\n\u2022 El material s&#039;estira a les 4 direccions, \u00e9s a dir, la tela s&#039;estira i es recupera als fils de la trama i de l&#039;ordit<br \/>\n\u2022 Elaborats amb fil de microfibra suau i agradable al tacte<br \/>\n\u2022 Cintura alta<br \/>\n\u2022 Tall de precisi\u00f3 i cosit a m\u00e0 despr\u00e9s del proc\u00e9s d&#039;estampaci\u00f3<\/p>","protected":false},"excerpt":{"rendered":"<p>Descubre los leggings de yoga largos m\u00e1s c\u00f3modos y vers\u00e1tiles, dise\u00f1ados con una cintura el\u00e1stica que no aprieta, garantizando m\u00e1xima libertad de movimiento. Estos leggings, en tonos verde claro y&#8230;<\/p>","protected":false},"featured_media":10145,"comment_status":"open","ping_status":"closed","template":"","meta":{"jetpack_post_was_ever_published":false,"jetpack_publicize_message":"","jetpack_publicize_feature_enabled":true,"jetpack_social_post_already_shared":true,"jetpack_social_options":{"image_generator_settings":{"template":"highway","enabled":false},"version":2}},"product_cat":[177],"product_tag":[],"class_list":{"0":"post-10137","1":"product","2":"type-product","3":"status-publish","4":"has-post-thumbnail","6":"product_cat-leggings-yoga-cintura-alta","8":"first","9":"instock","10":"taxable","11":"shipping-taxable","12":"purchasable","13":"product-type-variable"},"jetpack_publicize_connections":[],"aioseo_notices":[],"jetpack_sharing_enabled":true,"_links":{"self":[{"href":"https:\/\/www.dharanastyle.com\/ca\/wp-json\/wp\/v2\/product\/10137","targetHints":{"allow":["GET"]}}],"collection":[{"href":"https:\/\/www.dharanastyle.com\/ca\/wp-json\/wp\/v2\/product"}],"about":[{"href":"https:\/\/www.dharanastyle.com\/ca\/wp-json\/wp\/v2\/types\/product"}],"replies":[{"embeddable":true,"href":"https:\/\/www.dharanastyle.com\/ca\/wp-json\/wp\/v2\/comments?post=10137"}],"wp:featuredmedia":[{"embeddable":true,"href":"https:\/\/www.dharanastyle.com\/ca\/wp-json\/wp\/v2\/media\/10145"}],"wp:attachment":[{"href":"https:\/\/www.dharanastyle.com\/ca\/wp-json\/wp\/v2\/media?parent=10137"}],"wp:term":[{"taxonomy":"product_cat","embeddable":true,"href":"https:\/\/www.dharanastyle.com\/ca\/wp-json\/wp\/v2\/product_cat?post=10137"},{"taxonomy":"product_tag","embeddable":true,"href":"https:\/\/www.dharanastyle.com\/ca\/wp-json\/wp\/v2\/product_tag?post=10137"}],"curies":[{"name":"wp","href":"https:\/\/api.w.org\/{rel}","templated":true}]}}