{"id":10087,"date":"2024-07-24T17:44:18","date_gmt":"2024-07-24T15:44:18","guid":{"rendered":"https:\/\/dharanastyle.com\/tienda\/sin%20categor\u00eda\/leggings-cortos-de-yoga-con-cintura-alta-en-rosa-claro-y-motivos-de-flores-de-algodon\/"},"modified":"2024-11-28T19:09:04","modified_gmt":"2024-11-28T18:09:04","slug":"leggings-cortos-de-yoga-con-cintura-alta-en-rosa-claro-y-motivos-de-flores-de-algodon","status":"publish","type":"product","link":"https:\/\/www.dharanastyle.com\/ca\/tienda\/leggings\/leggings-shorts\/leggings-cortos-de-yoga-con-cintura-alta-en-rosa-claro-y-motivos-de-flores-de-algodon\/","title":{"rendered":"Leggings Curts de Ioga amb Cintura Alta a Rosa Claro i Motius de Flors de Cot\u00f3"},"content":{"rendered":"<p>Descobreix els nostres leggings curts de ioga amb cintura alta, dissenyats per oferir un ajustament perfecte i una comoditat inigualable. Aquests leggings estan confeccionats en un teixit suau i el\u00e0stic que s&#039;adapta als teus moviments, assegurant llibertat i suport durant qualsevol activitat f\u00edsica. L&#039;elegant color rosa clar, combinat amb motius delicats de flors de cot\u00f3, afegeix un toc de feminitat i estil a la teva roba d&#039;entrenament. Ideals tant per a ioga com per a \u00fas diari, aquests leggings s\u00f3n l&#039;elecci\u00f3 perfecta per als que busquen funcionalitat i est\u00e8tica en una sola pe\u00e7a. \u00a1Millora la teva experi\u00e8ncia d&#039;entrenament amb els nostres leggings curts de cintura alta en rosa clar amb un disseny de flors de cot\u00f3!<\/p>\n<p>\u2022 82% poli\u00e8ster, 18% elast\u00e0<br \/>\n\u2022 Tela el\u00e0stica en quatre direccions molt suau<br \/>\n\u2022 Cintura alta c\u00f2moda<br \/>\n\u2022 Costures planes i punt de cobertura<\/p>","protected":false},"excerpt":{"rendered":"<p>Leggings curts de ioga amb cintura alta de rosa clar i motius de flors de cot\u00f3. C\u00f2modes, suaus i el\u00e0stics, ideals per a qualsevol activitat f\u00edsica.<\/p>","protected":false},"featured_media":10099,"comment_status":"open","ping_status":"closed","template":"","meta":{"jetpack_post_was_ever_published":false,"jetpack_publicize_message":"","jetpack_publicize_feature_enabled":true,"jetpack_social_post_already_shared":true,"jetpack_social_options":{"image_generator_settings":{"template":"highway","enabled":false},"version":2}},"product_cat":[15,176],"product_tag":[],"class_list":{"0":"post-10087","1":"product","2":"type-product","3":"status-publish","4":"has-post-thumbnail","6":"product_cat-conjuntos","7":"product_cat-leggings-shorts","9":"first","10":"instock","11":"taxable","12":"shipping-taxable","13":"purchasable","14":"product-type-variable"},"jetpack_publicize_connections":[],"aioseo_notices":[],"jetpack_sharing_enabled":true,"_links":{"self":[{"href":"https:\/\/www.dharanastyle.com\/ca\/wp-json\/wp\/v2\/product\/10087","targetHints":{"allow":["GET"]}}],"collection":[{"href":"https:\/\/www.dharanastyle.com\/ca\/wp-json\/wp\/v2\/product"}],"about":[{"href":"https:\/\/www.dharanastyle.com\/ca\/wp-json\/wp\/v2\/types\/product"}],"replies":[{"embeddable":true,"href":"https:\/\/www.dharanastyle.com\/ca\/wp-json\/wp\/v2\/comments?post=10087"}],"wp:featuredmedia":[{"embeddable":true,"href":"https:\/\/www.dharanastyle.com\/ca\/wp-json\/wp\/v2\/media\/10099"}],"wp:attachment":[{"href":"https:\/\/www.dharanastyle.com\/ca\/wp-json\/wp\/v2\/media?parent=10087"}],"wp:term":[{"taxonomy":"product_cat","embeddable":true,"href":"https:\/\/www.dharanastyle.com\/ca\/wp-json\/wp\/v2\/product_cat?post=10087"},{"taxonomy":"product_tag","embeddable":true,"href":"https:\/\/www.dharanastyle.com\/ca\/wp-json\/wp\/v2\/product_tag?post=10087"}],"curies":[{"name":"wp","href":"https:\/\/api.w.org\/{rel}","templated":true}]}}