{"id":10075,"date":"2024-07-24T17:33:11","date_gmt":"2024-07-24T15:33:11","guid":{"rendered":"https:\/\/dharanastyle.com\/tienda\/sin%20categor\u00eda\/leggings-cortos-de-yoga-con-cintura-alta-en-turquesa-claro-y-motivos-de-flores-de-algodon\/"},"modified":"2024-07-24T17:40:00","modified_gmt":"2024-07-24T15:40:00","slug":"leggings-cortos-de-yoga-con-cintura-alta-en-turquesa-claro-y-motivos-de-flores-de-algodon","status":"publish","type":"product","link":"https:\/\/www.dharanastyle.com\/ca\/tienda\/leggings\/leggings-shorts\/leggings-cortos-de-yoga-con-cintura-alta-en-turquesa-claro-y-motivos-de-flores-de-algodon\/","title":{"rendered":"Leggings Curts de Ioga amb Cintura Alta a Turquesa Clar i Motius de Flors de Cot\u00f3"},"content":{"rendered":"<p>Descobreix els nostres leggings curts de ioga amb cintura alta, dissenyats per oferir comoditat, suavitat i una elasticitat superior. Confeccionats en un atractiu color turquesa clar i adornats amb delicats motius de flors de cot\u00f3, aquests leggings combinen estil i funcionalitat. Ideals per a qualsevol activitat f\u00edsica o per a \u00fas diari, brinden un ajustament perfecte i s&#039;adapten als teus moviments amb facilitat. Afegeix un toc de frescor i eleg\u00e0ncia al teu guarda-roba de ioga amb els nostres leggings curts de cintura alta, perfectes per destacar als teus entrenaments.<\/p>\n<p>\u2022 82% poli\u00e8ster, 18% elast\u00e0<br \/>\n\u2022 Tela el\u00e0stica en quatre direccions molt suau<br \/>\n\u2022 Cintura alta c\u00f2moda<br \/>\n\u2022 Costures planes i punt de cobertura<br \/>\n\u2022 Components del producte base als EUA i M\u00e8xic procedents de la Xina<br \/>\n\u2022 Components del producte base a la UE procedents de la Xina i Litu\u00e0nia<\/p>","protected":false},"excerpt":{"rendered":"<p>Leggings curts de ioga amb cintura alta en turquesa clar i motius de flors de cot\u00f3. Suaus, c\u00f2modes i el\u00e0stics, perfectes per a qualsevol activitat.<\/p>","protected":false},"featured_media":10083,"comment_status":"open","ping_status":"closed","template":"","meta":{"jetpack_post_was_ever_published":false,"jetpack_publicize_message":"","jetpack_publicize_feature_enabled":true,"jetpack_social_post_already_shared":true,"jetpack_social_options":{"image_generator_settings":{"template":"highway","enabled":false},"version":2}},"product_cat":[15,176],"product_tag":[],"class_list":{"0":"post-10075","1":"product","2":"type-product","3":"status-publish","4":"has-post-thumbnail","6":"product_cat-conjuntos","7":"product_cat-leggings-shorts","9":"first","10":"instock","11":"taxable","12":"shipping-taxable","13":"purchasable","14":"product-type-variable"},"jetpack_publicize_connections":[],"aioseo_notices":[],"jetpack_sharing_enabled":true,"_links":{"self":[{"href":"https:\/\/www.dharanastyle.com\/ca\/wp-json\/wp\/v2\/product\/10075","targetHints":{"allow":["GET"]}}],"collection":[{"href":"https:\/\/www.dharanastyle.com\/ca\/wp-json\/wp\/v2\/product"}],"about":[{"href":"https:\/\/www.dharanastyle.com\/ca\/wp-json\/wp\/v2\/types\/product"}],"replies":[{"embeddable":true,"href":"https:\/\/www.dharanastyle.com\/ca\/wp-json\/wp\/v2\/comments?post=10075"}],"wp:featuredmedia":[{"embeddable":true,"href":"https:\/\/www.dharanastyle.com\/ca\/wp-json\/wp\/v2\/media\/10083"}],"wp:attachment":[{"href":"https:\/\/www.dharanastyle.com\/ca\/wp-json\/wp\/v2\/media?parent=10075"}],"wp:term":[{"taxonomy":"product_cat","embeddable":true,"href":"https:\/\/www.dharanastyle.com\/ca\/wp-json\/wp\/v2\/product_cat?post=10075"},{"taxonomy":"product_tag","embeddable":true,"href":"https:\/\/www.dharanastyle.com\/ca\/wp-json\/wp\/v2\/product_tag?post=10075"}],"curies":[{"name":"wp","href":"https:\/\/api.w.org\/{rel}","templated":true}]}}