{"id":10037,"date":"2024-07-23T17:53:48","date_gmt":"2024-07-23T15:53:48","guid":{"rendered":"https:\/\/dharanastyle.com\/tienda\/sin%20categor\u00eda\/crop-top-de-tirantes-con-cuello-redondo-estampado-de-flores-de-olivo\/"},"modified":"2024-07-24T17:35:04","modified_gmt":"2024-07-24T15:35:04","slug":"crop-top-de-tirantes-con-cuello-redondo-estampado-de-flores-de-olivo","status":"publish","type":"product","link":"https:\/\/www.dharanastyle.com\/ca\/tienda\/tops-cortos-elasticos\/crop-top-de-tirantes-con-cuello-redondo-estampado-de-flores-de-olivo\/","title":{"rendered":"Crop Top de Tirants amb Coll Rod\u00f3. Estampat de Flors de Cot\u00f3"},"content":{"rendered":"<p>Descobreix el nostre crop top de tirants amb coll rod\u00f3, dissenyat per oferir la m\u00e0xima comoditat i estil. color turquesa amb motius de flors de cot\u00f3 afegeix un toc de frescor i originalitat al teu vestit Ideal per a qualsevol ocasi\u00f3, aquest crop top combina funcionalitat i disseny, convertint-se en una pe\u00e7a essencial per al teu armari. Afegeix eleg\u00e0ncia i comoditat a la teva col\u00b7lecci\u00f3 amb el nostre crop top de tirants amb estampat de flors d&#039;olivera!<br \/>\n\u2022 82% poli\u00e8ster, 18% elast\u00e0<br \/>\n\u2022 Pes del teixit: 230 g\/m\u00b2 (6,78 oz\/id\u00b2) (El pes podria variar en un 5%)<br \/>\n\u2022 El material s&#039;estira a les 4 direccions, \u00e9s a dir, la tela s&#039;estira i es recupera als fils de la trama i de l&#039;ordit.<br \/>\n\u2022 Fabricat amb fil de microfibra suau i agradable al tacte<br \/>\n\u2022 Ajust entallat<br \/>\n\u2022 Tall de precisi\u00f3 i cosit a m\u00e0 despr\u00e9s del proc\u00e9s d&#039;estampaci\u00f3<\/p>","protected":false},"excerpt":{"rendered":"<p>Descubre nuestro crop top de tirantes con cuello redondo, dise\u00f1ado para ofrecer la m\u00e1xima comodidad y estilo. Este crop top es muy el\u00e1stico y est\u00e1 confeccionado con hilo de microfibra&#8230;<\/p>","protected":false},"featured_media":10045,"comment_status":"open","ping_status":"closed","template":"","meta":{"jetpack_post_was_ever_published":false,"jetpack_publicize_message":"","jetpack_publicize_feature_enabled":true,"jetpack_social_post_already_shared":true,"jetpack_social_options":{"image_generator_settings":{"template":"highway","enabled":false},"version":2}},"product_cat":[235],"product_tag":[],"class_list":{"0":"post-10037","1":"product","2":"type-product","3":"status-publish","4":"has-post-thumbnail","6":"product_cat-tops-cortos-elasticos","8":"first","9":"instock","10":"taxable","11":"shipping-taxable","12":"purchasable","13":"product-type-variable"},"jetpack_publicize_connections":[],"aioseo_notices":[],"jetpack_sharing_enabled":true,"_links":{"self":[{"href":"https:\/\/www.dharanastyle.com\/ca\/wp-json\/wp\/v2\/product\/10037","targetHints":{"allow":["GET"]}}],"collection":[{"href":"https:\/\/www.dharanastyle.com\/ca\/wp-json\/wp\/v2\/product"}],"about":[{"href":"https:\/\/www.dharanastyle.com\/ca\/wp-json\/wp\/v2\/types\/product"}],"replies":[{"embeddable":true,"href":"https:\/\/www.dharanastyle.com\/ca\/wp-json\/wp\/v2\/comments?post=10037"}],"wp:featuredmedia":[{"embeddable":true,"href":"https:\/\/www.dharanastyle.com\/ca\/wp-json\/wp\/v2\/media\/10045"}],"wp:attachment":[{"href":"https:\/\/www.dharanastyle.com\/ca\/wp-json\/wp\/v2\/media?parent=10037"}],"wp:term":[{"taxonomy":"product_cat","embeddable":true,"href":"https:\/\/www.dharanastyle.com\/ca\/wp-json\/wp\/v2\/product_cat?post=10037"},{"taxonomy":"product_tag","embeddable":true,"href":"https:\/\/www.dharanastyle.com\/ca\/wp-json\/wp\/v2\/product_tag?post=10037"}],"curies":[{"name":"wp","href":"https:\/\/api.w.org\/{rel}","templated":true}]}}