{"id":3493,"date":"2024-01-29T19:04:31","date_gmt":"2024-01-29T18:04:31","guid":{"rendered":"https:\/\/dharanastyle.com\/?page_id=3493"},"modified":"2024-04-01T23:08:14","modified_gmt":"2024-04-01T21:08:14","slug":"blog-dharana","status":"publish","type":"page","link":"https:\/\/www.dharanastyle.com\/ca\/blog-dharana\/","title":{"rendered":"Blog Dharana"},"content":{"rendered":"<div id=\"fws_69fc8adaad1e6\"  data-column-margin=\"default\" data-midnight=\"dark\" data-top-percent=\"6%\" data-bottom-percent=\"6%\"  class=\"wpb_row vc_row-fluid vc_row full-width-section\"  style=\"padding-top: calc(100vw * 0.06); padding-bottom: calc(100vw * 0.06); \"><div class=\"row-bg-wrap\" data-bg-animation=\"none\" data-bg-animation-delay=\"\" data-bg-overlay=\"false\"><div class=\"inner-wrap row-bg-layer\" ><div class=\"row-bg viewport-desktop\"  style=\"\"><\/div><\/div><\/div><div class=\"row_col_wrap_12 col span_12 dark left\">\n\t<div  class=\"vc_col-sm-12 wpb_column column_container vc_column_container col no-extra-padding inherit_tablet inherit_phone\"  data-padding-pos=\"all\" data-has-bg-color=\"false\" data-bg-color=\"\" data-bg-opacity=\"1\" data-animation=\"\" data-delay=\"0\" >\n\t\t<div class=\"vc_column-inner\" >\n\t\t\t<div class=\"wpb_wrapper\">\n\t\t\t\t\n<div class=\"row\">\n\n <div class=\"post-area col  span_12 col_last masonry material\" data-ams=\"\" data-remove-post-date=\"\" data-remove-post-author=\"\" data-remove-post-comment-number=\"\" data-remove-post-nectar-love=\"\"> <div class=\"posts-container\" data-load-animation=\"fade_in_from_bottom\">     \n     \n<article id=\"post-3575\" class=\"masonry-blog-item post-3575 post type-post status-publish format-standard has-post-thumbnail category-aprendiendo-a-vivir tag-armonia tag-energia tag-espiritu tag-kapalabhati-pranayama tag-legging tag-leggings tag-namaste tag-pranayama tag-respiracion-yoga tag-ujjayi-pranayama tag-yoga\">  \n    \n  <div class=\"inner-wrap animated\">\n    \n    <div class=\"post-content\">\n\n      <div class=\"content-inner\">\n        \n        <a class=\"entire-meta-link\" href=\"https:\/\/www.dharanastyle.com\/ca\/explorando-la-respiracion-consciente-en-el-yoga\/\"><span class=\"screen-reader-text\">Explorant la Respiraci\u00f3 Conscient al Ioga<\/span><\/a>\n        \n        <span class=\"post-featured-img\"><img loading=\"lazy\" decoding=\"async\" width=\"683\" height=\"1024\" src=\"https:\/\/www.dharanastyle.com\/wp-content\/uploads\/2024\/01\/studio-shot-young-fit-woman-doing-yoga-exercises-green-space-683x1024.jpg\" class=\"attachment-large size-large skip-lazy wp-post-image\" alt=\"\" title=\"\" sizes=\"auto, (min-width: 1600px) 20vw, (min-width: 1300px) 25vw, (min-width: 1000px) 33.3vw, (min-width: 690px) 50vw, 100vw\" srcset=\"https:\/\/www.dharanastyle.com\/wp-content\/uploads\/2024\/01\/studio-shot-young-fit-woman-doing-yoga-exercises-green-space-683x1024.jpg 683w, https:\/\/www.dharanastyle.com\/wp-content\/uploads\/2024\/01\/studio-shot-young-fit-woman-doing-yoga-exercises-green-space-200x300.jpg 200w, https:\/\/www.dharanastyle.com\/wp-content\/uploads\/2024\/01\/studio-shot-young-fit-woman-doing-yoga-exercises-green-space-768x1152.jpg 768w, https:\/\/www.dharanastyle.com\/wp-content\/uploads\/2024\/01\/studio-shot-young-fit-woman-doing-yoga-exercises-green-space-1024x1536.jpg 1024w, https:\/\/www.dharanastyle.com\/wp-content\/uploads\/2024\/01\/studio-shot-young-fit-woman-doing-yoga-exercises-green-space-1365x2048.jpg 1365w, https:\/\/www.dharanastyle.com\/wp-content\/uploads\/2024\/01\/studio-shot-young-fit-woman-doing-yoga-exercises-green-space-scaled.jpg 1707w\" \/><\/span><span class=\"meta-category\"><a class=\"aprendiendo-a-vivir\" href=\"https:\/\/www.dharanastyle.com\/ca\/category\/aprendiendo-a-vivir\/\">Aprenent a viure<\/a><\/span>        \n        <div class=\"article-content-wrap\">\n          \n          <div class=\"post-header\">\n            <h3 class=\"title\"><a href=\"https:\/\/www.dharanastyle.com\/ca\/explorando-la-respiracion-consciente-en-el-yoga\/\"> Explorant la Respiraci\u00f3 Conscient al Ioga<\/a><\/h3>\n          <\/div>\n          \n          <div class=\"excerpt\">Explora la importancia de la respiraci\u00f3n consciente en el yoga y los diferentes tipos que&hellip;<\/div><div class=\"grav-wrap\"><a href=\"https:\/\/www.dharanastyle.com\/ca\/author\/gemma-sensada-correas\/\"><img alt='Gemma' src='https:\/\/secure.gravatar.com\/avatar\/f2aca088fbe016c68c179fbafdd7d7d88753a15451ca37026ac6bdbd94f31996?s=70&#038;d=mm&#038;r=g' srcset='https:\/\/secure.gravatar.com\/avatar\/f2aca088fbe016c68c179fbafdd7d7d88753a15451ca37026ac6bdbd94f31996?s=140&#038;d=mm&#038;r=g 2x' class='avatar avatar-70 photo' height='70' width='70' \/><\/a><div class=\"text\"><a href=\"https:\/\/www.dharanastyle.com\/ca\/author\/gemma-sensada-correas\/\" rel=\"author\">Gemma<\/a><span>31 de gener de 2024<\/span><\/div><\/div>\n        <\/div><!--article-content-wrap-->\n        \n      <\/div><!--\/content-inner-->\n        \n    <\/div><!--\/post-content-->\n      \n  <\/div><!--\/inner-wrap-->\n    \n<\/article>     \n     \n<article id=\"post-1\" class=\"masonry-blog-item post-1 post type-post status-publish format-standard has-post-thumbnail category-aprendiendo-a-vivir tag-armonia tag-chakras tag-energia tag-equilibrio tag-espiritu tag-experimentar tag-posturas tag-respiracion tag-sabiduria tag-yoga\">  \n    \n  <div class=\"inner-wrap animated\">\n    \n    <div class=\"post-content\">\n\n      <div class=\"content-inner\">\n        \n        <a class=\"entire-meta-link\" href=\"https:\/\/www.dharanastyle.com\/ca\/chakras-importancia-en-practica-de-yoga\/\"><span class=\"screen-reader-text\">Els txakres, relaci\u00f3 amb el ioga<\/span><\/a>\n        \n        <span class=\"post-featured-img\"><img loading=\"lazy\" decoding=\"async\" width=\"1024\" height=\"1024\" src=\"https:\/\/www.dharanastyle.com\/wp-content\/uploads\/2024\/01\/chakra1-1024x1024.webp\" class=\"attachment-large size-large skip-lazy wp-post-image\" alt=\"\" title=\"\" sizes=\"auto, (min-width: 1600px) 20vw, (min-width: 1300px) 25vw, (min-width: 1000px) 33.3vw, (min-width: 690px) 50vw, 100vw\" srcset=\"https:\/\/www.dharanastyle.com\/wp-content\/uploads\/2024\/01\/chakra1-1024x1024.webp 1024w, https:\/\/www.dharanastyle.com\/wp-content\/uploads\/2024\/01\/chakra1-300x300.webp 300w, https:\/\/www.dharanastyle.com\/wp-content\/uploads\/2024\/01\/chakra1-150x150.webp 150w, https:\/\/www.dharanastyle.com\/wp-content\/uploads\/2024\/01\/chakra1-768x768.webp 768w, https:\/\/www.dharanastyle.com\/wp-content\/uploads\/2024\/01\/chakra1-1536x1536.webp 1536w, https:\/\/www.dharanastyle.com\/wp-content\/uploads\/2024\/01\/chakra1-140x140.webp 140w, https:\/\/www.dharanastyle.com\/wp-content\/uploads\/2024\/01\/chakra1-100x100.webp 100w, https:\/\/www.dharanastyle.com\/wp-content\/uploads\/2024\/01\/chakra1-500x500.webp 500w, https:\/\/www.dharanastyle.com\/wp-content\/uploads\/2024\/01\/chakra1-350x350.webp 350w, https:\/\/www.dharanastyle.com\/wp-content\/uploads\/2024\/01\/chakra1-1000x1000.webp 1000w, https:\/\/www.dharanastyle.com\/wp-content\/uploads\/2024\/01\/chakra1-800x800.webp 800w, https:\/\/www.dharanastyle.com\/wp-content\/uploads\/2024\/01\/chakra1.webp 2000w\" \/><\/span><span class=\"meta-category\"><a class=\"aprendiendo-a-vivir\" href=\"https:\/\/www.dharanastyle.com\/ca\/category\/aprendiendo-a-vivir\/\">Aprenent a viure<\/a><\/span>        \n        <div class=\"article-content-wrap\">\n          \n          <div class=\"post-header\">\n            <h3 class=\"title\"><a href=\"https:\/\/www.dharanastyle.com\/ca\/chakras-importancia-en-practica-de-yoga\/\"> Els txakres, relaci\u00f3 amb el ioga<\/a><\/h3>\n          <\/div>\n          \n          <div class=\"excerpt\">Los chakras afectan nuestro bienestar y c\u00f3mo la pr\u00e1ctica del yoga ayuda a equilibrarlos. Presenta&hellip;<\/div><div class=\"grav-wrap\"><a href=\"https:\/\/www.dharanastyle.com\/ca\/author\/gemma-sensada-correas\/\"><img alt='Gemma' src='https:\/\/secure.gravatar.com\/avatar\/f2aca088fbe016c68c179fbafdd7d7d88753a15451ca37026ac6bdbd94f31996?s=70&#038;d=mm&#038;r=g' srcset='https:\/\/secure.gravatar.com\/avatar\/f2aca088fbe016c68c179fbafdd7d7d88753a15451ca37026ac6bdbd94f31996?s=140&#038;d=mm&#038;r=g 2x' class='avatar avatar-70 photo' height='70' width='70' \/><\/a><div class=\"text\"><a href=\"https:\/\/www.dharanastyle.com\/ca\/author\/gemma-sensada-correas\/\" rel=\"author\">Gemma<\/a><span>2 de gener de 2024<\/span><\/div><\/div>\n        <\/div><!--article-content-wrap-->\n        \n      <\/div><!--\/content-inner-->\n        \n    <\/div><!--\/post-content-->\n      \n  <\/div><!--\/inner-wrap-->\n    \n<\/article>    \n    <\/div><!--\/posts container-->\n    \n      \n<\/div><!--\/post area-->\n\n  \n\n<\/div>\n\n\n\t\t\t<\/div> \n\t\t<\/div>\n\t<\/div> \n<\/div><\/div>","protected":false},"excerpt":{"rendered":"Despertando la Energ\u00eda Interior y el Equilibrio Espiritual Este art\u00edculo explora la profunda importancia de los chakras en la pr\u00e1ctica de yoga, destacando c\u00f3mo trabajar con ellos puede transformar nuestra...","protected":false},"author":1,"featured_media":0,"parent":0,"menu_order":0,"comment_status":"closed","ping_status":"closed","template":"","meta":{"jetpack_post_was_ever_published":false,"footnotes":""},"class_list":["post-3493","page","type-page","status-publish"],"aioseo_notices":[],"jetpack_sharing_enabled":true,"_links":{"self":[{"href":"https:\/\/www.dharanastyle.com\/ca\/wp-json\/wp\/v2\/pages\/3493","targetHints":{"allow":["GET"]}}],"collection":[{"href":"https:\/\/www.dharanastyle.com\/ca\/wp-json\/wp\/v2\/pages"}],"about":[{"href":"https:\/\/www.dharanastyle.com\/ca\/wp-json\/wp\/v2\/types\/page"}],"author":[{"embeddable":true,"href":"https:\/\/www.dharanastyle.com\/ca\/wp-json\/wp\/v2\/users\/1"}],"replies":[{"embeddable":true,"href":"https:\/\/www.dharanastyle.com\/ca\/wp-json\/wp\/v2\/comments?post=3493"}],"version-history":[{"count":0,"href":"https:\/\/www.dharanastyle.com\/ca\/wp-json\/wp\/v2\/pages\/3493\/revisions"}],"wp:attachment":[{"href":"https:\/\/www.dharanastyle.com\/ca\/wp-json\/wp\/v2\/media?parent=3493"}],"curies":[{"name":"wp","href":"https:\/\/api.w.org\/{rel}","templated":true}]}}